{"id":9061,"date":"2021-04-17T10:22:42","date_gmt":"2021-04-17T08:22:42","guid":{"rendered":"http:\/\/stage.annamariamartinolli.it\/?post_type=product&#038;p=9061"},"modified":"2021-04-17T10:59:31","modified_gmt":"2021-04-17T08:59:31","slug":"due-galli-per-una-gallina","status":"publish","type":"product","link":"https:\/\/stage.annamariamartinolli.it\/fr\/librairie\/scenarios\/georges-feydeau-fr\/due-galli-per-una-gallina\/","title":{"rendered":"Due galli per una gallina"},"content":{"rendered":"<p>Com\u00e9die en un acte, cinq personnages: trois hommes, une femme et un enfant. Pour toute repr\u00e9sentation, veuillez contacter l\u2019auteur au moins trois \u00e0 quatre mois \u00e0 l\u2019avance car les \u0153uvres sont prot\u00e9g\u00e9es par la Soci\u00e9t\u00e9 Italienne des Auteurs et \u00c9diteurs. <strong>Le sc\u00e9nario est en langue italienne<\/strong>.<\/p>\n<div  class='avia-button-wrap av-2xoi0b-6f6641039b5e8f4606fbc1ab8954afc9-wrap avia-button-left  avia-builder-el-0  avia-builder-el-no-sibling '><a href='http:\/\/stage.annamariamartinolli.it\/fr\/catalogue\/demandes\/'  class='avia-button av-2xoi0b-6f6641039b5e8f4606fbc1ab8954afc9 av-link-btn avia-icon_select-yes-left-icon avia-size-large avia-position-left avia-color-theme-color'   aria-label=\"Contactez-moi\"><span class='avia_button_icon avia_button_icon_left avia-iconfont avia-font-entypo-fontello' data-av_icon='\ue836' data-av_iconfont='entypo-fontello' ><\/span><span class='avia_iconbox_title' >Contactez-moi<\/span><\/a><\/div>\n","protected":false},"excerpt":{"rendered":"<p>Une riche comtesse am\u00e9ricaine re\u00e7oit une demande en mariage de deux hommes diff\u00e9rents, et les deux se d\u00e9fient en duel. Le vainqueur, heureux d&#8217;obtenir ce qu&#8217;il esp\u00e9rait, change d&#8217;avis lorsqu&#8217;il d\u00e9couvre que la comtesse est une femme de petite vertu qui, en plus d&#8217;avoir eu de nombreuses liaisons, a donn\u00e9 naissance \u00e0 un enfant. Lorsque le pr\u00e9tendant vaincu revient chez la comtesse, celle-ci, d\u00e9sormais abandonn\u00e9e par l&#8217;autre, r\u00e9ussit, avec une excuse, \u00e0 le convaincre de l&#8217;\u00e9pouser.<\/p>\n[av_toggle_container initial='0' mode='accordion' sort='' styling='' colors='' font_color='' background_color='' border_color='' colors_current='' font_color_current='' background_current='' background_color_current='' background_gradient_current_color1='' background_gradient_current_color2='' background_gradient_current_direction='vertical' hover_colors='' hover_background_color='' hover_font_color='' alb_description='' id='' custom_class='' av_uid='']<br \/>\n[av_toggle title='Formulaire de demande pour un sc\u00e9nario de th\u00e9\u00e2tre traduit en langue italienne' tags='' custom_id='']<br \/>\n[gravityform id=\"4\" title=\"false\" description=\"false\" ajax=\"true\"]<br \/>\n[\/av_toggle]<\/p>\n<p>[\/av_toggle_container]\n","protected":false},"featured_media":2780,"comment_status":"open","ping_status":"closed","template":"","meta":[],"product_brand":[],"product_cat":[174,128],"product_tag":[146],"class_list":{"0":"post-9061","1":"product","2":"type-product","3":"status-publish","4":"has-post-thumbnail","6":"product_cat-georges-feydeau-fr","7":"product_cat-scenarios","8":"product_tag-georges-feydeau-fr","10":"first","11":"instock","12":"virtual","13":"product-type-simple"},"_links":{"self":[{"href":"https:\/\/stage.annamariamartinolli.it\/fr\/wp-json\/wp\/v2\/product\/9061","targetHints":{"allow":["GET"]}}],"collection":[{"href":"https:\/\/stage.annamariamartinolli.it\/fr\/wp-json\/wp\/v2\/product"}],"about":[{"href":"https:\/\/stage.annamariamartinolli.it\/fr\/wp-json\/wp\/v2\/types\/product"}],"replies":[{"embeddable":true,"href":"https:\/\/stage.annamariamartinolli.it\/fr\/wp-json\/wp\/v2\/comments?post=9061"}],"wp:featuredmedia":[{"embeddable":true,"href":"https:\/\/stage.annamariamartinolli.it\/fr\/wp-json\/wp\/v2\/media\/2780"}],"wp:attachment":[{"href":"https:\/\/stage.annamariamartinolli.it\/fr\/wp-json\/wp\/v2\/media?parent=9061"}],"wp:term":[{"taxonomy":"product_brand","embeddable":true,"href":"https:\/\/stage.annamariamartinolli.it\/fr\/wp-json\/wp\/v2\/product_brand?post=9061"},{"taxonomy":"product_cat","embeddable":true,"href":"https:\/\/stage.annamariamartinolli.it\/fr\/wp-json\/wp\/v2\/product_cat?post=9061"},{"taxonomy":"product_tag","embeddable":true,"href":"https:\/\/stage.annamariamartinolli.it\/fr\/wp-json\/wp\/v2\/product_tag?post=9061"}],"curies":[{"name":"wp","href":"https:\/\/api.w.org\/{rel}","templated":true}]}}