{"id":8713,"date":"2020-12-18T16:36:42","date_gmt":"2020-12-18T15:36:43","guid":{"rendered":"http:\/\/stage.annamariamartinolli.it\/?post_type=product&#038;p=8713"},"modified":"2020-12-18T18:31:43","modified_gmt":"2020-12-18T17:31:43","slug":"il-romanzo-di-cappuccetto-rosso","status":"publish","type":"product","link":"https:\/\/stage.annamariamartinolli.it\/fr\/librairie\/scenarios\/il-romanzo-di-cappuccetto-rosso\/","title":{"rendered":"Il romanzo di Cappuccetto Rosso"},"content":{"rendered":"<p>Com\u00e9die en un acte, sept personnages : cinq hommes et deux femmes. Pour toute repr\u00e9sentation, veuillez contacter l\u2019auteur au moins trois \u00e0 quatre mois \u00e0 l\u2019avance car les \u0153uvres sont prot\u00e9g\u00e9es par la Soci\u00e9t\u00e9 Italienne des Auteurs et \u00c9diteurs. <strong>Le sc\u00e9nario est en langue italienne<\/strong>.<\/p>\n<div  class='avia-button-wrap av-2xoi0b-65d42e1317232d96645ed2edf39486f3-wrap avia-button-left  avia-builder-el-0  avia-builder-el-no-sibling '><a href='http:\/\/stage.annamariamartinolli.it\/wp-content\/uploads\/2020\/12\/cappuccetto.pdf'  class='avia-button av-2xoi0b-65d42e1317232d96645ed2edf39486f3 av-link-btn avia-icon_select-yes-left-icon avia-size-large avia-position-left avia-color-theme-color'   aria-label=\"T\u00e9l\u00e9charger PDF\"><span class='avia_button_icon avia_button_icon_left avia-iconfont avia-font-entypo-fontello' data-av_icon='\ue836' data-av_iconfont='entypo-fontello' ><\/span><span class='avia_iconbox_title' >T\u00e9l\u00e9charger PDF<\/span><\/a><\/div>\n","protected":false},"excerpt":{"rendered":"<p>Le Petit Chaperon rouge risque de se retrouver dans la gueule du loup pour la \u00e9ni\u00e8me fois. En traversant les bois, elle rencontre une s\u00e9rie de personnages extravagants, destin\u00e9s \u00e0 l&#8217;aimer et \u00e0 la ha\u00efr, qui l&#8217;accompagneront sur le chemin de la maison de sa grand-m\u00e8re.<br \/>\nAlphonse Daudet revisite le c\u00e9l\u00e8bre conte de f\u00e9es avec une subtile ironie dans un texte jamais jou\u00e9 qui implique \u00e9galement un personnage de Hamlet de Shakespeare. [av_toggle_container initial='0' mode='accordion' sort='' styling='' colors='' font_color='' background_color='' border_color='' colors_current='' font_color_current='' background_current='' background_color_current='' background_gradient_current_color1='' background_gradient_current_color2='' background_gradient_current_direction='vertical' hover_colors='' hover_background_color='' hover_font_color='' alb_description='' id='' custom_class='' av_uid=''] [av_toggle title='Formulaire de demande pour un sc\u00e9nario de th\u00e9\u00e2tre traduit en langue italienne' tags='' custom_id=''] [gravityform id=\"4\" title=\"false\" description=\"false\" ajax=\"true\"] [\/av_toggle] [\/av_toggle_container]<\/p>\n","protected":false},"featured_media":8702,"comment_status":"open","ping_status":"closed","template":"","meta":[],"product_brand":[],"product_cat":[449,128],"product_tag":[450,451],"class_list":{"0":"post-8713","1":"product","2":"type-product","3":"status-publish","4":"has-post-thumbnail","6":"product_cat-alphonse-daudet-fr","7":"product_cat-scenarios","8":"product_tag-alphonse-daudet-fr","9":"product_tag-cappuccetto-rosso-fr","11":"first","12":"instock","13":"virtual","14":"product-type-simple"},"_links":{"self":[{"href":"https:\/\/stage.annamariamartinolli.it\/fr\/wp-json\/wp\/v2\/product\/8713","targetHints":{"allow":["GET"]}}],"collection":[{"href":"https:\/\/stage.annamariamartinolli.it\/fr\/wp-json\/wp\/v2\/product"}],"about":[{"href":"https:\/\/stage.annamariamartinolli.it\/fr\/wp-json\/wp\/v2\/types\/product"}],"replies":[{"embeddable":true,"href":"https:\/\/stage.annamariamartinolli.it\/fr\/wp-json\/wp\/v2\/comments?post=8713"}],"wp:featuredmedia":[{"embeddable":true,"href":"https:\/\/stage.annamariamartinolli.it\/fr\/wp-json\/wp\/v2\/media\/8702"}],"wp:attachment":[{"href":"https:\/\/stage.annamariamartinolli.it\/fr\/wp-json\/wp\/v2\/media?parent=8713"}],"wp:term":[{"taxonomy":"product_brand","embeddable":true,"href":"https:\/\/stage.annamariamartinolli.it\/fr\/wp-json\/wp\/v2\/product_brand?post=8713"},{"taxonomy":"product_cat","embeddable":true,"href":"https:\/\/stage.annamariamartinolli.it\/fr\/wp-json\/wp\/v2\/product_cat?post=8713"},{"taxonomy":"product_tag","embeddable":true,"href":"https:\/\/stage.annamariamartinolli.it\/fr\/wp-json\/wp\/v2\/product_tag?post=8713"}],"curies":[{"name":"wp","href":"https:\/\/api.w.org\/{rel}","templated":true}]}}