{"id":8547,"date":"2020-11-24T15:49:53","date_gmt":"2020-11-24T14:49:53","guid":{"rendered":"http:\/\/stage.annamariamartinolli.it\/?post_type=product&#038;p=8547"},"modified":"2020-11-24T16:34:51","modified_gmt":"2020-11-24T15:34:51","slug":"strip-poker","status":"publish","type":"product","link":"https:\/\/stage.annamariamartinolli.it\/fr\/librairie\/scenarios\/jean-pierre-martinez-fr\/strip-poker\/","title":{"rendered":"Strip-Poker"},"content":{"rendered":"<p>Com\u00e9die en trois actes, quatre personnages: deux femmes et deux hommes. Le texte est prot\u00e9g\u00e9 par les droits d\u2019auteurs.<\/p>\n<div  class='avia-button-wrap av-2xoi0b-0a7c6a7578d4bdb0023bc757decf3e1c-wrap avia-button-left  avia-builder-el-0  avia-builder-el-no-sibling '><a href='https:\/\/comediatheque.net\/strip-poker\/'  class='avia-button av-2xoi0b-0a7c6a7578d4bdb0023bc757decf3e1c av-link-btn avia-icon_select-yes-left-icon avia-size-large avia-position-left avia-color-theme-color'   aria-label=\"T\u00e9l\u00e9charger PDF\"><span class='avia_button_icon avia_button_icon_left avia-iconfont avia-font-entypo-fontello' data-av_icon='\ue836' data-av_iconfont='entypo-fontello' ><\/span><span class='avia_iconbox_title' >T\u00e9l\u00e9charger PDF<\/span><\/a><\/div>\n","protected":false},"excerpt":{"rendered":"<p>Un couple invite les nouveaux voisins \u00e0 d\u00eener pour faire connaissance, mais la diff\u00e9rence de caract\u00e8re est vite source de tension.<br \/>\nAu cours de la soir\u00e9e, pour tenter d&#8217;\u00e9carter les deux enquiquineurs, le couple les invite \u00e0 participer \u00e0 un jeu de v\u00e9rit\u00e9, dans le style du Strip-Poker, qui obligera tout le monde \u00e0 r\u00e9v\u00e9ler ses secrets g\u00eanants.<br \/>\nCette com\u00e9die cynique-brillante a d\u00e9j\u00e0 \u00e9t\u00e9 jou\u00e9e avec beaucoup de succ\u00e8s dans le monde entier (Paris, Avignon, Madrid, Buenos Aires, Montevideo, Los Angeles et Miami, entre autres villes).<\/p>\n<p>Pour les amateurs ou les professionnels \u00e0 la recherche d\u2019un texte \u00e0 monter, Jean-Pierre Martinez a fait le choix d\u2019offrir ses pi\u00e8ces en t\u00e9l\u00e9chargement gratuit sur <a href=\"https:\/\/comediatheque.net\/\" target=\"_blank\" rel=\"noopener noreferrer\">son site<\/a>. Toute repr\u00e9sentation publique reste cependant soumise \u00e0 autorisation aupr\u00e8s de la SACD.<\/p>\n","protected":false},"featured_media":8169,"comment_status":"open","ping_status":"closed","template":"","meta":[],"product_brand":[],"product_cat":[336,128],"product_tag":[542,748],"class_list":{"0":"post-8547","1":"product","2":"type-product","3":"status-publish","4":"has-post-thumbnail","6":"product_cat-jean-pierre-martinez-fr","7":"product_cat-scenarios","8":"product_tag-copioni-teatrali-fr","9":"product_tag-jean-pierre-martinez-fr","11":"first","12":"instock","13":"virtual","14":"product-type-simple"},"_links":{"self":[{"href":"https:\/\/stage.annamariamartinolli.it\/fr\/wp-json\/wp\/v2\/product\/8547","targetHints":{"allow":["GET"]}}],"collection":[{"href":"https:\/\/stage.annamariamartinolli.it\/fr\/wp-json\/wp\/v2\/product"}],"about":[{"href":"https:\/\/stage.annamariamartinolli.it\/fr\/wp-json\/wp\/v2\/types\/product"}],"replies":[{"embeddable":true,"href":"https:\/\/stage.annamariamartinolli.it\/fr\/wp-json\/wp\/v2\/comments?post=8547"}],"wp:featuredmedia":[{"embeddable":true,"href":"https:\/\/stage.annamariamartinolli.it\/fr\/wp-json\/wp\/v2\/media\/8169"}],"wp:attachment":[{"href":"https:\/\/stage.annamariamartinolli.it\/fr\/wp-json\/wp\/v2\/media?parent=8547"}],"wp:term":[{"taxonomy":"product_brand","embeddable":true,"href":"https:\/\/stage.annamariamartinolli.it\/fr\/wp-json\/wp\/v2\/product_brand?post=8547"},{"taxonomy":"product_cat","embeddable":true,"href":"https:\/\/stage.annamariamartinolli.it\/fr\/wp-json\/wp\/v2\/product_cat?post=8547"},{"taxonomy":"product_tag","embeddable":true,"href":"https:\/\/stage.annamariamartinolli.it\/fr\/wp-json\/wp\/v2\/product_tag?post=8547"}],"curies":[{"name":"wp","href":"https:\/\/api.w.org\/{rel}","templated":true}]}}