{"id":8174,"date":"2020-11-06T15:33:04","date_gmt":"2020-11-06T14:33:04","guid":{"rendered":"http:\/\/stage.annamariamartinolli.it\/?post_type=product&#038;p=8174"},"modified":"2020-11-07T09:22:25","modified_gmt":"2020-11-07T08:22:25","slug":"venerdi-13","status":"publish","type":"product","link":"https:\/\/stage.annamariamartinolli.it\/fr\/librairie\/scenarios\/jean-pierre-martinez-fr\/venerdi-13\/","title":{"rendered":"Venerd\u00ec 13"},"content":{"rendered":"<p>Acte unique, trois personnages : deux femmes et un homme, avec la possibilit\u00e9 d&#8217;un quatri\u00e8me personnage masculin et une fin alternative. Le texte est prot\u00e9g\u00e9 par les droits d&#8217;auteurs.<\/p>\n<div  class='avia-button-wrap av-2xoi0b-21febabd7e5a21c71685ab5da8f07ac0-wrap avia-button-left  avia-builder-el-0  avia-builder-el-no-sibling '><a href='https:\/\/comediatheque.net\/vendredi-13\/'  class='avia-button av-2xoi0b-21febabd7e5a21c71685ab5da8f07ac0 av-link-btn avia-icon_select-yes-left-icon avia-size-large avia-position-left avia-color-theme-color'   aria-label=\"T\u00e9l\u00e9charger PDF\"><span class='avia_button_icon avia_button_icon_left avia-iconfont avia-font-entypo-fontello' data-av_icon='\ue836' data-av_iconfont='entypo-fontello' ><\/span><span class='avia_iconbox_title' >T\u00e9l\u00e9charger PDF<\/span><\/a><\/div>\n","protected":false},"excerpt":{"rendered":"<p>J\u00e9r\u00f4me et Christelle ont invit\u00e9 \u00e0 d\u00eener un couple d&#8217;amis. Mais Madame arrive seule, effondr\u00e9e. Elle vient d&#8217;apprendre que l&#8217;avion qui ramenait son mari \u00e0 Paris s&#8217;est crash\u00e9 en mer. Suspendu aux nouvelles avec la veuve potentielle pour savoir si son mari fait partie ou non des survivants, le couple apprend qu&#8217;il a gagn\u00e9 au super tirage du loto de ce vendredi 13. Le mot d&#8217;ordre est d\u00e8s lors &#8220;cache ta joie&#8221;.<br \/>\nNombreux rebondissements \u00e0 pr\u00e9voir au cours de cette soir\u00e9e mouvement\u00e9e&#8230;<br \/>\nCette com\u00e9die \u00e0 succ\u00e8s a d\u00e9j\u00e0 \u00e9t\u00e9 repr\u00e9sent\u00e9e sur les sc\u00e8nes du monde entier (Paris, Avignon, Madrid, New-York, Los Angeles, Miami&#8230;).<\/p>\n<p>Pour les amateurs ou les professionnels \u00e0 la recherche d\u2019un texte \u00e0 monter, Jean-Pierre Martinez a fait le choix d\u2019offrir ses pi\u00e8ces en t\u00e9l\u00e9chargement gratuit sur <a href=\"https:\/\/comediatheque.net\/vendredi-13\/\" target=\"_blank\" rel=\"noopener noreferrer\">son site<\/a>. Toute repr\u00e9sentation publique reste cependant soumise \u00e0 autorisation aupr\u00e8s de la SACD.<\/p>\n","protected":false},"featured_media":8169,"comment_status":"open","ping_status":"closed","template":"","meta":[],"product_brand":[],"product_cat":[336,128],"product_tag":[542,748],"class_list":{"0":"post-8174","1":"product","2":"type-product","3":"status-publish","4":"has-post-thumbnail","6":"product_cat-jean-pierre-martinez-fr","7":"product_cat-scenarios","8":"product_tag-copioni-teatrali-fr","9":"product_tag-jean-pierre-martinez-fr","11":"first","12":"instock","13":"virtual","14":"product-type-simple"},"_links":{"self":[{"href":"https:\/\/stage.annamariamartinolli.it\/fr\/wp-json\/wp\/v2\/product\/8174","targetHints":{"allow":["GET"]}}],"collection":[{"href":"https:\/\/stage.annamariamartinolli.it\/fr\/wp-json\/wp\/v2\/product"}],"about":[{"href":"https:\/\/stage.annamariamartinolli.it\/fr\/wp-json\/wp\/v2\/types\/product"}],"replies":[{"embeddable":true,"href":"https:\/\/stage.annamariamartinolli.it\/fr\/wp-json\/wp\/v2\/comments?post=8174"}],"wp:featuredmedia":[{"embeddable":true,"href":"https:\/\/stage.annamariamartinolli.it\/fr\/wp-json\/wp\/v2\/media\/8169"}],"wp:attachment":[{"href":"https:\/\/stage.annamariamartinolli.it\/fr\/wp-json\/wp\/v2\/media?parent=8174"}],"wp:term":[{"taxonomy":"product_brand","embeddable":true,"href":"https:\/\/stage.annamariamartinolli.it\/fr\/wp-json\/wp\/v2\/product_brand?post=8174"},{"taxonomy":"product_cat","embeddable":true,"href":"https:\/\/stage.annamariamartinolli.it\/fr\/wp-json\/wp\/v2\/product_cat?post=8174"},{"taxonomy":"product_tag","embeddable":true,"href":"https:\/\/stage.annamariamartinolli.it\/fr\/wp-json\/wp\/v2\/product_tag?post=8174"}],"curies":[{"name":"wp","href":"https:\/\/api.w.org\/{rel}","templated":true}]}}