{"id":7987,"date":"2020-10-14T11:50:48","date_gmt":"2020-10-14T09:50:48","guid":{"rendered":"http:\/\/stage.annamariamartinolli.it\/?post_type=product&#038;p=7987"},"modified":"2020-10-14T12:19:14","modified_gmt":"2020-10-14T10:19:14","slug":"luccellino-azzurro-e-il-fidanzamento","status":"publish","type":"product","link":"https:\/\/stage.annamariamartinolli.it\/fr\/librairie\/livres\/luccellino-azzurro-e-il-fidanzamento\/","title":{"rendered":"L&#8217;uccellino azzurro e il fidanzamento"},"content":{"rendered":"","protected":false},"excerpt":{"rendered":"<p>Le livre contient le c\u00e9l\u00e8bre texte <em>Le Oiseau bleu<\/em>, dans une nouvelle traduction mise \u00e0 jour, et sa suite, <em>Les fian\u00e7ailles<\/em>, traduite pour la premi\u00e8re fois en italien. Pour compl\u00e9ter l&#8217;ouvrage, de nombreuses interventions critiques sur les <em>pi\u00e8ces<\/em> et, en annexe, l&#8217;essai <em>Sur la mort d&#8217;un petit chien<\/em>, intimement li\u00e9 au <em>Oiseau bleu<\/em>, qui t\u00e9moigne de ce lien profond existant entre l&#8217;homme et le chien, l&#8217;homme et les animaux, l&#8217;homme et la nature. <strong>Le livre est en langue italienne.<\/strong> [av_promobox button='yes' label='Acheter' icon_select='yes' icon='ue859' font='entypo-fontello' color='theme-color' custom_bg='#444444' custom_font='#ffffff' size='large' box_color='' box_custom_font='#ffffff' box_custom_bg='#444444' box_custom_border='#333333' label_display='' link='manually,https:\/\/www.editoriaespettacolo.com\/prodotto\/1588\/' link_target='_blank' id='' custom_class='' av_uid='' admin_preview_bg=''] Acheter sur le site de Editoria&amp;Spettacolo [\/av_promobox]<\/p>\n","protected":false},"featured_media":7990,"comment_status":"open","ping_status":"closed","template":"","meta":[],"product_brand":[],"product_cat":[132],"product_tag":[136,165],"class_list":{"0":"post-7987","1":"product","2":"type-product","3":"status-publish","4":"has-post-thumbnail","6":"product_cat-livres","7":"product_tag-livres","8":"product_tag-maurice-maeterlinck-fr","10":"first","11":"instock","12":"shipping-taxable","13":"product-type-simple"},"_links":{"self":[{"href":"https:\/\/stage.annamariamartinolli.it\/fr\/wp-json\/wp\/v2\/product\/7987","targetHints":{"allow":["GET"]}}],"collection":[{"href":"https:\/\/stage.annamariamartinolli.it\/fr\/wp-json\/wp\/v2\/product"}],"about":[{"href":"https:\/\/stage.annamariamartinolli.it\/fr\/wp-json\/wp\/v2\/types\/product"}],"replies":[{"embeddable":true,"href":"https:\/\/stage.annamariamartinolli.it\/fr\/wp-json\/wp\/v2\/comments?post=7987"}],"wp:featuredmedia":[{"embeddable":true,"href":"https:\/\/stage.annamariamartinolli.it\/fr\/wp-json\/wp\/v2\/media\/7990"}],"wp:attachment":[{"href":"https:\/\/stage.annamariamartinolli.it\/fr\/wp-json\/wp\/v2\/media?parent=7987"}],"wp:term":[{"taxonomy":"product_brand","embeddable":true,"href":"https:\/\/stage.annamariamartinolli.it\/fr\/wp-json\/wp\/v2\/product_brand?post=7987"},{"taxonomy":"product_cat","embeddable":true,"href":"https:\/\/stage.annamariamartinolli.it\/fr\/wp-json\/wp\/v2\/product_cat?post=7987"},{"taxonomy":"product_tag","embeddable":true,"href":"https:\/\/stage.annamariamartinolli.it\/fr\/wp-json\/wp\/v2\/product_tag?post=7987"}],"curies":[{"name":"wp","href":"https:\/\/api.w.org\/{rel}","templated":true}]}}