{"id":3930,"date":"2020-06-30T23:22:29","date_gmt":"2020-06-30T21:22:29","guid":{"rendered":"http:\/\/stage.annamariamartinolli.it\/catalogo\/non%20class\u00e9\/i-fidanzati-di-loches\/"},"modified":"2020-07-12T10:43:12","modified_gmt":"2020-07-12T08:43:12","slug":"i-fidanzati-di-loches","status":"publish","type":"product","link":"https:\/\/stage.annamariamartinolli.it\/fr\/librairie\/scenarios\/georges-feydeau-fr\/i-fidanzati-di-loches\/","title":{"rendered":"I fidanzati di Loches"},"content":{"rendered":"<p>Com\u00e9die en trois actes, quinze personnages : dix hommes et cinq femmes. Pour toute repr\u00e9sentation, veuillez contacter l&#8217;auteur au moins trois \u00e0 quatre mois \u00e0 l&#8217;avance car les \u0153uvres sont prot\u00e9g\u00e9es par la Soci\u00e9t\u00e9 Italienne des Auteurs et \u00c9diteurs. <strong>Le sc\u00e9nario est en langue italienne<\/strong>.<\/p>\n<div  class='avia-button-wrap av-2xoi0b-6f6641039b5e8f4606fbc1ab8954afc9-wrap avia-button-left  avia-builder-el-0  avia-builder-el-no-sibling '><a href='http:\/\/stage.annamariamartinolli.it\/fr\/catalogue\/demandes\/'  class='avia-button av-2xoi0b-6f6641039b5e8f4606fbc1ab8954afc9 av-link-btn avia-icon_select-yes-left-icon avia-size-large avia-position-left avia-color-theme-color'   aria-label=\"Contactez-moi\"><span class='avia_button_icon avia_button_icon_left avia-iconfont avia-font-entypo-fontello' data-av_icon='\ue836' data-av_iconfont='entypo-fontello' ><\/span><span class='avia_iconbox_title' >Contactez-moi<\/span><\/a><\/div>\n","protected":false},"excerpt":{"rendered":"<p>Deux fr\u00e8res et une soeur, vivant \u00e0 Loches, arrivent \u00e0 Paris dans l&#8217;espoir de trouver leurs compagnons de vie. \u00c0 cette fin, ils d\u00e9cident de s&#8217;adresser \u00e0 une agence matrimoniale, qui, toutefois, en raison d&#8217;une s\u00e9rie de malentendus, est en fait une agence de placement. Les trois personnages ne se rendent pas compte du malentendu car \u00e9tant provinciaux, ils justifient ce qui pour eux sont des coutumes \u00e9tranges par le fait que les citadins sont toujours un peu extravagants. Ils sont donc engag\u00e9s comme domestiques dans la maison d&#8217;un riche m\u00e9decin, mais ils continuent \u00e0 croire de se trouver dans la maison de leurs futurs compagnons. Entre malentendus, admissions \u00e0 l&#8217;asile d&#8217;ali\u00e9n\u00e9s et douches froides, tout finira par s&#8217;\u00e9claircir et les trois seront bien heureux de retourner \u00e0 leur Loches bien-aim\u00e9e.<\/p>\n[av_toggle_container initial='0' mode='accordion' sort='' styling='' colors='' font_color='' background_color='' border_color='' colors_current='' font_color_current='' background_current='' background_color_current='' background_gradient_current_color1='' background_gradient_current_color2='' background_gradient_current_direction='vertical' hover_colors='' hover_background_color='' hover_font_color='' alb_description='' id='' custom_class='' av_uid='']<br \/>\n[av_toggle title='Formulaire de demande pour un sc\u00e9nario de th\u00e9\u00e2tre traduit en langue italienne' tags='' custom_id='']<br \/>\n[gravityform id=\"4\" title=\"false\" description=\"false\" ajax=\"true\"]<br \/>\n[\/av_toggle]<\/p>\n<p>[\/av_toggle_container]\n","protected":false},"featured_media":2780,"comment_status":"open","ping_status":"closed","template":"","meta":[],"product_brand":[],"product_cat":[174,128],"product_tag":[146],"class_list":{"0":"post-3930","1":"product","2":"type-product","3":"status-publish","4":"has-post-thumbnail","6":"product_cat-georges-feydeau-fr","7":"product_cat-scenarios","8":"product_tag-georges-feydeau-fr","10":"first","11":"instock","12":"virtual","13":"product-type-simple"},"_links":{"self":[{"href":"https:\/\/stage.annamariamartinolli.it\/fr\/wp-json\/wp\/v2\/product\/3930","targetHints":{"allow":["GET"]}}],"collection":[{"href":"https:\/\/stage.annamariamartinolli.it\/fr\/wp-json\/wp\/v2\/product"}],"about":[{"href":"https:\/\/stage.annamariamartinolli.it\/fr\/wp-json\/wp\/v2\/types\/product"}],"replies":[{"embeddable":true,"href":"https:\/\/stage.annamariamartinolli.it\/fr\/wp-json\/wp\/v2\/comments?post=3930"}],"wp:featuredmedia":[{"embeddable":true,"href":"https:\/\/stage.annamariamartinolli.it\/fr\/wp-json\/wp\/v2\/media\/2780"}],"wp:attachment":[{"href":"https:\/\/stage.annamariamartinolli.it\/fr\/wp-json\/wp\/v2\/media?parent=3930"}],"wp:term":[{"taxonomy":"product_brand","embeddable":true,"href":"https:\/\/stage.annamariamartinolli.it\/fr\/wp-json\/wp\/v2\/product_brand?post=3930"},{"taxonomy":"product_cat","embeddable":true,"href":"https:\/\/stage.annamariamartinolli.it\/fr\/wp-json\/wp\/v2\/product_cat?post=3930"},{"taxonomy":"product_tag","embeddable":true,"href":"https:\/\/stage.annamariamartinolli.it\/fr\/wp-json\/wp\/v2\/product_tag?post=3930"}],"curies":[{"name":"wp","href":"https:\/\/api.w.org\/{rel}","templated":true}]}}