{"id":3924,"date":"2020-06-30T23:28:17","date_gmt":"2020-06-30T21:28:17","guid":{"rendered":"http:\/\/stage.annamariamartinolli.it\/catalogo\/non%20class\u00e9\/il-nastro\/"},"modified":"2020-07-11T18:06:17","modified_gmt":"2020-07-11T16:06:17","slug":"il-nastro","status":"publish","type":"product","link":"https:\/\/stage.annamariamartinolli.it\/fr\/librairie\/scenarios\/georges-feydeau-fr\/il-nastro\/","title":{"rendered":"Il nastro"},"content":{"rendered":"<p>Com\u00e9die en trois actes, onze personnages : sept hommes et quatre femmes. Pour toute repr\u00e9sentation, veuillez contacter l&#8217;auteur au moins trois \u00e0 quatre mois \u00e0 l&#8217;avance car les \u0153uvres sont prot\u00e9g\u00e9es par la Soci\u00e9t\u00e9 Italienne des Auteurs et \u00c9diteurs. <strong>Le sc\u00e9nario est en langue italienne<\/strong>.<\/p>\n<div  class='avia-button-wrap av-2xoi0b-6f6641039b5e8f4606fbc1ab8954afc9-wrap avia-button-left  avia-builder-el-0  avia-builder-el-no-sibling '><a href='http:\/\/stage.annamariamartinolli.it\/fr\/catalogue\/demandes\/'  class='avia-button av-2xoi0b-6f6641039b5e8f4606fbc1ab8954afc9 av-link-btn avia-icon_select-yes-left-icon avia-size-large avia-position-left avia-color-theme-color'   aria-label=\"Contactez-moi\"><span class='avia_button_icon avia_button_icon_left avia-iconfont avia-font-entypo-fontello' data-av_icon='\ue836' data-av_iconfont='entypo-fontello' ><\/span><span class='avia_iconbox_title' >Contactez-moi<\/span><\/a><\/div>\n","protected":false},"excerpt":{"rendered":"<p>Le Dr Paginet veut que sa ni\u00e8ce \u00e9pouse Plumarel, dont elle n&#8217;est pas amoureuse, car il est apparent\u00e9 \u00e0 un important ministre. Plumarel a en effet promis au m\u00e9decin de le faire Chevalier de la L\u00e9gion d&#8217;Honneur pour son travail. En raison d&#8217;un \u00e9v\u00e9nement impr\u00e9vu &#8211; le m\u00e9decin a assist\u00e9 \u00e0 un banquet r\u00e9actionnaire &#8211; la d\u00e9coration n&#8217;est pas attribu\u00e9e \u00e0 Paginet mais \u00e0 sa femme qui dirige un orphelinat. Le m\u00e9decin, cependant, n&#8217;est toujours pas au courant de la nouvelle et est \u00e9galement interview\u00e9 par un journaliste myope, incapable de le distinguer de sa femme, qui finit par d\u00e9clencher une s\u00e9rie de quiproquos. Lorsque le m\u00e9decin d\u00e9couvre enfin \u00e0 qui la d\u00e9coration a vraiment \u00e9t\u00e9 attribu\u00e9e, il parvient lui aussi \u00e0 en obtenir une gr\u00e2ce \u00e0 l&#8217;intervention de Dardillon, l&#8217;homme aim\u00e9 par sa ni\u00e8ce, qui sauve inopin\u00e9ment la vie du ministre en se faisant passer pour Paginet. Les deux jeunes pourront alors se marier, \u00e0 condition de garder le secret sur ce qui s&#8217;est pass\u00e9.<\/p>\n[av_toggle_container initial='0' mode='accordion' sort='' styling='' colors='' font_color='' background_color='' border_color='' colors_current='' font_color_current='' background_current='' background_color_current='' background_gradient_current_color1='' background_gradient_current_color2='' background_gradient_current_direction='vertical' hover_colors='' hover_background_color='' hover_font_color='' alb_description='' id='' custom_class='' av_uid='']<br \/>\n[av_toggle title='Formulaire de demande pour un sc\u00e9nario de th\u00e9\u00e2tre traduit en langue italienne' tags='' custom_id='']<br \/>\n[gravityform id=\"4\" title=\"false\" description=\"false\" ajax=\"true\"]<br \/>\n[\/av_toggle]<\/p>\n<p>[\/av_toggle_container]\n","protected":false},"featured_media":2780,"comment_status":"open","ping_status":"closed","template":"","meta":[],"product_brand":[],"product_cat":[174,128],"product_tag":[146],"class_list":{"0":"post-3924","1":"product","2":"type-product","3":"status-publish","4":"has-post-thumbnail","6":"product_cat-georges-feydeau-fr","7":"product_cat-scenarios","8":"product_tag-georges-feydeau-fr","10":"first","11":"instock","12":"virtual","13":"product-type-simple"},"_links":{"self":[{"href":"https:\/\/stage.annamariamartinolli.it\/fr\/wp-json\/wp\/v2\/product\/3924","targetHints":{"allow":["GET"]}}],"collection":[{"href":"https:\/\/stage.annamariamartinolli.it\/fr\/wp-json\/wp\/v2\/product"}],"about":[{"href":"https:\/\/stage.annamariamartinolli.it\/fr\/wp-json\/wp\/v2\/types\/product"}],"replies":[{"embeddable":true,"href":"https:\/\/stage.annamariamartinolli.it\/fr\/wp-json\/wp\/v2\/comments?post=3924"}],"wp:featuredmedia":[{"embeddable":true,"href":"https:\/\/stage.annamariamartinolli.it\/fr\/wp-json\/wp\/v2\/media\/2780"}],"wp:attachment":[{"href":"https:\/\/stage.annamariamartinolli.it\/fr\/wp-json\/wp\/v2\/media?parent=3924"}],"wp:term":[{"taxonomy":"product_brand","embeddable":true,"href":"https:\/\/stage.annamariamartinolli.it\/fr\/wp-json\/wp\/v2\/product_brand?post=3924"},{"taxonomy":"product_cat","embeddable":true,"href":"https:\/\/stage.annamariamartinolli.it\/fr\/wp-json\/wp\/v2\/product_cat?post=3924"},{"taxonomy":"product_tag","embeddable":true,"href":"https:\/\/stage.annamariamartinolli.it\/fr\/wp-json\/wp\/v2\/product_tag?post=3924"}],"curies":[{"name":"wp","href":"https:\/\/api.w.org\/{rel}","templated":true}]}}