{"id":3922,"date":"2020-06-30T23:31:13","date_gmt":"2020-06-30T21:31:13","guid":{"rendered":"http:\/\/stage.annamariamartinolli.it\/catalogo\/non%20class\u00e9\/il-tacchino\/"},"modified":"2020-07-11T15:17:38","modified_gmt":"2020-07-11T13:17:38","slug":"il-tacchino","status":"publish","type":"product","link":"https:\/\/stage.annamariamartinolli.it\/fr\/librairie\/scenarios\/georges-feydeau-fr\/il-tacchino\/","title":{"rendered":"Il tacchino"},"content":{"rendered":"<p>Com\u00e9die en trois actes, dix-sept personnages : douze hommes et cinq femmes. Pour toute repr\u00e9sentation, veuillez contacter l&#8217;auteur au moins trois \u00e0 quatre mois \u00e0 l&#8217;avance car les \u0153uvres sont prot\u00e9g\u00e9es par la Soci\u00e9t\u00e9 Italienne des Auteurs et \u00c9diteurs. <strong>Le sc\u00e9nario est en langue italienne<\/strong>.<\/p>\n<div  class='avia-button-wrap av-2xoi0b-6f6641039b5e8f4606fbc1ab8954afc9-wrap avia-button-left  avia-builder-el-0  avia-builder-el-no-sibling '><a href='http:\/\/stage.annamariamartinolli.it\/fr\/catalogue\/demandes\/'  class='avia-button av-2xoi0b-6f6641039b5e8f4606fbc1ab8954afc9 av-link-btn avia-icon_select-yes-left-icon avia-size-large avia-position-left avia-color-theme-color'   aria-label=\"Contactez-moi\"><span class='avia_button_icon avia_button_icon_left avia-iconfont avia-font-entypo-fontello' data-av_icon='\ue836' data-av_iconfont='entypo-fontello' ><\/span><span class='avia_iconbox_title' >Contactez-moi<\/span><\/a><\/div>\n","protected":false},"excerpt":{"rendered":"<p>Un gentleman suit Lucienne, une jeune femme, \u00e0 la maison et d\u00e9couvre que cette autre est l&#8217;\u00e9pouse d&#8217;un de ses meilleurs amis. Pas du tout dispos\u00e9 \u00e0 se rendre, le pr\u00e9tendant jure \u00e0 la femme qu&#8217;il peut prouver que son mari lui est infid\u00e8le, obtenant en retour une nuit d&#8217;amour de sa part. Lucienne, quant \u00e0 elle, a rencontr\u00e9 Mme Pontagnac, la femme de son pr\u00e9tendant, et s&#8217;est alli\u00e9e avec elle pour se venger de leurs maris infid\u00e8les. Dans la chambre d&#8217;h\u00f4tel, r\u00e9serv\u00e9e par le mari de Lucienne pour rencontrer sa ma\u00eetresse, toute une s\u00e9rie de personnages (dont une vieille dame sourde, un marseillais jaloux et un g\u00e9n\u00e9ral \u00e0 la retraite attir\u00e9 par les bonnes) se rencontrent diaboliquement avec des heurts, des fuites et des enchev\u00eatrements qui cr\u00e9ent une grande hilarit\u00e9.<\/p>\n[av_toggle_container initial='0' mode='accordion' sort='' styling='' colors='' font_color='' background_color='' border_color='' colors_current='' font_color_current='' background_current='' background_color_current='' background_gradient_current_color1='' background_gradient_current_color2='' background_gradient_current_direction='vertical' hover_colors='' hover_background_color='' hover_font_color='' alb_description='' id='' custom_class='' av_uid='']<br \/>\n[av_toggle title='Formulaire de demande pour un sc\u00e9nario de th\u00e9\u00e2tre traduit en langue italienne' tags='' custom_id='']<br \/>\n[gravityform id=\"4\" title=\"false\" description=\"false\" ajax=\"true\"]<br \/>\n[\/av_toggle]<\/p>\n<p>[\/av_toggle_container]\n","protected":false},"featured_media":2780,"comment_status":"open","ping_status":"closed","template":"","meta":[],"product_brand":[],"product_cat":[174,128],"product_tag":[146],"class_list":{"0":"post-3922","1":"product","2":"type-product","3":"status-publish","4":"has-post-thumbnail","6":"product_cat-georges-feydeau-fr","7":"product_cat-scenarios","8":"product_tag-georges-feydeau-fr","10":"first","11":"instock","12":"virtual","13":"product-type-simple"},"_links":{"self":[{"href":"https:\/\/stage.annamariamartinolli.it\/fr\/wp-json\/wp\/v2\/product\/3922","targetHints":{"allow":["GET"]}}],"collection":[{"href":"https:\/\/stage.annamariamartinolli.it\/fr\/wp-json\/wp\/v2\/product"}],"about":[{"href":"https:\/\/stage.annamariamartinolli.it\/fr\/wp-json\/wp\/v2\/types\/product"}],"replies":[{"embeddable":true,"href":"https:\/\/stage.annamariamartinolli.it\/fr\/wp-json\/wp\/v2\/comments?post=3922"}],"wp:featuredmedia":[{"embeddable":true,"href":"https:\/\/stage.annamariamartinolli.it\/fr\/wp-json\/wp\/v2\/media\/2780"}],"wp:attachment":[{"href":"https:\/\/stage.annamariamartinolli.it\/fr\/wp-json\/wp\/v2\/media?parent=3922"}],"wp:term":[{"taxonomy":"product_brand","embeddable":true,"href":"https:\/\/stage.annamariamartinolli.it\/fr\/wp-json\/wp\/v2\/product_brand?post=3922"},{"taxonomy":"product_cat","embeddable":true,"href":"https:\/\/stage.annamariamartinolli.it\/fr\/wp-json\/wp\/v2\/product_cat?post=3922"},{"taxonomy":"product_tag","embeddable":true,"href":"https:\/\/stage.annamariamartinolli.it\/fr\/wp-json\/wp\/v2\/product_tag?post=3922"}],"curies":[{"name":"wp","href":"https:\/\/api.w.org\/{rel}","templated":true}]}}