{"id":3916,"date":"2020-06-30T23:08:15","date_gmt":"2020-06-30T21:08:15","guid":{"rendered":"http:\/\/stage.annamariamartinolli.it\/catalogo\/non%20class\u00e9\/un-tipo-da-forca\/"},"modified":"2020-07-12T11:14:37","modified_gmt":"2020-07-12T09:14:37","slug":"un-tipo-da-forca","status":"publish","type":"product","link":"https:\/\/stage.annamariamartinolli.it\/fr\/librairie\/scenarios\/georges-feydeau-fr\/un-tipo-da-forca\/","title":{"rendered":"Un tipo da forca"},"content":{"rendered":"<p>Com\u00e9die en un acte, huit personnages : six hommes et deux femmes. Pour toute repr\u00e9sentation, veuillez contacter l&#8217;auteur au moins trois \u00e0 quatre mois \u00e0 l&#8217;avance car les \u0153uvres sont prot\u00e9g\u00e9es par la Soci\u00e9t\u00e9 Italienne des Auteurs et \u00c9diteurs. <strong>Le sc\u00e9nario est en langue italienne<\/strong>.<\/p>\n<div  class='avia-button-wrap av-2xoi0b-6f6641039b5e8f4606fbc1ab8954afc9-wrap avia-button-left  avia-builder-el-0  avia-builder-el-no-sibling '><a href='http:\/\/stage.annamariamartinolli.it\/fr\/catalogue\/demandes\/'  class='avia-button av-2xoi0b-6f6641039b5e8f4606fbc1ab8954afc9 av-link-btn avia-icon_select-yes-left-icon avia-size-large avia-position-left avia-color-theme-color'   aria-label=\"Contactez-moi\"><span class='avia_button_icon avia_button_icon_left avia-iconfont avia-font-entypo-fontello' data-av_icon='\ue836' data-av_iconfont='entypo-fontello' ><\/span><span class='avia_iconbox_title' >Contactez-moi<\/span><\/a><\/div>\n","protected":false},"excerpt":{"rendered":"<p>Un homme vient de d\u00e9couvrir que sa femme, une chanteuse de caf\u00e9-concert , le trompe avec un autre homme alors qu&#8217;il se prom\u00e8ne avec le b\u00e9b\u00e9 qu&#8217;elle a eu apr\u00e8s cinq mois de mariage. D\u00e9termin\u00e9 \u00e0 d\u00e9masquer son amant, il informe le commissaire de police de se rendre chez elle lorsqu&#8217;il est sorti avec le b\u00e9b\u00e9. Pendant ce temps, un certain Grognard, un admirateur de sa femme, se pr\u00e9sente \u00e0 la maison. Il enseigne la rh\u00e9torique \u00e0 Quimper et pr\u00e9tend s&#8217;appeler Lemercier pour dissimuler son identit\u00e9. Apr\u00e8s avoir lu dans le journal l&#8217;histoire d&#8217;un dangereux criminel recherch\u00e9, dont le nom de famille est Lemercier, la chanteuse court au poste de police, laissant l&#8217;hypoth\u00e9tique malfaiteur avec son amant dans l&#8217;espoir qu&#8217;il r\u00e9ussira \u00e0 le pi\u00e9ger. Une fois que le commissaire de police aura essay\u00e9 d&#8217;arr\u00eater tous les personnages masculins de la pi\u00e8ce les uns apr\u00e8s les autres, la situation sera r\u00e9solue, Grognard retournera chez lui et la chanteuse reprendra son m\u00e9nage \u00e0 trois avec son mari et son amant.<\/p>\n[av_toggle_container initial='0' mode='accordion' sort='' styling='' colors='' font_color='' background_color='' border_color='' colors_current='' font_color_current='' background_current='' background_color_current='' background_gradient_current_color1='' background_gradient_current_color2='' background_gradient_current_direction='vertical' hover_colors='' hover_background_color='' hover_font_color='' alb_description='' id='' custom_class='' av_uid='']<br \/>\n[av_toggle title='Formulaire de demande pour un sc\u00e9nario de th\u00e9\u00e2tre traduit en langue italienne' tags='' custom_id='']<br \/>\n[gravityform id=\"4\" title=\"false\" description=\"false\" ajax=\"true\"]<br \/>\n[\/av_toggle]<\/p>\n<p>[\/av_toggle_container]\n","protected":false},"featured_media":2780,"comment_status":"open","ping_status":"closed","template":"","meta":[],"product_brand":[],"product_cat":[174,128],"product_tag":[146],"class_list":{"0":"post-3916","1":"product","2":"type-product","3":"status-publish","4":"has-post-thumbnail","6":"product_cat-georges-feydeau-fr","7":"product_cat-scenarios","8":"product_tag-georges-feydeau-fr","10":"first","11":"instock","12":"virtual","13":"product-type-simple"},"_links":{"self":[{"href":"https:\/\/stage.annamariamartinolli.it\/fr\/wp-json\/wp\/v2\/product\/3916","targetHints":{"allow":["GET"]}}],"collection":[{"href":"https:\/\/stage.annamariamartinolli.it\/fr\/wp-json\/wp\/v2\/product"}],"about":[{"href":"https:\/\/stage.annamariamartinolli.it\/fr\/wp-json\/wp\/v2\/types\/product"}],"replies":[{"embeddable":true,"href":"https:\/\/stage.annamariamartinolli.it\/fr\/wp-json\/wp\/v2\/comments?post=3916"}],"wp:featuredmedia":[{"embeddable":true,"href":"https:\/\/stage.annamariamartinolli.it\/fr\/wp-json\/wp\/v2\/media\/2780"}],"wp:attachment":[{"href":"https:\/\/stage.annamariamartinolli.it\/fr\/wp-json\/wp\/v2\/media?parent=3916"}],"wp:term":[{"taxonomy":"product_brand","embeddable":true,"href":"https:\/\/stage.annamariamartinolli.it\/fr\/wp-json\/wp\/v2\/product_brand?post=3916"},{"taxonomy":"product_cat","embeddable":true,"href":"https:\/\/stage.annamariamartinolli.it\/fr\/wp-json\/wp\/v2\/product_cat?post=3916"},{"taxonomy":"product_tag","embeddable":true,"href":"https:\/\/stage.annamariamartinolli.it\/fr\/wp-json\/wp\/v2\/product_tag?post=3916"}],"curies":[{"name":"wp","href":"https:\/\/api.w.org\/{rel}","templated":true}]}}