{"id":3913,"date":"2020-06-30T23:20:38","date_gmt":"2020-06-30T21:20:38","guid":{"rendered":"http:\/\/stage.annamariamartinolli.it\/catalogo\/non%20class\u00e9\/sarto-per-signora\/"},"modified":"2020-07-12T10:59:32","modified_gmt":"2020-07-12T08:59:32","slug":"sarto-per-signora","status":"publish","type":"product","link":"https:\/\/stage.annamariamartinolli.it\/fr\/librairie\/scenarios\/georges-feydeau-fr\/sarto-per-signora\/","title":{"rendered":"Sarto per signora"},"content":{"rendered":"<p>Com\u00e9die en trois actes, dix personnages : quatre hommes et six femmes. Pour toute repr\u00e9sentation, veuillez contacter l&#8217;auteur au moins trois \u00e0 quatre mois \u00e0 l&#8217;avance car les \u0153uvres sont prot\u00e9g\u00e9es par la Soci\u00e9t\u00e9 Italienne des Auteurs et \u00c9diteurs. <strong>Le sc\u00e9nario est en langue italienne<\/strong>.<\/p>\n<div  class='avia-button-wrap av-2xoi0b-6f6641039b5e8f4606fbc1ab8954afc9-wrap avia-button-left  avia-builder-el-0  avia-builder-el-no-sibling '><a href='http:\/\/stage.annamariamartinolli.it\/fr\/catalogue\/demandes\/'  class='avia-button av-2xoi0b-6f6641039b5e8f4606fbc1ab8954afc9 av-link-btn avia-icon_select-yes-left-icon avia-size-large avia-position-left avia-color-theme-color'   aria-label=\"Contactez-moi\"><span class='avia_button_icon avia_button_icon_left avia-iconfont avia-font-entypo-fontello' data-av_icon='\ue836' data-av_iconfont='entypo-fontello' ><\/span><span class='avia_iconbox_title' >Contactez-moi<\/span><\/a><\/div>\n","protected":false},"excerpt":{"rendered":"<p>Le Dr Moulineaux s&#8217;est mari\u00e9 \u00e0 Yvonne d&#8217;Aigreville seulement six mois auparavant. Une nuit, cependant, le m\u00e9decin n&#8217;est pas revenu car il \u00e9tait all\u00e9 au Bal de l&#8217;Op\u00e9ra pour tenter de s\u00e9duire une de ses clientes, Suzanne Aubin, et comme si cela ne suffisait pas, il a oubli\u00e9 ses cl\u00e9s. Le matin, Moulineaux est surpris par sa femme et, pour tenter de se justifier, il est oblig\u00e9 de lui dire qu&#8217;il a \u00e9t\u00e9 au chevet d&#8217;un ami tr\u00e8s malade, Bassinet. Peu apr\u00e8s, Bassinet se pr\u00e9sente chez le m\u00e9decin pour essayer de le convaincre de louer un de ses appartements. Au milieu de la confusion g\u00e9n\u00e9rale, Moulineaux finit par louer un appartement, qui \u00e9tait auparavant occup\u00e9 par une couturi\u00e8re, pour rencontrer secr\u00e8tement Suzanne Aubin.<br \/>\nLe deuxi\u00e8me acte a lieu dans l&#8217;ancienne boutique de tailleur. La porte est tr\u00e8s ab\u00eem\u00e9e parce que Bassinet a expuls\u00e9 de force la couturi\u00e8re qui habitait dans l&#8217;appartement et cela g\u00e9n\u00e8re toute une s\u00e9rie de malentendus et de va-et-vient de personnes qui ne devraient pas \u00eatre l\u00e0, dont M. Aubin et sa ma\u00eetresse, Bassinet, la belle-m\u00e8re de Moulineaux et Yvonne elle-m\u00eame. Moulineaux essaie de s&#8217;en sortir en disant \u00e0 ceux qui ne le connaissent pas qu&#8217;il est un tailleur pour dames.<br \/>\nDans le troisi\u00e8me acte, apr\u00e8s de longues n\u00e9gociations, Moulineaux parvient enfin \u00e0 r\u00e9tablir la paix, et chaque couple retrouve la s\u00e9r\u00e9nit\u00e9 ardemment d\u00e9sir\u00e9e.<\/p>\n[av_toggle_container initial='0' mode='accordion' sort='' styling='' colors='' font_color='' background_color='' border_color='' colors_current='' font_color_current='' background_current='' background_color_current='' background_gradient_current_color1='' background_gradient_current_color2='' background_gradient_current_direction='vertical' hover_colors='' hover_background_color='' hover_font_color='' alb_description='' id='' custom_class='' av_uid='']<br \/>\n[av_toggle title='Formulaire de demande pour un sc\u00e9nario de th\u00e9\u00e2tre traduit en langue italienne' tags='' custom_id='']<br \/>\n[gravityform id=\"4\" title=\"false\" description=\"false\" ajax=\"true\"]<br \/>\n[\/av_toggle]<\/p>\n<p>[\/av_toggle_container]\n","protected":false},"featured_media":2780,"comment_status":"open","ping_status":"closed","template":"","meta":[],"product_brand":[],"product_cat":[174,128],"product_tag":[146],"class_list":{"0":"post-3913","1":"product","2":"type-product","3":"status-publish","4":"has-post-thumbnail","6":"product_cat-georges-feydeau-fr","7":"product_cat-scenarios","8":"product_tag-georges-feydeau-fr","10":"first","11":"instock","12":"virtual","13":"product-type-simple"},"_links":{"self":[{"href":"https:\/\/stage.annamariamartinolli.it\/fr\/wp-json\/wp\/v2\/product\/3913","targetHints":{"allow":["GET"]}}],"collection":[{"href":"https:\/\/stage.annamariamartinolli.it\/fr\/wp-json\/wp\/v2\/product"}],"about":[{"href":"https:\/\/stage.annamariamartinolli.it\/fr\/wp-json\/wp\/v2\/types\/product"}],"replies":[{"embeddable":true,"href":"https:\/\/stage.annamariamartinolli.it\/fr\/wp-json\/wp\/v2\/comments?post=3913"}],"wp:featuredmedia":[{"embeddable":true,"href":"https:\/\/stage.annamariamartinolli.it\/fr\/wp-json\/wp\/v2\/media\/2780"}],"wp:attachment":[{"href":"https:\/\/stage.annamariamartinolli.it\/fr\/wp-json\/wp\/v2\/media?parent=3913"}],"wp:term":[{"taxonomy":"product_brand","embeddable":true,"href":"https:\/\/stage.annamariamartinolli.it\/fr\/wp-json\/wp\/v2\/product_brand?post=3913"},{"taxonomy":"product_cat","embeddable":true,"href":"https:\/\/stage.annamariamartinolli.it\/fr\/wp-json\/wp\/v2\/product_cat?post=3913"},{"taxonomy":"product_tag","embeddable":true,"href":"https:\/\/stage.annamariamartinolli.it\/fr\/wp-json\/wp\/v2\/product_tag?post=3913"}],"curies":[{"name":"wp","href":"https:\/\/api.w.org\/{rel}","templated":true}]}}