{"id":3911,"date":"2020-06-30T23:23:14","date_gmt":"2020-06-30T21:23:14","guid":{"rendered":"http:\/\/stage.annamariamartinolli.it\/catalogo\/non%20class\u00e9\/un-bagno-casalingo\/"},"modified":"2020-07-12T10:37:14","modified_gmt":"2020-07-12T08:37:14","slug":"un-bagno-casalingo","status":"publish","type":"product","link":"https:\/\/stage.annamariamartinolli.it\/fr\/librairie\/scenarios\/georges-feydeau-fr\/un-bagno-casalingo\/","title":{"rendered":"Un bagno casalingo"},"content":{"rendered":"<p>Com\u00e9die en un acte, quatre personnages : deux hommes et deux femmes. Pour toute repr\u00e9sentation, veuillez contacter l&#8217;auteur au moins trois \u00e0 quatre mois \u00e0 l&#8217;avance car les \u0153uvres sont prot\u00e9g\u00e9es par la Soci\u00e9t\u00e9 Italienne des Auteurs et \u00c9diteurs. <strong>Le sc\u00e9nario est en langue italienne<\/strong>.<\/p>\n<div  class='avia-button-wrap av-2xoi0b-6f6641039b5e8f4606fbc1ab8954afc9-wrap avia-button-left  avia-builder-el-0  avia-builder-el-no-sibling '><a href='http:\/\/stage.annamariamartinolli.it\/fr\/catalogue\/demandes\/'  class='avia-button av-2xoi0b-6f6641039b5e8f4606fbc1ab8954afc9 av-link-btn avia-icon_select-yes-left-icon avia-size-large avia-position-left avia-color-theme-color'   aria-label=\"Contactez-moi\"><span class='avia_button_icon avia_button_icon_left avia-iconfont avia-font-entypo-fontello' data-av_icon='\ue836' data-av_iconfont='entypo-fontello' ><\/span><span class='avia_iconbox_title' >Contactez-moi<\/span><\/a><\/div>\n","protected":false},"excerpt":{"rendered":"<p>Laurence veut prendre un bain, mais comme sa maison n&#8217;a pas de salle de bain, elle demande \u00e0 la bonne et au neveu de son mari de pr\u00e9parer la baignoire dans l&#8217;antichambre. Pendant ce temps, son mari invente une excuse pour rendre visite \u00e0 sa ma\u00eetresse. Alors qu&#8217;elle s&#8217;appr\u00eate \u00e0 entrer dans la baignoire, Laurence a un l\u00e9ger \u00e9vanouissement et va s&#8217;allonger. Ne voulant pas gaspiller l&#8217;eau chaude, la bonne d\u00e9cide de prendre elle le bain, mais \u00e0 ce moment-l\u00e0, le mari de Laurence revient et, n&#8217;ayant pas trouv\u00e9 son amante, pense de profiter du bain. Dans l&#8217;obscurit\u00e9, il confond la bonne pour sa femme, qui entre-temps r\u00e9appara\u00eet et trouve la bonne dans les bras de son mari. Enrag\u00e9, Laurence menace de quitter la maison et tente de s\u00e9duire son neveu pour se venger. Apr\u00e8s d&#8217;embarrassantes tentatives de s\u00e9duction et de fausses menaces de duel, le couple se r\u00e9concilie et la bonne peut tranquillement reprendre son travail.<\/p>\n[av_toggle_container initial='0' mode='accordion' sort='' styling='' colors='' font_color='' background_color='' border_color='' colors_current='' font_color_current='' background_current='' background_color_current='' background_gradient_current_color1='' background_gradient_current_color2='' background_gradient_current_direction='vertical' hover_colors='' hover_background_color='' hover_font_color='' alb_description='' id='' custom_class='' av_uid='']<br \/>\n[av_toggle title='Formulaire de demande pour un sc\u00e9nario de th\u00e9\u00e2tre traduit en langue italienne' tags='' custom_id='']<br \/>\n[gravityform id=\"4\" title=\"false\" description=\"false\" ajax=\"true\"]<br \/>\n[\/av_toggle]<\/p>\n<p>[\/av_toggle_container]\n","protected":false},"featured_media":2780,"comment_status":"open","ping_status":"closed","template":"","meta":[],"product_brand":[],"product_cat":[174,128],"product_tag":[146],"class_list":{"0":"post-3911","1":"product","2":"type-product","3":"status-publish","4":"has-post-thumbnail","6":"product_cat-georges-feydeau-fr","7":"product_cat-scenarios","8":"product_tag-georges-feydeau-fr","10":"first","11":"instock","12":"virtual","13":"product-type-simple"},"_links":{"self":[{"href":"https:\/\/stage.annamariamartinolli.it\/fr\/wp-json\/wp\/v2\/product\/3911","targetHints":{"allow":["GET"]}}],"collection":[{"href":"https:\/\/stage.annamariamartinolli.it\/fr\/wp-json\/wp\/v2\/product"}],"about":[{"href":"https:\/\/stage.annamariamartinolli.it\/fr\/wp-json\/wp\/v2\/types\/product"}],"replies":[{"embeddable":true,"href":"https:\/\/stage.annamariamartinolli.it\/fr\/wp-json\/wp\/v2\/comments?post=3911"}],"wp:featuredmedia":[{"embeddable":true,"href":"https:\/\/stage.annamariamartinolli.it\/fr\/wp-json\/wp\/v2\/media\/2780"}],"wp:attachment":[{"href":"https:\/\/stage.annamariamartinolli.it\/fr\/wp-json\/wp\/v2\/media?parent=3911"}],"wp:term":[{"taxonomy":"product_brand","embeddable":true,"href":"https:\/\/stage.annamariamartinolli.it\/fr\/wp-json\/wp\/v2\/product_brand?post=3911"},{"taxonomy":"product_cat","embeddable":true,"href":"https:\/\/stage.annamariamartinolli.it\/fr\/wp-json\/wp\/v2\/product_cat?post=3911"},{"taxonomy":"product_tag","embeddable":true,"href":"https:\/\/stage.annamariamartinolli.it\/fr\/wp-json\/wp\/v2\/product_tag?post=3911"}],"curies":[{"name":"wp","href":"https:\/\/api.w.org\/{rel}","templated":true}]}}