{"id":3909,"date":"2020-06-30T23:33:16","date_gmt":"2020-06-30T21:33:16","guid":{"rendered":"http:\/\/stage.annamariamartinolli.it\/catalogo\/non%20class\u00e9\/la-signora-di-chez-maxim\/"},"modified":"2020-07-11T14:36:01","modified_gmt":"2020-07-11T12:36:01","slug":"la-signora-di-chez-maxim","status":"publish","type":"product","link":"https:\/\/stage.annamariamartinolli.it\/fr\/librairie\/scenarios\/georges-feydeau-fr\/la-signora-di-chez-maxim\/","title":{"rendered":"La signora di Chez Maxim"},"content":{"rendered":"<p>Com\u00e9die en trois actes, vingt-neuf personnages : dix-sept hommes et douze femmes. Pour toute repr\u00e9sentation, veuillez contacter l&#8217;auteur au moins trois \u00e0 quatre mois \u00e0 l&#8217;avance car les \u0153uvres sont prot\u00e9g\u00e9es par la Soci\u00e9t\u00e9 Italienne des Auteurs et \u00c9diteurs. <strong>Le sc\u00e9nario est en langue italienne<\/strong>.<\/p>\n<div  class='avia-button-wrap av-2xoi0b-6f6641039b5e8f4606fbc1ab8954afc9-wrap avia-button-left  avia-builder-el-0  avia-builder-el-no-sibling '><a href='http:\/\/stage.annamariamartinolli.it\/fr\/catalogue\/demandes\/'  class='avia-button av-2xoi0b-6f6641039b5e8f4606fbc1ab8954afc9 av-link-btn avia-icon_select-yes-left-icon avia-size-large avia-position-left avia-color-theme-color'   aria-label=\"Contactez-moi\"><span class='avia_button_icon avia_button_icon_left avia-iconfont avia-font-entypo-fontello' data-av_icon='\ue836' data-av_iconfont='entypo-fontello' ><\/span><span class='avia_iconbox_title' >Contactez-moi<\/span><\/a><\/div>\n","protected":false},"excerpt":{"rendered":"<p>Le Dr Petypon, apr\u00e8s une nuit de r\u00e9jouissances, se r\u00e9veille sous le canap\u00e9 et d\u00e9couvre qu&#8217;il a ramen\u00e9 chez lui une danseuse du Moulin Rouge, la M\u00f4me Crevette. Aid\u00e9 par son ami Mongicourt, Petypon tente d\u00e9sesp\u00e9r\u00e9ment de se d\u00e9barrasser de la M\u00f4me en cachant sa pr\u00e9sence \u00e0 sa femme Gabrielle. Mais toutes ses tentatives \u00e9chouent lamentablement, et lorsque son oncle, le g\u00e9n\u00e9ral Petypon du Grel\u00e9, se pr\u00e9sente \u00e0 la maison, Petypon est oblig\u00e9 de lui faire croire que la M\u00f4me est sa femme. Les deux hommes sont ensuite invit\u00e9 \u00e0 la r\u00e9ception de mariage d&#8217;une autre ni\u00e8ce du g\u00e9n\u00e9ral, au cours de laquelle la M\u00f4me se moque de la bourgeoisie pr\u00e9sente dans la salle en gagnant l&#8217;estime de tous. Une fois rentr\u00e9s chez Petypon, la v\u00e9rit\u00e9 \u00e9clatera et le g\u00e9n\u00e9ral sera tr\u00e8s heureux de d\u00e9couvrir que la M\u00f4me n&#8217;est pas la femme de son neveu et donc de pouvoir profiter de la vie avec elle.<\/p>\n[av_toggle_container initial='0' mode='accordion' sort='' styling='' colors='' font_color='' background_color='' border_color='' colors_current='' font_color_current='' background_current='' background_color_current='' background_gradient_current_color1='' background_gradient_current_color2='' background_gradient_current_direction='vertical' hover_colors='' hover_background_color='' hover_font_color='' alb_description='' id='' custom_class='' av_uid='']<br \/>\n[av_toggle title='Formulaire de demande pour un sc\u00e9nario de th\u00e9\u00e2tre traduit en langue italienne' tags='' custom_id='']<br \/>\n[gravityform id=\"4\" title=\"false\" description=\"false\" ajax=\"true\"]<br \/>\n[\/av_toggle]<\/p>\n<p>[\/av_toggle_container]\n","protected":false},"featured_media":2780,"comment_status":"open","ping_status":"closed","template":"","meta":[],"product_brand":[],"product_cat":[174,128],"product_tag":[146],"class_list":{"0":"post-3909","1":"product","2":"type-product","3":"status-publish","4":"has-post-thumbnail","6":"product_cat-georges-feydeau-fr","7":"product_cat-scenarios","8":"product_tag-georges-feydeau-fr","10":"first","11":"instock","12":"virtual","13":"product-type-simple"},"_links":{"self":[{"href":"https:\/\/stage.annamariamartinolli.it\/fr\/wp-json\/wp\/v2\/product\/3909","targetHints":{"allow":["GET"]}}],"collection":[{"href":"https:\/\/stage.annamariamartinolli.it\/fr\/wp-json\/wp\/v2\/product"}],"about":[{"href":"https:\/\/stage.annamariamartinolli.it\/fr\/wp-json\/wp\/v2\/types\/product"}],"replies":[{"embeddable":true,"href":"https:\/\/stage.annamariamartinolli.it\/fr\/wp-json\/wp\/v2\/comments?post=3909"}],"wp:featuredmedia":[{"embeddable":true,"href":"https:\/\/stage.annamariamartinolli.it\/fr\/wp-json\/wp\/v2\/media\/2780"}],"wp:attachment":[{"href":"https:\/\/stage.annamariamartinolli.it\/fr\/wp-json\/wp\/v2\/media?parent=3909"}],"wp:term":[{"taxonomy":"product_brand","embeddable":true,"href":"https:\/\/stage.annamariamartinolli.it\/fr\/wp-json\/wp\/v2\/product_brand?post=3909"},{"taxonomy":"product_cat","embeddable":true,"href":"https:\/\/stage.annamariamartinolli.it\/fr\/wp-json\/wp\/v2\/product_cat?post=3909"},{"taxonomy":"product_tag","embeddable":true,"href":"https:\/\/stage.annamariamartinolli.it\/fr\/wp-json\/wp\/v2\/product_tag?post=3909"}],"curies":[{"name":"wp","href":"https:\/\/api.w.org\/{rel}","templated":true}]}}