{"id":3907,"date":"2020-06-30T23:35:11","date_gmt":"2020-06-30T21:35:11","guid":{"rendered":"http:\/\/stage.annamariamartinolli.it\/catalogo\/non%20class\u00e9\/occupati-di-amelie\/"},"modified":"2020-07-11T14:17:43","modified_gmt":"2020-07-11T12:17:43","slug":"occupati-di-amelie","status":"publish","type":"product","link":"https:\/\/stage.annamariamartinolli.it\/fr\/librairie\/scenarios\/georges-feydeau-fr\/occupati-di-amelie\/","title":{"rendered":"Occupati di Am\u00e9lie"},"content":{"rendered":"<p>Com\u00e9die en trois actes et quatre tableaux, vingt-huit personnages : dix-huit hommes et dix femmes. Pour toute repr\u00e9sentation, veuillez contacter l&#8217;auteur au moins trois \u00e0 quatre mois \u00e0 l&#8217;avance car les \u0153uvres sont prot\u00e9g\u00e9es par la Soci\u00e9t\u00e9 Italienne des Auteurs et \u00c9diteurs. <strong>Le sc\u00e9nario est en langue italienne<\/strong>.<\/p>\n<div  class='avia-button-wrap av-2xoi0b-6f6641039b5e8f4606fbc1ab8954afc9-wrap avia-button-left  avia-builder-el-0  avia-builder-el-no-sibling '><a href='http:\/\/stage.annamariamartinolli.it\/fr\/catalogue\/demandes\/'  class='avia-button av-2xoi0b-6f6641039b5e8f4606fbc1ab8954afc9 av-link-btn avia-icon_select-yes-left-icon avia-size-large avia-position-left avia-color-theme-color'   aria-label=\"Contactez-moi\"><span class='avia_button_icon avia_button_icon_left avia-iconfont avia-font-entypo-fontello' data-av_icon='\ue836' data-av_iconfont='entypo-fontello' ><\/span><span class='avia_iconbox_title' >Contactez-moi<\/span><\/a><\/div>\n","protected":false},"excerpt":{"rendered":"<p>Fille d&#8217;une blanchisseuse Am\u00e9lie Pochet, entretenant des relations de haut niveau qui lui permettent de s&#8217;\u00e9lever socialement devient Am\u00e9lie d&#8217;Avranches. Au d\u00e9but, Am\u00e9lie est la ma\u00eetresse d&#8217;Etienne, qui s&#8217;appr\u00eate \u00e0 partir pour le service militaire. Avant son d\u00e9part, Etienne confie Am\u00e9lie \u00e0 son meilleur ami, Marcel. Pendant ce temps, le parrain de Marcel arrive et pris Am\u00e9lie pour sa petite amie. Pour ne pas d\u00e9sillusionner le bon parrain, Am\u00e9lie accepte de se faire passer pour la petite amie de Marcel. Mais ce qui devait arriver arrive et un matin, Am\u00e9lie se r\u00e9veille \u00e0 c\u00f4t\u00e9 de Marcel. Le parrain les surprend tous les deux dans un \u00e9tat qui ne laisse aucun doute sur leurs sentiments, et s&#8217;attend donc \u00e0 ce que le mariage ait lieu rapidement. Le parrain, cependant, avertit involontairement \u00c9tienne de son malheur et il revient aussit\u00f4t et promet de se venger. Etienne ne fait rien pour emp\u00eacher le mariage entre Am\u00e9lie et Marcel, faisant croire \u00e0 son ami que la c\u00e9r\u00e9monie dans la mairie \u00e9tait fausse et qu&#8217;elle \u00e9tait orchestr\u00e9e par lui dans le seul but de se moquer du parrain. Apr\u00e8s bien d&#8217;autres complications, Marcel r\u00e9ussit \u00e0 se d\u00e9barrasser d&#8217;Am\u00e9lie en la faisant prendre en flagrant d\u00e9lit d&#8217;adult\u00e8re avec Etienne.<\/p>\n[av_toggle_container initial='0' mode='accordion' sort='' styling='' colors='' font_color='' background_color='' border_color='' colors_current='' font_color_current='' background_current='' background_color_current='' background_gradient_current_color1='' background_gradient_current_color2='' background_gradient_current_direction='vertical' hover_colors='' hover_background_color='' hover_font_color='' alb_description='' id='' custom_class='' av_uid='']<br \/>\n[av_toggle title='Formulaire de demande pour un sc\u00e9nario de th\u00e9\u00e2tre traduit en langue italienne' tags='' custom_id='']<br \/>\n[gravityform id=\"4\" title=\"false\" description=\"false\" ajax=\"true\"]<br \/>\n[\/av_toggle]<\/p>\n<p>[\/av_toggle_container]\n","protected":false},"featured_media":2780,"comment_status":"open","ping_status":"closed","template":"","meta":[],"product_brand":[],"product_cat":[174,128],"product_tag":[146],"class_list":{"0":"post-3907","1":"product","2":"type-product","3":"status-publish","4":"has-post-thumbnail","6":"product_cat-georges-feydeau-fr","7":"product_cat-scenarios","8":"product_tag-georges-feydeau-fr","10":"first","11":"instock","12":"virtual","13":"product-type-simple"},"_links":{"self":[{"href":"https:\/\/stage.annamariamartinolli.it\/fr\/wp-json\/wp\/v2\/product\/3907","targetHints":{"allow":["GET"]}}],"collection":[{"href":"https:\/\/stage.annamariamartinolli.it\/fr\/wp-json\/wp\/v2\/product"}],"about":[{"href":"https:\/\/stage.annamariamartinolli.it\/fr\/wp-json\/wp\/v2\/types\/product"}],"replies":[{"embeddable":true,"href":"https:\/\/stage.annamariamartinolli.it\/fr\/wp-json\/wp\/v2\/comments?post=3907"}],"wp:featuredmedia":[{"embeddable":true,"href":"https:\/\/stage.annamariamartinolli.it\/fr\/wp-json\/wp\/v2\/media\/2780"}],"wp:attachment":[{"href":"https:\/\/stage.annamariamartinolli.it\/fr\/wp-json\/wp\/v2\/media?parent=3907"}],"wp:term":[{"taxonomy":"product_brand","embeddable":true,"href":"https:\/\/stage.annamariamartinolli.it\/fr\/wp-json\/wp\/v2\/product_brand?post=3907"},{"taxonomy":"product_cat","embeddable":true,"href":"https:\/\/stage.annamariamartinolli.it\/fr\/wp-json\/wp\/v2\/product_cat?post=3907"},{"taxonomy":"product_tag","embeddable":true,"href":"https:\/\/stage.annamariamartinolli.it\/fr\/wp-json\/wp\/v2\/product_tag?post=3907"}],"curies":[{"name":"wp","href":"https:\/\/api.w.org\/{rel}","templated":true}]}}