{"id":3768,"date":"2020-06-18T12:17:03","date_gmt":"2020-06-18T10:17:03","guid":{"rendered":"http:\/\/stage.annamariamartinolli.it\/catalogo\/non%20class\u00e9\/il-teatro-comico-di-georges-feydeau-i\/"},"modified":"2020-07-15T13:03:01","modified_gmt":"2020-07-15T11:03:01","slug":"il-teatro-comico-di-georges-feydeau-i","status":"publish","type":"product","link":"https:\/\/stage.annamariamartinolli.it\/fr\/librairie\/livres\/il-teatro-comico-di-georges-feydeau-i\/","title":{"rendered":"Il teatro comico di Georges Feydeau I"},"content":{"rendered":"<p><strong>Com\u00e9dies en trois actes<\/strong><\/p>\n<ul>\n<li>Il matrimonio di Barillon<\/li>\n<li>Il sistema Ribadier<\/li>\n<li>Il nastro<\/li>\n<\/ul>\n<p><strong>Com\u00e9dies en un acte<br \/>\n<\/strong><\/p>\n<ul>\n<li>Dalla finestra<\/li>\n<li>Un bagno casalingo<\/li>\n<li>L\u2019uomo balia<\/li>\n<li>\u00c8 una donna di mondo<\/li>\n<li>Riunione notturna<\/li>\n<\/ul>\n<p><strong>Monologues<\/strong><\/p>\n<ul>\n<li>Agli antipodi<\/li>\n<li>Il collegiale<\/li>\n<li>I personaggi famosi<\/li>\n<li>Le riforme<\/li>\n<li>L\u2019uomo integro<\/li>\n<li>Tutto merito di Brown-S\u00e9quard!\u2026<\/li>\n<li>Il giurato<\/li>\n<\/ul>\n","protected":false},"excerpt":{"rendered":"<blockquote><p>\u00abComment suis-je devenu vaudevilliste ? C&#8217;est tr\u00e8s simple. La paresse, c&#8217;est tout. Comment ! Cela vous surprend ? Ignorez que la paresse est la m\u00e8re miraculeuse et fertile du travail. Et je dis miraculeuse parce que le p\u00e8re est compl\u00e8tement inconnu\u2026\u00bb<\/p><\/blockquote>\n<p>Georges Feydeau (1862-1921), consid\u00e9r\u00e9 comme l&#8217;un des plus grands dramaturges de l&#8217;histoire du th\u00e9\u00e2tre fran\u00e7ais, se distingue par sa capacit\u00e9 \u00e0 exposer les d\u00e9fauts de la soci\u00e9t\u00e9 de son temps en se moquant de la bourgeoisie assise dans le public, soulignant sans ambages sa vacuit\u00e9 intellectuelle. Sa production th\u00e9\u00e2trale, qui comprend une quarantaine d&#8217;\u0153uvres, va de la com\u00e9die \u00e0 la pi\u00e8ce en un acte et au monologue, avec lesquels l&#8217;auteur accuse ouvertement les personnages et la mentalit\u00e9 de son \u00e9poque sans jamais perdre la verve qui le caract\u00e9rise.<br \/>\nLe livre, en plus de pr\u00e9senter une collection in\u00e9dite de pi\u00e8ces et de monologues, contient \u00e9galement quelques essais approfondis sur le style th\u00e9\u00e2tral de l&#8217;auteur, les personnages de ses textes et aussi la synth\u00e8se des intrigues de toutes les \u0153uvres.<br \/>\n(\u00e9dit\u00e9 par Pasquale Calvino et Annamaria Martinolli. <strong>Le livre est en langue italienne<\/strong>)<\/p>\n[av_promobox button='yes' label='Acheter' icon_select='yes' icon='ue859' font='entypo-fontello' color='theme-color' custom_bg='#444444' custom_font='#ffffff' size='large' box_color='' box_custom_font='#ffffff' box_custom_bg='#444444' box_custom_border='#333333' label_display='' link='manually,https:\/\/www.editoriaespettacolo.com\/prodotto\/il-teatro-comico-di-georges-feydeau-i\/' link_target='_blank' id='' custom_class='' av_uid='' admin_preview_bg='']<br \/>\nAcheter sur le site de Editoria&amp;Spettacolo<br \/>\n[\/av_promobox]\n","protected":false},"featured_media":1151,"comment_status":"open","ping_status":"closed","template":"","meta":[],"product_brand":[],"product_cat":[132],"product_tag":[146,136],"class_list":{"0":"post-3768","1":"product","2":"type-product","3":"status-publish","4":"has-post-thumbnail","6":"product_cat-livres","7":"product_tag-georges-feydeau-fr","8":"product_tag-livres","10":"first","11":"instock","12":"shipping-taxable","13":"product-type-simple"},"_links":{"self":[{"href":"https:\/\/stage.annamariamartinolli.it\/fr\/wp-json\/wp\/v2\/product\/3768","targetHints":{"allow":["GET"]}}],"collection":[{"href":"https:\/\/stage.annamariamartinolli.it\/fr\/wp-json\/wp\/v2\/product"}],"about":[{"href":"https:\/\/stage.annamariamartinolli.it\/fr\/wp-json\/wp\/v2\/types\/product"}],"replies":[{"embeddable":true,"href":"https:\/\/stage.annamariamartinolli.it\/fr\/wp-json\/wp\/v2\/comments?post=3768"}],"wp:featuredmedia":[{"embeddable":true,"href":"https:\/\/stage.annamariamartinolli.it\/fr\/wp-json\/wp\/v2\/media\/1151"}],"wp:attachment":[{"href":"https:\/\/stage.annamariamartinolli.it\/fr\/wp-json\/wp\/v2\/media?parent=3768"}],"wp:term":[{"taxonomy":"product_brand","embeddable":true,"href":"https:\/\/stage.annamariamartinolli.it\/fr\/wp-json\/wp\/v2\/product_brand?post=3768"},{"taxonomy":"product_cat","embeddable":true,"href":"https:\/\/stage.annamariamartinolli.it\/fr\/wp-json\/wp\/v2\/product_cat?post=3768"},{"taxonomy":"product_tag","embeddable":true,"href":"https:\/\/stage.annamariamartinolli.it\/fr\/wp-json\/wp\/v2\/product_tag?post=3768"}],"curies":[{"name":"wp","href":"https:\/\/api.w.org\/{rel}","templated":true}]}}