{"id":3767,"date":"2020-06-18T13:34:03","date_gmt":"2020-06-18T11:34:03","guid":{"rendered":"http:\/\/stage.annamariamartinolli.it\/catalogo\/non%20class\u00e9\/il-teatro-comico-di-georges-feydeau-ii\/"},"modified":"2020-07-15T16:26:08","modified_gmt":"2020-07-15T14:26:08","slug":"il-teatro-comico-di-georges-feydeau-ii","status":"publish","type":"product","link":"https:\/\/stage.annamariamartinolli.it\/fr\/librairie\/livres\/il-teatro-comico-di-georges-feydeau-ii\/","title":{"rendered":"Il teatro comico di Georges Feydeau II"},"content":{"rendered":"<p><strong>Com\u00e9dies en trois actes<\/strong><\/p>\n<ul>\n<li>L\u2019affare Edouard<\/li>\n<li>La signora di Chez Maxim<\/li>\n<\/ul>\n<p><strong>Com\u00e9dies en un acte<br \/>\n<\/strong><\/p>\n<ul>\n<li>Un tipo da forca<\/li>\n<li>Il rimedio \u00e8 peggiore del male<\/li>\n<li>A me gli occhi!<\/li>\n<li>L\u2019uomo di paglia<\/li>\n<\/ul>\n<p><strong>Monologues<\/strong><\/p>\n<ul>\n<li>Un colpo di testa<\/li>\n<li>Un signore che non ama i monologhi<\/li>\n<li>Ho mal di denti!<\/li>\n<li>Patta all\u2019aria<\/li>\n<li>La banconota da mille<\/li>\n<li>Il pacco<\/li>\n<li>Un signore condannato a morte<\/li>\n<\/ul>\n","protected":false},"excerpt":{"rendered":"<p>Georges Feydeau (1862-1921) est un prodigieux inventeur du genre comique. Il n&#8217;a pas renouvel\u00e9 le vaudeville, mais \u00e0 travers toutes ses pi\u00e8ces, il en a cr\u00e9\u00e9 un nouveau. D&#8217;autres, reproduisant ses d\u00e9cors bizarres, nous donnaient l&#8217;illusion de l&#8217;imiter, mais il \u00e9tait inimitable, pr\u00e9cis\u00e9ment \u00e0 cause de son incessante inventivit\u00e9. Partant d&#8217;une id\u00e9e initiale, Georges Feydeau a su donner libre cours \u00e0 son imagination et, au fur et \u00e0 mesure que ses personnages avan\u00e7aient sur leur chemin, il leur a invent\u00e9 des rues sans issue, les obligeant \u00e0 d\u00e9couvrir par eux-m\u00eames des portes ou des fen\u00eatres dont il ne soup\u00e7onnait m\u00eame pas l&#8217;existence et qu&#8217;il arrachait \u00e0 l&#8217;inconnu de la vie quotidienne. N&#8217;importe qui d&#8217;autre aurait perdu ses rep\u00e8res. Georges Feydeau poss\u00e9dait la merveilleuse cl\u00e9 des grands observateurs. Il fouillait ses personnages jusqu&#8217;\u00e0 trouver en eux le fil qui lui permettait de les coudre, de les lancer \u00e0 nouveau dans la prochaine aventure. Feydeau n&#8217;attendait rien du hasard ; il ne se fiait qu&#8217;\u00e0 ses d\u00e9ductions. Les types qu&#8217;il a mis en sc\u00e8ne \u00e9taient vivants gr\u00e2ce \u00e0 leur authenticit\u00e9, et tout ce qui pouvait leur arriver devenait plausible, \u00e9vident, in\u00e9vitable. (R\u00e9gis Gignoux)<\/p>\n<p>Le livre, outre la c\u00e9l\u00e8bre <em>Dame de chez Maxim<\/em>, contient des com\u00e9dies, des com\u00e9dies en un acte et des monologues jamais traduits auparavant, le tout enrichi par des essais approfondis analysant les \u0153uvres de Feydeau et Labiche, le comique de Feydeau et les personnages les plus c\u00e9l\u00e8bres de ses pi\u00e8ces.<br \/>\n(\u00e9dit\u00e9 par Pasquale Calvino et Annamaria Martinolli. <strong>Le livre est en langue italienne<\/strong>)<\/p>\n[av_promobox button='yes' label='Acheter' icon_select='yes' icon='ue859' font='entypo-fontello' color='theme-color' custom_bg='#444444' custom_font='#ffffff' size='large' box_color='' box_custom_font='#ffffff' box_custom_bg='#444444' box_custom_border='#333333' label_display='' link='manually,https:\/\/www.editoriaespettacolo.com\/prodotto\/il-teatro-comico-di-georges-feydeau-ii\/' link_target='_blank' id='' custom_class='' av_uid='' admin_preview_bg='']<br \/>\nAcheter sur le site de Editoria&amp;Spettacolo<br \/>\n[\/av_promobox]\n","protected":false},"featured_media":1165,"comment_status":"open","ping_status":"closed","template":"","meta":[],"product_brand":[],"product_cat":[132],"product_tag":[146,136],"class_list":{"0":"post-3767","1":"product","2":"type-product","3":"status-publish","4":"has-post-thumbnail","6":"product_cat-livres","7":"product_tag-georges-feydeau-fr","8":"product_tag-livres","10":"first","11":"instock","12":"shipping-taxable","13":"product-type-simple"},"_links":{"self":[{"href":"https:\/\/stage.annamariamartinolli.it\/fr\/wp-json\/wp\/v2\/product\/3767","targetHints":{"allow":["GET"]}}],"collection":[{"href":"https:\/\/stage.annamariamartinolli.it\/fr\/wp-json\/wp\/v2\/product"}],"about":[{"href":"https:\/\/stage.annamariamartinolli.it\/fr\/wp-json\/wp\/v2\/types\/product"}],"replies":[{"embeddable":true,"href":"https:\/\/stage.annamariamartinolli.it\/fr\/wp-json\/wp\/v2\/comments?post=3767"}],"wp:featuredmedia":[{"embeddable":true,"href":"https:\/\/stage.annamariamartinolli.it\/fr\/wp-json\/wp\/v2\/media\/1165"}],"wp:attachment":[{"href":"https:\/\/stage.annamariamartinolli.it\/fr\/wp-json\/wp\/v2\/media?parent=3767"}],"wp:term":[{"taxonomy":"product_brand","embeddable":true,"href":"https:\/\/stage.annamariamartinolli.it\/fr\/wp-json\/wp\/v2\/product_brand?post=3767"},{"taxonomy":"product_cat","embeddable":true,"href":"https:\/\/stage.annamariamartinolli.it\/fr\/wp-json\/wp\/v2\/product_cat?post=3767"},{"taxonomy":"product_tag","embeddable":true,"href":"https:\/\/stage.annamariamartinolli.it\/fr\/wp-json\/wp\/v2\/product_tag?post=3767"}],"curies":[{"name":"wp","href":"https:\/\/api.w.org\/{rel}","templated":true}]}}