{"id":3765,"date":"2020-06-19T05:43:43","date_gmt":"2020-06-19T03:43:43","guid":{"rendered":"http:\/\/stage.annamariamartinolli.it\/catalogo\/non%20class\u00e9\/il-teatro-comico-di-georges-feydeau-iv\/"},"modified":"2020-07-15T12:47:09","modified_gmt":"2020-07-15T10:47:09","slug":"il-teatro-comico-di-georges-feydeau-iv","status":"publish","type":"product","link":"https:\/\/stage.annamariamartinolli.it\/fr\/librairie\/livres\/il-teatro-comico-di-georges-feydeau-iv\/","title":{"rendered":"Il teatro comico di Georges Feydeau IV"},"content":{"rendered":"<p><strong>Com\u00e9dies en trois actes\/cinq actes<\/strong><\/p>\n<ul>\n<li>L\u2019albergo del Libero Scambio<\/li>\n<li>Passa la mano<\/li>\n<\/ul>\n<p><strong>Com\u00e9dies en un acte<br \/>\n<\/strong><\/p>\n<ul>\n<li>Purghiamo il bimbo<\/li>\n<li>Hortense ha detto: &#8220;Me ne frego!\u201d<\/li>\n<\/ul>\n<p><strong>Monologues<\/strong><\/p>\n<ul>\n<li>La piccola ribelle<\/li>\n<li>I bambini<\/li>\n<li>La cantilena del povero proprietario<\/li>\n<\/ul>\n","protected":false},"excerpt":{"rendered":"<p>Ce quatri\u00e8me volume consacr\u00e9 \u00e0 Feydeau rassemble \u00e0 la fois des textes tr\u00e8s r\u00e9ussis (<em>L&#8217;albergo del Libero Scambio<\/em> et <em>Purghiamo il bimbo<\/em>) et des textes in\u00e9dits en italien dans lesquels l&#8217;auteur utilise des outils inhabituels pour concevoir ses intrigues (comme le phonographe de la <em>pi\u00e8ce<\/em> en quatre actes <em>Passa la mano!<\/em>). L&#8217;essai <em>Le traduzioni e gli adattamenti delle pi\u00e8ces di Georges Feydeau: il diverso approccio di Stati Uniti, Inghilterra, Italia e Spagna<\/em> permet \u00e9galement de d\u00e9couvrir les choix faits dans le monde entier pour mettre en sc\u00e8ne les textes de l&#8217;auteur.<br \/>\n(\u00e9dit\u00e9 par Pasquale Calvino et Annamaria Martinolli. <strong>Le livre est en langue italienne<\/strong>)<\/p>\n[av_promobox button='yes' label='Acheter' icon_select='yes' icon='ue859' font='entypo-fontello' color='theme-color' custom_bg='#444444' custom_font='#ffffff' size='large' box_color='' box_custom_font='#ffffff' box_custom_bg='#444444' box_custom_border='#333333' label_display='' link='manually,https:\/\/www.editoriaespettacolo.com\/prodotto\/il-teatro-comico-di-georges-feydeau-iv\/' link_target='_blank' id='' custom_class='' av_uid='' admin_preview_bg='']<br \/>\nAcheter sur le site de Editoria&amp;Spettacolo<br \/>\n[\/av_promobox]\n","protected":false},"featured_media":1185,"comment_status":"open","ping_status":"closed","template":"","meta":[],"product_brand":[],"product_cat":[132],"product_tag":[146,136],"class_list":{"0":"post-3765","1":"product","2":"type-product","3":"status-publish","4":"has-post-thumbnail","6":"product_cat-livres","7":"product_tag-georges-feydeau-fr","8":"product_tag-livres","10":"first","11":"instock","12":"shipping-taxable","13":"product-type-simple"},"_links":{"self":[{"href":"https:\/\/stage.annamariamartinolli.it\/fr\/wp-json\/wp\/v2\/product\/3765","targetHints":{"allow":["GET"]}}],"collection":[{"href":"https:\/\/stage.annamariamartinolli.it\/fr\/wp-json\/wp\/v2\/product"}],"about":[{"href":"https:\/\/stage.annamariamartinolli.it\/fr\/wp-json\/wp\/v2\/types\/product"}],"replies":[{"embeddable":true,"href":"https:\/\/stage.annamariamartinolli.it\/fr\/wp-json\/wp\/v2\/comments?post=3765"}],"wp:featuredmedia":[{"embeddable":true,"href":"https:\/\/stage.annamariamartinolli.it\/fr\/wp-json\/wp\/v2\/media\/1185"}],"wp:attachment":[{"href":"https:\/\/stage.annamariamartinolli.it\/fr\/wp-json\/wp\/v2\/media?parent=3765"}],"wp:term":[{"taxonomy":"product_brand","embeddable":true,"href":"https:\/\/stage.annamariamartinolli.it\/fr\/wp-json\/wp\/v2\/product_brand?post=3765"},{"taxonomy":"product_cat","embeddable":true,"href":"https:\/\/stage.annamariamartinolli.it\/fr\/wp-json\/wp\/v2\/product_cat?post=3765"},{"taxonomy":"product_tag","embeddable":true,"href":"https:\/\/stage.annamariamartinolli.it\/fr\/wp-json\/wp\/v2\/product_tag?post=3765"}],"curies":[{"name":"wp","href":"https:\/\/api.w.org\/{rel}","templated":true}]}}