{"id":3764,"date":"2020-06-19T05:54:54","date_gmt":"2020-06-19T03:54:54","guid":{"rendered":"http:\/\/stage.annamariamartinolli.it\/catalogo\/non%20class\u00e9\/il-teatro-comico-di-georges-feydeau-v\/"},"modified":"2020-07-15T12:32:18","modified_gmt":"2020-07-15T10:32:18","slug":"il-teatro-comico-di-georges-feydeau-v","status":"publish","type":"product","link":"https:\/\/stage.annamariamartinolli.it\/fr\/librairie\/livres\/il-teatro-comico-di-georges-feydeau-v\/","title":{"rendered":"Il teatro comico di Georges Feydeau V"},"content":{"rendered":"<p><strong>Com\u00e9dies en trois actes\/cinq actes<\/strong><\/p>\n<ul>\n<li>Sarto per signora<\/li>\n<li>A scatola chiusa<\/li>\n<li>Occupati di Am\u00e9lie<\/li>\n<\/ul>\n<p><strong>Com\u00e9dies en un acte<br \/>\n<\/strong><\/p>\n<ul>\n<li>L\u00e9onie \u00e8 in anticipo<\/li>\n<\/ul>\n<p><strong>Monologues<\/strong><\/p>\n<ul>\n<li>La signora Sganarello<\/li>\n<\/ul>\n","protected":false},"excerpt":{"rendered":"<p>Cinqui\u00e8me volume consacr\u00e9 \u00e0 Feydeau qui rassemble des textes de grand succ\u00e8s: <em>Sarto per signora<\/em>, <em>A scatola chiusa<\/em>, <em>Occupati di Am\u00e9lie<\/em>, <em>L\u00e9onie \u00e8 in anticipo<\/em>, <em>La Signora Sganarello<\/em>.<br \/>\n\u00abFeydeau est &#8211; \u00e0 bien des \u00e9gards &#8211; le cr\u00e9ateur du genre de com\u00e9dies qui, en Italie, ont \u00e9t\u00e9 baptis\u00e9es du nom fran\u00e7ais de &#8220;pochade&#8221; et qui, en France, sont plut\u00f4t appel\u00e9es &#8220;vaudeville&#8221;. [&#8230;] Une situation burlesque, pour lui, ne peut exister que dans la mesure o\u00f9 elle doit en g\u00e9n\u00e9rer une autre encore plus ridicule. Il s&#8217;agit d&#8217;entrer dans le jeu, mais une fois pris dans l&#8217;engrenage, il est impossible de ne pas rire\u00bb.<br \/>\n(\u00e9dit\u00e9 par Annamaria Martinolli. <strong>Le livre est en langue italienne<\/strong>)<\/p>\n[av_promobox button='yes' label='Acheter' icon_select='yes' icon='ue859' font='entypo-fontello' color='theme-color' custom_bg='#444444' custom_font='#ffffff' size='large' box_color='' box_custom_font='#ffffff' box_custom_bg='#444444' box_custom_border='#333333' label_display='' link='manually,https:\/\/www.editoriaespettacolo.com\/prodotto\/teatro-comico-georges-feydeau-vol-5\/' link_target='_blank' id='' custom_class='' av_uid='' admin_preview_bg='']<br \/>\nAcheter sur le site de Editoria&amp;Spettacolo<br \/>\n[\/av_promobox]\n","protected":false},"featured_media":1191,"comment_status":"open","ping_status":"closed","template":"","meta":[],"product_brand":[],"product_cat":[132],"product_tag":[146,136],"class_list":{"0":"post-3764","1":"product","2":"type-product","3":"status-publish","4":"has-post-thumbnail","6":"product_cat-livres","7":"product_tag-georges-feydeau-fr","8":"product_tag-livres","10":"first","11":"instock","12":"shipping-taxable","13":"product-type-simple"},"_links":{"self":[{"href":"https:\/\/stage.annamariamartinolli.it\/fr\/wp-json\/wp\/v2\/product\/3764","targetHints":{"allow":["GET"]}}],"collection":[{"href":"https:\/\/stage.annamariamartinolli.it\/fr\/wp-json\/wp\/v2\/product"}],"about":[{"href":"https:\/\/stage.annamariamartinolli.it\/fr\/wp-json\/wp\/v2\/types\/product"}],"replies":[{"embeddable":true,"href":"https:\/\/stage.annamariamartinolli.it\/fr\/wp-json\/wp\/v2\/comments?post=3764"}],"wp:featuredmedia":[{"embeddable":true,"href":"https:\/\/stage.annamariamartinolli.it\/fr\/wp-json\/wp\/v2\/media\/1191"}],"wp:attachment":[{"href":"https:\/\/stage.annamariamartinolli.it\/fr\/wp-json\/wp\/v2\/media?parent=3764"}],"wp:term":[{"taxonomy":"product_brand","embeddable":true,"href":"https:\/\/stage.annamariamartinolli.it\/fr\/wp-json\/wp\/v2\/product_brand?post=3764"},{"taxonomy":"product_cat","embeddable":true,"href":"https:\/\/stage.annamariamartinolli.it\/fr\/wp-json\/wp\/v2\/product_cat?post=3764"},{"taxonomy":"product_tag","embeddable":true,"href":"https:\/\/stage.annamariamartinolli.it\/fr\/wp-json\/wp\/v2\/product_tag?post=3764"}],"curies":[{"name":"wp","href":"https:\/\/api.w.org\/{rel}","templated":true}]}}