{"id":3757,"date":"2020-06-19T06:17:11","date_gmt":"2020-06-19T04:17:11","guid":{"rendered":"http:\/\/stage.annamariamartinolli.it\/catalogo\/non%20class\u00e9\/il-teatro-comico-di-eugene-labiche-i\/"},"modified":"2020-07-15T12:24:28","modified_gmt":"2020-07-15T10:24:28","slug":"il-teatro-comico-di-eugene-labiche-i","status":"publish","type":"product","link":"https:\/\/stage.annamariamartinolli.it\/fr\/librairie\/livres\/il-teatro-comico-di-eugene-labiche-i\/","title":{"rendered":"Il teatro comico di Eug\u00e8ne Labiche I"},"content":{"rendered":"<p><strong>Le volume contient les textes suivants:<\/strong><\/p>\n<ul>\n<li>Un cappello di paglia di Firenze<\/li>\n<li>Se ti becco, son dolori!<\/li>\n<li>La sensitiva<\/li>\n<li>Una figlia sotto stretta sorveglianza<\/li>\n<li>L\u2019affare della Rue de Lourcine<\/li>\n<\/ul>\n","protected":false},"excerpt":{"rendered":"<p>\u00abPendant quarante ans, Eug\u00e8ne Labiche a fait rire ses contemporains : il \u00e9tait une force, une force b\u00e9n\u00e9fique. La joie est en effet le trait dominant de tout son th\u00e9\u00e2tre, et c&#8217;est ce qui en fait un th\u00e9\u00e2tre unique et tr\u00e8s original. D&#8217;autres auteurs, \u00e0 leurs \u00e9poques respectives, se sont r\u00e9v\u00e9l\u00e9s aussi joyeux que Labiche, mais aucun, comme lui, ne poss\u00e9dait cette joie in\u00e9puisable qui, du d\u00e9but \u00e0 la fin de son \u0153uvre, s&#8217;est r\u00e9v\u00e9l\u00e9e \u00eatre sa source d&#8217;inspiration constante. C&#8217;est Labiche lui-m\u00eame qui semble avoir compos\u00e9 ses pi\u00e8ces dans le seul but de s&#8217;amuser et de divertir le public.<\/p>\n<p>L&#8217;environnement dans lequel coule l&#8217;esprit d&#8217;observation si p\u00e9n\u00e9trant de Labiche est toujours le m\u00eame, et le personnage qu&#8217;il met constamment en sc\u00e8ne est le bourgeois, proche parent de Monsieur Prudhomme dessin\u00e9 par Henry Monnier. Il est riche, ce bourgeois, ou du moins ais\u00e9, car la richesse est un terreau parfait pour cultiver la fleur de la b\u00eatise. C&#8217;est un homme qui a v\u00e9cu, ce bourgeois, mais qui n&#8217;a rien appris de la vie : ses quelques exp\u00e9riences se transforment in\u00e9vitablement en aphorismes ou en formules sans signification. C&#8217;est un type sentencieux, plein de pr\u00e9jug\u00e9s, capable de ne reconna\u00eetre la morale que lorsqu&#8217;elle est perch\u00e9e sur des \u00e9chasses sur lesquelles il l&#8217;a lui-m\u00eame plac\u00e9e. Limit\u00e9 et avec une vision \u00e9troite de la vie, il se r\u00e9v\u00e8le mesquin m\u00eame dans ses vices : jeune homme, il \u00e9tait libertin, oui, mais seulement dans une certaine mesure. Une fois mari\u00e9, il entrera compl\u00e8tement dans son personnage, et subira consciemment les m\u00e9saventures pr\u00e9vues par la situation.<\/p>\n<p>Tout cela est le fruit d&#8217;un authentique esprit d&#8217;observation ; est-il possible que, malgr\u00e9 les apparences clownesques, il s&#8217;agisse plut\u00f4t d&#8217;une observation pessimiste ? Absolument pas. Car si Labiche s&#8217;empresse de rire de nos fautes, c&#8217;est qu&#8217;il n&#8217;a pas l&#8217;intention d&#8217;en pleurer. Il accepte les choses telles qu&#8217;elles sont, parce qu&#8217;il les consid\u00e8re comme acceptables et parce que, apr\u00e8s tout, il n&#8217;y a pas de rem\u00e8de. C&#8217;est pourquoi, malgr\u00e9 tous ses d\u00e9fauts, son bourgeois est une tr\u00e8s bonne personne, pas si mauvaise mais s\u00fbrement f\u00e9roce\u00bb.<\/p>\n<p style=\"text-align: right;\">(Ren\u00e9 Doumic, <em>De Scribe \u00e0 Ibsen: causeries sur le th\u00e9\u00e2tre contemporain<\/em>, 1893)<\/p>\n<p>Le livre contient \u00e9galement quelques essais approfondis sur le style th\u00e9\u00e2tral de l&#8217;auteur et les personnages de ses textes ainsi qu&#8217;une liste de toutes ses \u0153uvres. <strong>Le livre est en langue italienne<\/strong>.<br \/>\n(\u00e9dit\u00e9 par Annamaria Martinolli)<\/p>\n[av_promobox button='yes' label='Acheter' icon_select='yes' icon='ue859' font='entypo-fontello' color='theme-color' custom_bg='#444444' custom_font='#ffffff' size='large' box_color='' box_custom_font='#ffffff' box_custom_bg='#444444' box_custom_border='#333333' label_display='' link='manually,https:\/\/www.editoriaespettacolo.com\/prodotto\/il-teatro-comico-di-eugene-labiche-i\/' link_target='_blank' id='' custom_class='' av_uid='' admin_preview_bg='']<br \/>\nAcheter sur le site de Editoria&amp;Spettacolo<br \/>\n[\/av_promobox]\n","protected":false},"featured_media":1197,"comment_status":"open","ping_status":"closed","template":"","meta":[],"product_brand":[],"product_cat":[132],"product_tag":[143,136],"class_list":{"0":"post-3757","1":"product","2":"type-product","3":"status-publish","4":"has-post-thumbnail","6":"product_cat-livres","7":"product_tag-eugene-labiche-fr","8":"product_tag-livres","10":"first","11":"instock","12":"shipping-taxable","13":"product-type-simple"},"_links":{"self":[{"href":"https:\/\/stage.annamariamartinolli.it\/fr\/wp-json\/wp\/v2\/product\/3757","targetHints":{"allow":["GET"]}}],"collection":[{"href":"https:\/\/stage.annamariamartinolli.it\/fr\/wp-json\/wp\/v2\/product"}],"about":[{"href":"https:\/\/stage.annamariamartinolli.it\/fr\/wp-json\/wp\/v2\/types\/product"}],"replies":[{"embeddable":true,"href":"https:\/\/stage.annamariamartinolli.it\/fr\/wp-json\/wp\/v2\/comments?post=3757"}],"wp:featuredmedia":[{"embeddable":true,"href":"https:\/\/stage.annamariamartinolli.it\/fr\/wp-json\/wp\/v2\/media\/1197"}],"wp:attachment":[{"href":"https:\/\/stage.annamariamartinolli.it\/fr\/wp-json\/wp\/v2\/media?parent=3757"}],"wp:term":[{"taxonomy":"product_brand","embeddable":true,"href":"https:\/\/stage.annamariamartinolli.it\/fr\/wp-json\/wp\/v2\/product_brand?post=3757"},{"taxonomy":"product_cat","embeddable":true,"href":"https:\/\/stage.annamariamartinolli.it\/fr\/wp-json\/wp\/v2\/product_cat?post=3757"},{"taxonomy":"product_tag","embeddable":true,"href":"https:\/\/stage.annamariamartinolli.it\/fr\/wp-json\/wp\/v2\/product_tag?post=3757"}],"curies":[{"name":"wp","href":"https:\/\/api.w.org\/{rel}","templated":true}]}}