{"id":3754,"date":"2020-06-19T06:33:46","date_gmt":"2020-06-19T04:33:46","guid":{"rendered":"http:\/\/stage.annamariamartinolli.it\/catalogo\/non%20class\u00e9\/il-teatro-di-noel-coward-vol-1\/"},"modified":"2020-07-15T10:52:58","modified_gmt":"2020-07-15T08:52:58","slug":"il-teatro-di-noel-coward-vol-1","status":"publish","type":"product","link":"https:\/\/stage.annamariamartinolli.it\/fr\/librairie\/livres\/il-teatro-di-noel-coward-vol-1\/","title":{"rendered":"Il teatro di No\u00ebl Coward vol. 1"},"content":{"rendered":"<p><strong>Le volume contient les textes suivants<br \/>\n<\/strong><\/p>\n<ul>\n<li>Partita a quattro<\/li>\n<\/ul>\n<p><strong>Com\u00e9dies en un acte de la s\u00e9rie Ce soir \u00e0 20h30<\/strong><\/p>\n<ul>\n<li>Noi ballavamo<\/li>\n<li>Il cuore smarrito<\/li>\n<li>Red Peppers<\/li>\n<li>Album di famiglia<\/li>\n<li>Amici d\u2019oltremare<\/li>\n<li>Quercia affumicata<\/li>\n<li>Ombre del passato<\/li>\n<li>Star Chamber<\/li>\n<li>Strategie di sopravvivenza<\/li>\n<li>Natura morta (Breve incontro)<\/li>\n<\/ul>\n","protected":false},"excerpt":{"rendered":"<p>\u00abL&#8217;illusion classique selon laquelle le succ\u00e8s transforme automatiquement un \u00eatre humain ordinaire en un monstre d&#8217;\u00e9go\u00efsme, dans mon cas, s&#8217;est effondr\u00e9e. Je n&#8217;ai jamais \u00e9t\u00e9 pr\u00e9somptueux, arrogant, grossier ou offensant envers les serveurs. Les gens me qualifient souvent de &#8220;bon&#8221; et d'&#8221;incroyablement humain&#8221;. Les deux d\u00e9finitions, bien qu&#8217;elles soient superficielles, s&#8217;av\u00e8rent, \u00e0 y regarder de plus pr\u00e8s, assez stupides. La plupart du temps, la pr\u00e9somption est la manifestation ext\u00e9rieure d&#8217;un sentiment int\u00e9rieur d&#8217;inf\u00e9riorit\u00e9. Les imb\u00e9ciles se montrent souvent pr\u00e9somptueux car ils ont inconsciemment peur d&#8217;\u00eatre d\u00e9couverts et craignent qu&#8217;un regard perspicace ne p\u00e9n\u00e8tre leur fa\u00e7ade et ne r\u00e9v\u00e8le la timide confusion qui s&#8217;y cache. D&#8217;une mani\u00e8re g\u00e9n\u00e9rale, les personnes les plus pompeuses que j&#8217;ai rencontr\u00e9es sont celles qui n&#8217;ont jamais rien accompli dans la vie. Je ne suis ni stupide ni effray\u00e9, et ma perception de mon importance pour le monde est relativement pauvre ; cependant, ma perception de mon importance pour moi-m\u00eame est terrible : je suis tout ce que j&#8217;ai, et je suis celui avec qui je dois travailler, agir, souffrir et me r\u00e9jouir. Ce n&#8217;est pas le regard des autres dont je me m\u00e9fie, c&#8217;est le mien, et je ne souhaite pas me d\u00e9cevoir plus que n\u00e9cessaire. En cons\u00e9quence, j&#8217;ai d\u00e9couvert que moins j&#8217;ai d&#8217;illusions sur ma personne et sur le monde qui m&#8217;entoure, plus je peux \u00eatre une bonne compagnie pour moi-m\u00eame\u00bb.<\/p>\n<p style=\"text-align: right;\">(No\u00ebl Coward)<\/p>\n<p>\u00e9dit\u00e9 par Annamaria Martinolli. <strong>Le livre est en langue italienne<\/strong>.<\/p>\n[av_promobox button='yes' label='Acheter' icon_select='yes' icon='ue859' font='entypo-fontello' color='theme-color' custom_bg='#444444' custom_font='#ffffff' size='large' box_color='' box_custom_font='#ffffff' box_custom_bg='#444444' box_custom_border='#333333' label_display='' link='manually,https:\/\/www.editoriaespettacolo.com\/prodotto\/teatro-noel-coward-vol-1\/' link_target='_blank' id='' custom_class='' av_uid='' admin_preview_bg='']<br \/>\nAcheter sur le site de Editoria&amp;Spettacolo<br \/>\n[\/av_promobox]\n","protected":false},"featured_media":1203,"comment_status":"open","ping_status":"closed","template":"","meta":[],"product_brand":[],"product_cat":[132],"product_tag":[136,140],"class_list":{"0":"post-3754","1":"product","2":"type-product","3":"status-publish","4":"has-post-thumbnail","6":"product_cat-livres","7":"product_tag-livres","8":"product_tag-noel-coward-fr","10":"first","11":"instock","12":"shipping-taxable","13":"product-type-simple"},"_links":{"self":[{"href":"https:\/\/stage.annamariamartinolli.it\/fr\/wp-json\/wp\/v2\/product\/3754","targetHints":{"allow":["GET"]}}],"collection":[{"href":"https:\/\/stage.annamariamartinolli.it\/fr\/wp-json\/wp\/v2\/product"}],"about":[{"href":"https:\/\/stage.annamariamartinolli.it\/fr\/wp-json\/wp\/v2\/types\/product"}],"replies":[{"embeddable":true,"href":"https:\/\/stage.annamariamartinolli.it\/fr\/wp-json\/wp\/v2\/comments?post=3754"}],"wp:featuredmedia":[{"embeddable":true,"href":"https:\/\/stage.annamariamartinolli.it\/fr\/wp-json\/wp\/v2\/media\/1203"}],"wp:attachment":[{"href":"https:\/\/stage.annamariamartinolli.it\/fr\/wp-json\/wp\/v2\/media?parent=3754"}],"wp:term":[{"taxonomy":"product_brand","embeddable":true,"href":"https:\/\/stage.annamariamartinolli.it\/fr\/wp-json\/wp\/v2\/product_brand?post=3754"},{"taxonomy":"product_cat","embeddable":true,"href":"https:\/\/stage.annamariamartinolli.it\/fr\/wp-json\/wp\/v2\/product_cat?post=3754"},{"taxonomy":"product_tag","embeddable":true,"href":"https:\/\/stage.annamariamartinolli.it\/fr\/wp-json\/wp\/v2\/product_tag?post=3754"}],"curies":[{"name":"wp","href":"https:\/\/api.w.org\/{rel}","templated":true}]}}