{"id":3749,"date":"2020-06-19T06:40:51","date_gmt":"2020-06-19T04:40:51","guid":{"rendered":"http:\/\/stage.annamariamartinolli.it\/catalogo\/non%20class\u00e9\/in-scena-e-fuori-scena-la-breve-e-tragicomica-carriera-di-un-aspirante-attore\/"},"modified":"2020-08-09T15:25:01","modified_gmt":"2020-08-09T13:25:01","slug":"in-scena-e-fuori-scena-la-breve-e-tragicomica-carriera-di-un-aspirante-attore","status":"publish","type":"product","link":"https:\/\/stage.annamariamartinolli.it\/fr\/librairie\/livres\/in-scena-e-fuori-scena-la-breve-e-tragicomica-carriera-di-un-aspirante-attore\/","title":{"rendered":"In scena e fuori scena"},"content":{"rendered":"","protected":false},"excerpt":{"rendered":"<p><em>On stage and off<\/em> est le premier volume \u00e9crit par Jerome K. Jerome dans lequel l&#8217;auteur d\u00e9crit ses exp\u00e9riences, positives et n\u00e9gatives, dans l&#8217;environnement th\u00e9\u00e2tral. Optant pour une narration franche et sinc\u00e8re, qui n&#8217;omet pas les aspects les plus cruels de la profession, J\u00e9r\u00f4me introduit le lecteur dans un monde dont la r\u00e9alit\u00e9 est tr\u00e8s diff\u00e9rente de celle imagin\u00e9e par le spectateur assis dans le public. Tout est ponctu\u00e9 par son humour infaillible, capable de transformer une larme en sourire et capable de faire na\u00eetre l&#8217;optimisme m\u00eame dans une situation qui semble sans issue. <strong>Le livre est en langue italienne.<\/strong><\/p>\n[av_promobox button='yes' label='Acheter' icon_select='yes' icon='ue859' font='entypo-fontello' color='theme-color' custom_bg='#444444' custom_font='#ffffff' size='large' box_color='' box_custom_font='#ffffff' box_custom_bg='#444444' box_custom_border='#333333' label_display='' link='manually,https:\/\/www.editoriaespettacolo.com\/prodotto\/scena-scena-la-breve-tragicomica-carriera-un-aspirante-attore\/' link_target='_blank' id='' custom_class='' av_uid='' admin_preview_bg='']<br \/>\nAcheter sur le site de Editoria&amp;Spettacolo<br \/>\n[\/av_promobox]\n","protected":false},"featured_media":1209,"comment_status":"open","ping_status":"closed","template":"","meta":[],"product_brand":[],"product_cat":[132],"product_tag":[137,136],"class_list":{"0":"post-3749","1":"product","2":"type-product","3":"status-publish","4":"has-post-thumbnail","6":"product_cat-livres","7":"product_tag-jerome-k-jerome-fr","8":"product_tag-livres","10":"first","11":"instock","12":"shipping-taxable","13":"product-type-simple"},"_links":{"self":[{"href":"https:\/\/stage.annamariamartinolli.it\/fr\/wp-json\/wp\/v2\/product\/3749","targetHints":{"allow":["GET"]}}],"collection":[{"href":"https:\/\/stage.annamariamartinolli.it\/fr\/wp-json\/wp\/v2\/product"}],"about":[{"href":"https:\/\/stage.annamariamartinolli.it\/fr\/wp-json\/wp\/v2\/types\/product"}],"replies":[{"embeddable":true,"href":"https:\/\/stage.annamariamartinolli.it\/fr\/wp-json\/wp\/v2\/comments?post=3749"}],"wp:featuredmedia":[{"embeddable":true,"href":"https:\/\/stage.annamariamartinolli.it\/fr\/wp-json\/wp\/v2\/media\/1209"}],"wp:attachment":[{"href":"https:\/\/stage.annamariamartinolli.it\/fr\/wp-json\/wp\/v2\/media?parent=3749"}],"wp:term":[{"taxonomy":"product_brand","embeddable":true,"href":"https:\/\/stage.annamariamartinolli.it\/fr\/wp-json\/wp\/v2\/product_brand?post=3749"},{"taxonomy":"product_cat","embeddable":true,"href":"https:\/\/stage.annamariamartinolli.it\/fr\/wp-json\/wp\/v2\/product_cat?post=3749"},{"taxonomy":"product_tag","embeddable":true,"href":"https:\/\/stage.annamariamartinolli.it\/fr\/wp-json\/wp\/v2\/product_tag?post=3749"}],"curies":[{"name":"wp","href":"https:\/\/api.w.org\/{rel}","templated":true}]}}