{"id":16752,"date":"2026-03-30T10:11:22","date_gmt":"2026-03-30T08:11:22","guid":{"rendered":"http:\/\/stage.annamariamartinolli.it\/?post_type=product&#038;p=16752"},"modified":"2026-03-30T10:44:08","modified_gmt":"2026-03-30T08:44:08","slug":"linquilino-del-terzo-piano-sul-retro","status":"publish","type":"product","link":"https:\/\/stage.annamariamartinolli.it\/fr\/librairie\/scenarios\/linquilino-del-terzo-piano-sul-retro\/","title":{"rendered":"L&#8217;inquilino del terzo piano sul retro"},"content":{"rendered":"<p>Pi\u00e8ce en un prologue, un acte et un \u00e9pilogue par Jerome K. Jerome. Douze personnages: six hommes et six femmes. <strong>Le sc\u00e9nario est en langue italienne.<\/strong><\/p>\n<div  class='avia-button-wrap av-2xoi0b-b39254dfc3d928b4dac54f810be7bc15-wrap avia-button-left  avia-builder-el-0  avia-builder-el-no-sibling '><a href='https:\/\/stage.annamariamartinolli.it\/contatti\/'  class='avia-button av-2xoi0b-b39254dfc3d928b4dac54f810be7bc15 av-link-btn avia-icon_select-yes-left-icon avia-size-large avia-position-left avia-color-theme-color'   aria-label=\"Contactez-moi\"><span class='avia_button_icon avia_button_icon_left avia-iconfont avia-font-entypo-fontello' data-av_icon='\ue836' data-av_iconfont='entypo-fontello' ><\/span><span class='avia_iconbox_title' >Contactez-moi<\/span><\/a><\/div>\n","protected":false},"excerpt":{"rendered":"<p>Dans une pension anglaise pour personnes de haut rang, les relations humaines sont d\u00e9sastreuses : hypocrisie, tromperies, manque de respect envers soi-m\u00eame et les autres, escroqueries, man\u0153uvres sournoises et surtout m\u00e9pris. Jusqu\u2019\u00e0 ce qu\u2019un troisi\u00e8me vendredi d\u2019un mois de novembre quelconque, un myst\u00e9rieux voyageur arrive et loue la chambre du troisi\u00e8me \u00e9tage \u00e0 l\u2019arri\u00e8re, consid\u00e9r\u00e9e comme un grenier. En abordant les clients un par un, l&#8217;homme parvient \u00e0 faire ressortir leur meilleur c\u00f4t\u00e9, les poussant \u00e0 devenir, sinon bons, du moins humains. Mais qui est en r\u00e9alit\u00e9 ce myst\u00e9rieux locataire qui a toujours un sourire pour tout le monde et qui parle d&#8217;un roi n\u00e9 autrefois dans une \u00e9table ?<\/p>\n<p>Jerome Klapka Jerome, qui r\u00eavait dans sa jeunesse de devenir com\u00e9dien de th\u00e9\u00e2tre, \u00e9crit une com\u00e9die impr\u00e9gn\u00e9e de cet humour qui a fait la renomm\u00e9e de ses romans et aborde le th\u00e8me religieux en mettant l\u2019accent sur la bont\u00e9 et la sensibilit\u00e9 que le personnage de l\u2019inconnu est capable de r\u00e9veiller en chacun. Une com\u00e9die qui fait rire, mais qui fait surtout du bien au c\u0153ur.<\/p>\n[av_toggle_container initial='0' mode='accordion' sort='' styling='' colors='' font_color='' background_color='' border_color='' colors_current='' font_color_current='' background_current='' background_color_current='' background_gradient_current_color1='' background_gradient_current_color2='' background_gradient_current_direction='vertical' hover_colors='' hover_background_color='' hover_font_color='' alb_description='' id='' custom_class='' av_uid='']<br \/>\n[av_toggle title='Formulaire de demande pour un sc\u00e9nario de th\u00e9\u00e2tre traduit en langue italienne' tags='' custom_id='']<br \/>\n[gravityform id=\"4\" title=\"false\" description=\"false\" ajax=\"true\"]<br \/>\n[\/av_toggle]<\/p>\n<p>[\/av_toggle_container]\n","protected":false},"featured_media":16759,"comment_status":"open","ping_status":"closed","template":"","meta":[],"product_brand":[],"product_cat":[905,128],"product_tag":[542,137],"class_list":{"0":"post-16752","1":"product","2":"type-product","3":"status-publish","4":"has-post-thumbnail","6":"product_cat-aa-vv-fr","7":"product_cat-scenarios","8":"product_tag-copioni-teatrali-fr","9":"product_tag-jerome-k-jerome-fr","11":"first","12":"instock","13":"virtual","14":"product-type-simple"},"_links":{"self":[{"href":"https:\/\/stage.annamariamartinolli.it\/fr\/wp-json\/wp\/v2\/product\/16752","targetHints":{"allow":["GET"]}}],"collection":[{"href":"https:\/\/stage.annamariamartinolli.it\/fr\/wp-json\/wp\/v2\/product"}],"about":[{"href":"https:\/\/stage.annamariamartinolli.it\/fr\/wp-json\/wp\/v2\/types\/product"}],"replies":[{"embeddable":true,"href":"https:\/\/stage.annamariamartinolli.it\/fr\/wp-json\/wp\/v2\/comments?post=16752"}],"wp:featuredmedia":[{"embeddable":true,"href":"https:\/\/stage.annamariamartinolli.it\/fr\/wp-json\/wp\/v2\/media\/16759"}],"wp:attachment":[{"href":"https:\/\/stage.annamariamartinolli.it\/fr\/wp-json\/wp\/v2\/media?parent=16752"}],"wp:term":[{"taxonomy":"product_brand","embeddable":true,"href":"https:\/\/stage.annamariamartinolli.it\/fr\/wp-json\/wp\/v2\/product_brand?post=16752"},{"taxonomy":"product_cat","embeddable":true,"href":"https:\/\/stage.annamariamartinolli.it\/fr\/wp-json\/wp\/v2\/product_cat?post=16752"},{"taxonomy":"product_tag","embeddable":true,"href":"https:\/\/stage.annamariamartinolli.it\/fr\/wp-json\/wp\/v2\/product_tag?post=16752"}],"curies":[{"name":"wp","href":"https:\/\/api.w.org\/{rel}","templated":true}]}}