{"id":16565,"date":"2026-02-12T10:12:12","date_gmt":"2026-02-12T09:12:12","guid":{"rendered":"http:\/\/stage.annamariamartinolli.it\/?post_type=product&#038;p=16565"},"modified":"2026-02-13T11:40:20","modified_gmt":"2026-02-13T10:40:20","slug":"le-fauci-del-lupo","status":"publish","type":"product","link":"https:\/\/stage.annamariamartinolli.it\/fr\/librairie\/scenarios\/maurice-hennequin-fr\/le-fauci-del-lupo\/","title":{"rendered":"Le fauci del lupo"},"content":{"rendered":"<p>Vaudeville en trois actes, neuf personnages: cinq hommes et quatre femmes. <strong>Le sc\u00e9nario est en langue italienne.<\/strong><\/p>\n<div  class='avia-button-wrap av-2xoi0b-b39254dfc3d928b4dac54f810be7bc15-wrap avia-button-left  avia-builder-el-0  avia-builder-el-no-sibling '><a href='https:\/\/stage.annamariamartinolli.it\/contatti\/'  class='avia-button av-2xoi0b-b39254dfc3d928b4dac54f810be7bc15 av-link-btn avia-icon_select-yes-left-icon avia-size-large avia-position-left avia-color-theme-color'   aria-label=\"Contactez-moi\"><span class='avia_button_icon avia_button_icon_left avia-iconfont avia-font-entypo-fontello' data-av_icon='\ue836' data-av_iconfont='entypo-fontello' ><\/span><span class='avia_iconbox_title' >Contactez-moi<\/span><\/a><\/div>\n","protected":false},"excerpt":{"rendered":"<p>La na\u00efve Gilberte, mari\u00e9e \u00e0 l&#8217;architecte Barentin, se laisse s\u00e9duire par le charmant Gaston, ami de son mari. Alors qu&#8217;elle est sur le point de c\u00e9der \u00e0 ses avances, elle est arr\u00eat\u00e9e par son amie Antoinette, ancienne victime du s\u00e9ducteur, qui accepte de se rendre chez lui \u00e0 la place de Gilberte pour d\u00e9masquer ses m\u00e9faits. C&#8217;est un domestique rus\u00e9 et paresseux, d\u00e9termin\u00e9 \u00e0 cr\u00e9er toutes sortes de probl\u00e8mes \u00e0 Gaston afin d&#8217;\u00eatre renvoy\u00e9, qui va involontairement la mettre dans le p\u00e9trin. Barentin, occup\u00e9 \u00e0 se rendre chez sa ma\u00eetresse, et le mari d&#8217;Antoinette, Planturel, dont la ma\u00eetresse est, comme par hasard, la m\u00eame que celle de Barentin, vont \u00e9galement tomber dans le pi\u00e8ge.<\/p>\n<p>Une pi\u00e8ce comique de Maurice Hennequin traduite pour la premi\u00e8re fois en italien.<\/p>\n[av_toggle_container initial='0' mode='accordion' sort='' styling='' colors='' font_color='' background_color='' border_color='' colors_current='' font_color_current='' background_current='' background_color_current='' background_gradient_current_color1='' background_gradient_current_color2='' background_gradient_current_direction='vertical' hover_colors='' hover_background_color='' hover_font_color='' alb_description='' id='' custom_class='' av_uid='']<br \/>\n[av_toggle title='Formulaire de demande pour un sc\u00e9nario de th\u00e9\u00e2tre traduit en langue italienne' tags='' custom_id='']<br \/>\n[gravityform id=\"4\" title=\"false\" description=\"false\" ajax=\"true\"]<br \/>\n[\/av_toggle]<\/p>\n<p>[\/av_toggle_container]\n","protected":false},"featured_media":2872,"comment_status":"open","ping_status":"closed","template":"","meta":[],"product_brand":[],"product_cat":[171,128],"product_tag":[542,172],"class_list":{"0":"post-16565","1":"product","2":"type-product","3":"status-publish","4":"has-post-thumbnail","6":"product_cat-maurice-hennequin-fr","7":"product_cat-scenarios","8":"product_tag-copioni-teatrali-fr","9":"product_tag-maurice-hennequin-fr","11":"first","12":"instock","13":"virtual","14":"product-type-simple"},"_links":{"self":[{"href":"https:\/\/stage.annamariamartinolli.it\/fr\/wp-json\/wp\/v2\/product\/16565","targetHints":{"allow":["GET"]}}],"collection":[{"href":"https:\/\/stage.annamariamartinolli.it\/fr\/wp-json\/wp\/v2\/product"}],"about":[{"href":"https:\/\/stage.annamariamartinolli.it\/fr\/wp-json\/wp\/v2\/types\/product"}],"replies":[{"embeddable":true,"href":"https:\/\/stage.annamariamartinolli.it\/fr\/wp-json\/wp\/v2\/comments?post=16565"}],"wp:featuredmedia":[{"embeddable":true,"href":"https:\/\/stage.annamariamartinolli.it\/fr\/wp-json\/wp\/v2\/media\/2872"}],"wp:attachment":[{"href":"https:\/\/stage.annamariamartinolli.it\/fr\/wp-json\/wp\/v2\/media?parent=16565"}],"wp:term":[{"taxonomy":"product_brand","embeddable":true,"href":"https:\/\/stage.annamariamartinolli.it\/fr\/wp-json\/wp\/v2\/product_brand?post=16565"},{"taxonomy":"product_cat","embeddable":true,"href":"https:\/\/stage.annamariamartinolli.it\/fr\/wp-json\/wp\/v2\/product_cat?post=16565"},{"taxonomy":"product_tag","embeddable":true,"href":"https:\/\/stage.annamariamartinolli.it\/fr\/wp-json\/wp\/v2\/product_tag?post=16565"}],"curies":[{"name":"wp","href":"https:\/\/api.w.org\/{rel}","templated":true}]}}