{"id":16019,"date":"2025-12-03T10:25:24","date_gmt":"2025-12-03T09:25:24","guid":{"rendered":"http:\/\/stage.annamariamartinolli.it\/?post_type=product&#038;p=16019"},"modified":"2025-12-24T11:27:04","modified_gmt":"2025-12-24T10:27:04","slug":"musicoterapia","status":"publish","type":"product","link":"https:\/\/stage.annamariamartinolli.it\/fr\/librairie\/scenarios\/george-bernard-shaw-fr\/musicoterapia\/","title":{"rendered":"Musicoterapia"},"content":{"rendered":"<p>Pi\u00e8ce en un acte, trois personnages: deux hommes et une femme. <strong>Le sc\u00e9nario est en langue italienne.<\/strong><\/p>\n<div  class='avia-button-wrap av-2xoi0b-0429271f56a25ed29dc7de88202be2fd-wrap avia-button-left  avia-builder-el-0  avia-builder-el-no-sibling '><a href='http:\/\/stage.annamariamartinolli.it\/fr\/contacts\/'  class='avia-button av-2xoi0b-0429271f56a25ed29dc7de88202be2fd av-link-btn avia-icon_select-yes-left-icon avia-size-large avia-position-left avia-color-theme-color'   aria-label=\"Contactez-moi\"><span class='avia_button_icon avia_button_icon_left avia-iconfont avia-font-entypo-fontello' data-av_icon='\ue836' data-av_iconfont='entypo-fontello' ><\/span><span class='avia_iconbox_title' >Contactez-moi<\/span><\/a><\/div>\n","protected":false},"excerpt":{"rendered":"<p>Reginald, riche et na\u00eff, se rend coupable d&#8217;abus d&#8217;informations privil\u00e9gi\u00e9es en achetant des actions gr\u00e2ce \u00e0 sa position de sous-secr\u00e9taire au minist\u00e8re de la Guerre. Pris d&#8217;une profonde crise de nerfs, \u00e0 laquelle m\u00eame le m\u00e9decin ne parvient pas \u00e0 rem\u00e9dier, il est enferm\u00e9 dans une chambre d&#8217;h\u00f4tel o\u00f9 sa m\u00e8re a d\u00e9cid\u00e9 de lui envoyer une pianiste renomm\u00e9e pour lui faire suivre une musicoth\u00e9rapie.<br \/>\nEntre r\u00e9actions hyst\u00e9riques face \u00e0 la Polonaise de Chopin et coup de foudre pour la pianiste charmante, mais quelque peu violente, Reginald parviendra peut-\u00eatre \u00e0 trouver son \u00e9quilibre.<br \/>\nUne pi\u00e8ce brillante en un acte, pour acteurs\/musiciens, qui a \u00e9galement \u00e9t\u00e9 interpr\u00e9t\u00e9e par Gene Wilder.<\/p>\n[av_toggle_container initial='0' mode='accordion' sort='' styling='' colors='' font_color='' background_color='' border_color='' colors_current='' font_color_current='' background_current='' background_color_current='' background_gradient_current_color1='' background_gradient_current_color2='' background_gradient_current_direction='vertical' hover_colors='' hover_background_color='' hover_font_color='' alb_description='' id='' custom_class='' av_uid='']<br \/>\n[av_toggle title='Formulaire de demande pour un sc\u00e9nario de th\u00e9\u00e2tre traduit en langue italienne' tags='' custom_id='']<br \/>\n[gravityform id=\"4\" title=\"false\" description=\"false\" ajax=\"true\"]<br \/>\n[\/av_toggle]<\/p>\n<p>[\/av_toggle_container]\n","protected":false},"featured_media":15011,"comment_status":"open","ping_status":"closed","template":"","meta":[],"product_brand":[],"product_cat":[889,128],"product_tag":[893],"class_list":{"0":"post-16019","1":"product","2":"type-product","3":"status-publish","4":"has-post-thumbnail","6":"product_cat-george-bernard-shaw-fr","7":"product_cat-scenarios","8":"product_tag-george-bernard-shaw-fr","10":"first","11":"instock","12":"virtual","13":"product-type-simple"},"_links":{"self":[{"href":"https:\/\/stage.annamariamartinolli.it\/fr\/wp-json\/wp\/v2\/product\/16019","targetHints":{"allow":["GET"]}}],"collection":[{"href":"https:\/\/stage.annamariamartinolli.it\/fr\/wp-json\/wp\/v2\/product"}],"about":[{"href":"https:\/\/stage.annamariamartinolli.it\/fr\/wp-json\/wp\/v2\/types\/product"}],"replies":[{"embeddable":true,"href":"https:\/\/stage.annamariamartinolli.it\/fr\/wp-json\/wp\/v2\/comments?post=16019"}],"wp:featuredmedia":[{"embeddable":true,"href":"https:\/\/stage.annamariamartinolli.it\/fr\/wp-json\/wp\/v2\/media\/15011"}],"wp:attachment":[{"href":"https:\/\/stage.annamariamartinolli.it\/fr\/wp-json\/wp\/v2\/media?parent=16019"}],"wp:term":[{"taxonomy":"product_brand","embeddable":true,"href":"https:\/\/stage.annamariamartinolli.it\/fr\/wp-json\/wp\/v2\/product_brand?post=16019"},{"taxonomy":"product_cat","embeddable":true,"href":"https:\/\/stage.annamariamartinolli.it\/fr\/wp-json\/wp\/v2\/product_cat?post=16019"},{"taxonomy":"product_tag","embeddable":true,"href":"https:\/\/stage.annamariamartinolli.it\/fr\/wp-json\/wp\/v2\/product_tag?post=16019"}],"curies":[{"name":"wp","href":"https:\/\/api.w.org\/{rel}","templated":true}]}}