{"id":15531,"date":"2025-08-27T10:37:31","date_gmt":"2025-08-27T08:37:31","guid":{"rendered":"http:\/\/stage.annamariamartinolli.it\/?post_type=product&#038;p=15531"},"modified":"2025-08-27T10:55:17","modified_gmt":"2025-08-27T08:55:17","slug":"la-locanda-del-malcontento","status":"publish","type":"product","link":"https:\/\/stage.annamariamartinolli.it\/fr\/librairie\/scenarios\/la-locanda-del-malcontento\/","title":{"rendered":"La locanda del malcontento"},"content":{"rendered":"<p>Pi\u00e8ce fantastique en trois sc\u00e8nes. Huit personnages: cinq hommes et trois femmes.\u00a0<strong>Le sc\u00e9nario est en langue italienne.<\/strong><\/p>\n<div  class='avia-button-wrap av-2xoi0b-0429271f56a25ed29dc7de88202be2fd-wrap avia-button-left  avia-builder-el-0  avia-builder-el-no-sibling '><a href='http:\/\/stage.annamariamartinolli.it\/fr\/contacts\/'  class='avia-button av-2xoi0b-0429271f56a25ed29dc7de88202be2fd av-link-btn avia-icon_select-yes-left-icon avia-size-large avia-position-left avia-color-theme-color'   aria-label=\"Contactez-moi\"><span class='avia_button_icon avia_button_icon_left avia-iconfont avia-font-entypo-fontello' data-av_icon='\ue836' data-av_iconfont='entypo-fontello' ><\/span><span class='avia_iconbox_title' >Contactez-moi<\/span><\/a><\/div>\n","protected":false},"excerpt":{"rendered":"<p>Un groupe h\u00e9t\u00e9roclite de personnes, parmi lesquelles un po\u00e8te, un scientifique, un amoureux et sa petite amie, arrive dans une auberge myst\u00e9rieuse, situ\u00e9e dans un lieu ind\u00e9fini aux confins du monde, et est accueilli par un vieil homme excentrique et bon enfant. Chacun, \u00e0 sa mani\u00e8re, est \u00e0 la recherche du bonheur, mais \u00e0 l&#8217;int\u00e9rieur de l&#8217;auberge, il est facile de ne pas avoir une perception correcte des choses.<br \/>\nUne fantaisie en trois sc\u00e8nes qui parle des \u00eatres humains, de leurs fragilit\u00e9s, de leurs m\u00e9chancet\u00e9s et du courage d&#8217;aller \u00e0 l&#8217;encontre des impositions sociales lorsqu&#8217;elles nous oppriment.<br \/>\nPercival Wilde, auteur am\u00e9ricain grand sp\u00e9cialiste de la r\u00e9daction de pi\u00e8ces de th\u00e9\u00e2tre courtes et de nouvelles aux rebondissements psychologiques impr\u00e9visibles, \u00e9tait \u00e9galement tr\u00e8s appr\u00e9ci\u00e9 par Alfred Hitchcock.<\/p>\n[av_toggle_container initial='0' mode='accordion' sort='' styling='' colors='' font_color='' background_color='' border_color='' colors_current='' font_color_current='' background_current='' background_color_current='' background_gradient_current_color1='' background_gradient_current_color2='' background_gradient_current_direction='vertical' hover_colors='' hover_background_color='' hover_font_color='' alb_description='' id='' custom_class='' av_uid='']<br \/>\n[av_toggle title='Formulaire de demande pour un sc\u00e9nario de th\u00e9\u00e2tre traduit en langue italienne' tags='' custom_id='']<br \/>\n[gravityform id=\"4\" title=\"false\" description=\"false\" ajax=\"true\"]<br \/>\n[\/av_toggle]<\/p>\n<p>[\/av_toggle_container]\n","protected":false},"featured_media":15542,"comment_status":"open","ping_status":"closed","template":"","meta":[],"product_brand":[],"product_cat":[897,128],"product_tag":[901],"class_list":{"0":"post-15531","1":"product","2":"type-product","3":"status-publish","4":"has-post-thumbnail","6":"product_cat-percival-wilde-fr","7":"product_cat-scenarios","8":"product_tag-percival-wilde-fr","10":"first","11":"instock","12":"virtual","13":"product-type-simple"},"_links":{"self":[{"href":"https:\/\/stage.annamariamartinolli.it\/fr\/wp-json\/wp\/v2\/product\/15531","targetHints":{"allow":["GET"]}}],"collection":[{"href":"https:\/\/stage.annamariamartinolli.it\/fr\/wp-json\/wp\/v2\/product"}],"about":[{"href":"https:\/\/stage.annamariamartinolli.it\/fr\/wp-json\/wp\/v2\/types\/product"}],"replies":[{"embeddable":true,"href":"https:\/\/stage.annamariamartinolli.it\/fr\/wp-json\/wp\/v2\/comments?post=15531"}],"wp:featuredmedia":[{"embeddable":true,"href":"https:\/\/stage.annamariamartinolli.it\/fr\/wp-json\/wp\/v2\/media\/15542"}],"wp:attachment":[{"href":"https:\/\/stage.annamariamartinolli.it\/fr\/wp-json\/wp\/v2\/media?parent=15531"}],"wp:term":[{"taxonomy":"product_brand","embeddable":true,"href":"https:\/\/stage.annamariamartinolli.it\/fr\/wp-json\/wp\/v2\/product_brand?post=15531"},{"taxonomy":"product_cat","embeddable":true,"href":"https:\/\/stage.annamariamartinolli.it\/fr\/wp-json\/wp\/v2\/product_cat?post=15531"},{"taxonomy":"product_tag","embeddable":true,"href":"https:\/\/stage.annamariamartinolli.it\/fr\/wp-json\/wp\/v2\/product_tag?post=15531"}],"curies":[{"name":"wp","href":"https:\/\/api.w.org\/{rel}","templated":true}]}}