{"id":15435,"date":"2025-08-06T15:38:38","date_gmt":"2025-08-06T13:38:38","guid":{"rendered":"http:\/\/stage.annamariamartinolli.it\/?post_type=product&#038;p=15435"},"modified":"2025-08-06T15:49:56","modified_gmt":"2025-08-06T13:49:56","slug":"la-pulce-nellorecchio","status":"publish","type":"product","link":"https:\/\/stage.annamariamartinolli.it\/fr\/librairie\/scenarios\/georges-feydeau-fr\/la-pulce-nellorecchio\/","title":{"rendered":"La pulce nell&#8217;orecchio"},"content":{"rendered":"<p>Vaudeville en trois actes. Quatorze personnages: neuf hommes et cinq femmes.\u00a0<strong>Le sc\u00e9nario est en langue italienne.<\/strong><\/p>\n<div  class='avia-button-wrap av-2xoi0b-0429271f56a25ed29dc7de88202be2fd-wrap avia-button-left  avia-builder-el-0  avia-builder-el-no-sibling '><a href='http:\/\/stage.annamariamartinolli.it\/fr\/contacts\/'  class='avia-button av-2xoi0b-0429271f56a25ed29dc7de88202be2fd av-link-btn avia-icon_select-yes-left-icon avia-size-large avia-position-left avia-color-theme-color'   aria-label=\"Contactez-moi\"><span class='avia_button_icon avia_button_icon_left avia-iconfont avia-font-entypo-fontello' data-av_icon='\ue836' data-av_iconfont='entypo-fontello' ><\/span><span class='avia_iconbox_title' >Contactez-moi<\/span><\/a><\/div>\n","protected":false},"excerpt":{"rendered":"<p>La jeune Raymonde, mari\u00e9e \u00e0 l&#8217;assureur Chandebise qui, ces derniers temps, ne remplit plus ses devoirs conjugaux, commence \u00e0 soup\u00e7onner son mari de la tromper lorsqu&#8217;elle re\u00e7oit un colis provenant d&#8217;un h\u00f4tel \u00e9quivoque qui accueille des couples d&#8217;amants. Avec son amie Lucienne, elle d\u00e9cide de tendre un pi\u00e8ge au mari infid\u00e8le, mais dans le c\u00e9l\u00e8bre h\u00f4tel o\u00f9 tout le monde semble s&#8217;\u00eatre donn\u00e9 rendez-vous, la situation finit par d\u00e9g\u00e9n\u00e9rer, provoquant des rencontres et des affrontements de toutes sortes.<br \/>\nLe vaudeville le plus r\u00e9ussi de Georges Feydeau, dans lequel les r\u00e9pliques comiques alternent avec une s\u00e9rie infinie d&#8217;entr\u00e9es et de sorties de sc\u00e8ne qui exigent une synchronisation parfaite, dans une nouvelle traduction italienne.<\/p>\n[av_toggle_container initial='0' mode='accordion' sort='' styling='' colors='' font_color='' background_color='' border_color='' colors_current='' font_color_current='' background_current='' background_color_current='' background_gradient_current_color1='' background_gradient_current_color2='' background_gradient_current_direction='vertical' hover_colors='' hover_background_color='' hover_font_color='' alb_description='' id='' custom_class='' av_uid='']<br \/>\n[av_toggle title='Formulaire de demande pour un sc\u00e9nario de th\u00e9\u00e2tre traduit en langue italienne' tags='' custom_id='']<br \/>\n[gravityform id=\"4\" title=\"false\" description=\"false\" ajax=\"true\"]<br \/>\n[\/av_toggle]<\/p>\n<p>[\/av_toggle_container]\n","protected":false},"featured_media":2780,"comment_status":"open","ping_status":"closed","template":"","meta":[],"product_brand":[],"product_cat":[174,128],"product_tag":[146],"class_list":{"0":"post-15435","1":"product","2":"type-product","3":"status-publish","4":"has-post-thumbnail","6":"product_cat-georges-feydeau-fr","7":"product_cat-scenarios","8":"product_tag-georges-feydeau-fr","10":"first","11":"instock","12":"virtual","13":"product-type-simple"},"_links":{"self":[{"href":"https:\/\/stage.annamariamartinolli.it\/fr\/wp-json\/wp\/v2\/product\/15435","targetHints":{"allow":["GET"]}}],"collection":[{"href":"https:\/\/stage.annamariamartinolli.it\/fr\/wp-json\/wp\/v2\/product"}],"about":[{"href":"https:\/\/stage.annamariamartinolli.it\/fr\/wp-json\/wp\/v2\/types\/product"}],"replies":[{"embeddable":true,"href":"https:\/\/stage.annamariamartinolli.it\/fr\/wp-json\/wp\/v2\/comments?post=15435"}],"wp:featuredmedia":[{"embeddable":true,"href":"https:\/\/stage.annamariamartinolli.it\/fr\/wp-json\/wp\/v2\/media\/2780"}],"wp:attachment":[{"href":"https:\/\/stage.annamariamartinolli.it\/fr\/wp-json\/wp\/v2\/media?parent=15435"}],"wp:term":[{"taxonomy":"product_brand","embeddable":true,"href":"https:\/\/stage.annamariamartinolli.it\/fr\/wp-json\/wp\/v2\/product_brand?post=15435"},{"taxonomy":"product_cat","embeddable":true,"href":"https:\/\/stage.annamariamartinolli.it\/fr\/wp-json\/wp\/v2\/product_cat?post=15435"},{"taxonomy":"product_tag","embeddable":true,"href":"https:\/\/stage.annamariamartinolli.it\/fr\/wp-json\/wp\/v2\/product_tag?post=15435"}],"curies":[{"name":"wp","href":"https:\/\/api.w.org\/{rel}","templated":true}]}}