{"id":15370,"date":"2025-07-21T10:42:58","date_gmt":"2025-07-21T08:42:58","guid":{"rendered":"http:\/\/stage.annamariamartinolli.it\/?post_type=product&#038;p=15370"},"modified":"2025-07-21T10:54:47","modified_gmt":"2025-07-21T08:54:47","slug":"come-lui-menti-al-marito-di-lei","status":"publish","type":"product","link":"https:\/\/stage.annamariamartinolli.it\/fr\/librairie\/scenarios\/come-lui-menti-al-marito-di-lei\/","title":{"rendered":"Come lui ment\u00ec al marito di lei"},"content":{"rendered":"<p>Pi\u00e8ce en un acte, trois personnages: deux hommes et une femme. <strong>Le sc\u00e9nario est en langue italienne.<\/strong><\/p>\n<div  class='avia-button-wrap av-2xoi0b-0429271f56a25ed29dc7de88202be2fd-wrap avia-button-left  avia-builder-el-0  avia-builder-el-no-sibling '><a href='http:\/\/stage.annamariamartinolli.it\/fr\/contacts\/'  class='avia-button av-2xoi0b-0429271f56a25ed29dc7de88202be2fd av-link-btn avia-icon_select-yes-left-icon avia-size-large avia-position-left avia-color-theme-color'   aria-label=\"Contactez-moi\"><span class='avia_button_icon avia_button_icon_left avia-iconfont avia-font-entypo-fontello' data-av_icon='\ue836' data-av_iconfont='entypo-fontello' ><\/span><span class='avia_iconbox_title' >Contactez-moi<\/span><\/a><\/div>\n","protected":false},"excerpt":{"rendered":"<p>Lui et Elle sont amants. Il est un jeune homme d&#8217;une vingtaine d&#8217;ann\u00e9es, beau et tr\u00e8s intelligent. Elle est une quadrag\u00e9naire superficielle, bourgeoise et g\u00e2t\u00e9e. Son mari, ignorant et col\u00e9rique, d\u00e9couvre la liaison ; le jeune homme astucieux parviendra-t-il \u00e0 s&#8217;en sortir indemne ?<br \/>\nPartant du triangle classique mari, femme, amant, George Bernard Shaw d\u00e9tourne les r\u00e8gles du vaudeville &#8211; o\u00f9 la situation \u00e9volue selon des sch\u00e9mas connus et bien d\u00e9finis &#8211; et compose un texte comique qui finit par surprendre m\u00eame les spectateurs les plus exp\u00e9riment\u00e9s.<br \/>\nUne pi\u00e8ce en un acte \u00e0 l&#8217;esprit subtil qui d\u00e9montre comment, \u00e0 partir d&#8217;une situation banale trop exploit\u00e9e dans la sph\u00e8re th\u00e9\u00e2trale, on peut r\u00e9ussir \u00e0 cr\u00e9er un divertissement raffin\u00e9 pour un public qui ne se contente pas d&#8217;un rire facile.<\/p>\n[av_toggle_container initial='0' mode='accordion' sort='' styling='' colors='' font_color='' background_color='' border_color='' colors_current='' font_color_current='' background_current='' background_color_current='' background_gradient_current_color1='' background_gradient_current_color2='' background_gradient_current_direction='vertical' hover_colors='' hover_background_color='' hover_font_color='' alb_description='' id='' custom_class='' av_uid='']<br \/>\n[av_toggle title='Formulaire de demande pour un sc\u00e9nario de th\u00e9\u00e2tre traduit en langue italienne' tags='' custom_id='']<br \/>\n[gravityform id=\"4\" title=\"false\" description=\"false\" ajax=\"true\"]<br \/>\n[\/av_toggle]<\/p>\n<p>[\/av_toggle_container]\n","protected":false},"featured_media":15011,"comment_status":"open","ping_status":"closed","template":"","meta":[],"product_brand":[],"product_cat":[889,128],"product_tag":[893],"class_list":{"0":"post-15370","1":"product","2":"type-product","3":"status-publish","4":"has-post-thumbnail","6":"product_cat-george-bernard-shaw-fr","7":"product_cat-scenarios","8":"product_tag-george-bernard-shaw-fr","10":"first","11":"instock","12":"virtual","13":"product-type-simple"},"_links":{"self":[{"href":"https:\/\/stage.annamariamartinolli.it\/fr\/wp-json\/wp\/v2\/product\/15370","targetHints":{"allow":["GET"]}}],"collection":[{"href":"https:\/\/stage.annamariamartinolli.it\/fr\/wp-json\/wp\/v2\/product"}],"about":[{"href":"https:\/\/stage.annamariamartinolli.it\/fr\/wp-json\/wp\/v2\/types\/product"}],"replies":[{"embeddable":true,"href":"https:\/\/stage.annamariamartinolli.it\/fr\/wp-json\/wp\/v2\/comments?post=15370"}],"wp:featuredmedia":[{"embeddable":true,"href":"https:\/\/stage.annamariamartinolli.it\/fr\/wp-json\/wp\/v2\/media\/15011"}],"wp:attachment":[{"href":"https:\/\/stage.annamariamartinolli.it\/fr\/wp-json\/wp\/v2\/media?parent=15370"}],"wp:term":[{"taxonomy":"product_brand","embeddable":true,"href":"https:\/\/stage.annamariamartinolli.it\/fr\/wp-json\/wp\/v2\/product_brand?post=15370"},{"taxonomy":"product_cat","embeddable":true,"href":"https:\/\/stage.annamariamartinolli.it\/fr\/wp-json\/wp\/v2\/product_cat?post=15370"},{"taxonomy":"product_tag","embeddable":true,"href":"https:\/\/stage.annamariamartinolli.it\/fr\/wp-json\/wp\/v2\/product_tag?post=15370"}],"curies":[{"name":"wp","href":"https:\/\/api.w.org\/{rel}","templated":true}]}}