{"id":14771,"date":"2025-05-03T10:10:23","date_gmt":"2025-05-03T08:10:23","guid":{"rendered":"http:\/\/stage.annamariamartinolli.it\/?post_type=product&#038;p=14771"},"modified":"2025-05-03T10:37:04","modified_gmt":"2025-05-03T08:37:04","slug":"lui-e-lei","status":"publish","type":"product","link":"https:\/\/stage.annamariamartinolli.it\/fr\/librairie\/scenarios\/jean-pierre-martinez-fr\/lui-e-lei\/","title":{"rendered":"Lui e Lei"},"content":{"rendered":"<p>Com\u00e9die \u00e0 sketches. Deux personnages: un homme et une femme. <strong>Le sc\u00e9nario est en langue italienne.<\/strong><\/p>\n<div  class='avia-button-wrap av-2xoi0b-9b6b59bdf0e0e74dd5961fc731a95bc4-wrap avia-button-left  avia-builder-el-0  avia-builder-el-no-sibling '><a href='http:\/\/stage.annamariamartinolli.it\/wp-content\/uploads\/2025\/05\/luielei_comediatheque.pdf'  class='avia-button av-2xoi0b-9b6b59bdf0e0e74dd5961fc731a95bc4 av-link-btn avia-icon_select-yes-left-icon avia-size-large avia-position-left avia-color-theme-color'   aria-label=\"T\u00e9l\u00e9chargez PDF\"><span class='avia_button_icon avia_button_icon_left avia-iconfont avia-font-entypo-fontello' data-av_icon='\ue836' data-av_iconfont='entypo-fontello' ><\/span><span class='avia_iconbox_title' >T\u00e9l\u00e9chargez PDF<\/span><\/a><\/div>\n","protected":false},"excerpt":{"rendered":"<p>En mettant en sc\u00e8ne les situations, paradoxales ou non, auxquelles un couple est comiquement confront\u00e9 dans sa vie quotidienne, l&#8217;auteur contemporain Jean-Pierre Martinez cr\u00e9e une com\u00e9die \u00e0 sketches \u00e0 l&#8217;approche impr\u00e9visible qui a d\u00e9j\u00e0 connu un grand succ\u00e8s en France.<br \/>\nLe nombre de com\u00e9diens est tr\u00e8s flexible puisqu&#8217;on peut choisir de faire jouer toutes les sc\u00e8nes par le m\u00eame couple homme\/femme, ou par des couples diff\u00e9rents selon les com\u00e9diens de la troupe. Le texte permet \u00e9galement une grande flexibilit\u00e9 puisqu&#8217;il est possible de d\u00e9cider du nombre et de la nature des sketches \u00e0 mettre en sc\u00e8ne en fonction de l&#8217;organisation de la production.<\/p>\n","protected":false},"featured_media":8169,"comment_status":"open","ping_status":"closed","template":"","meta":[],"product_brand":[],"product_cat":[336,128],"product_tag":[542,748,885],"class_list":{"0":"post-14771","1":"product","2":"type-product","3":"status-publish","4":"has-post-thumbnail","6":"product_cat-jean-pierre-martinez-fr","7":"product_cat-scenarios","8":"product_tag-copioni-teatrali-fr","9":"product_tag-jean-pierre-martinez-fr","10":"product_tag-lui-e-lei-fr","12":"first","13":"instock","14":"virtual","15":"product-type-simple"},"_links":{"self":[{"href":"https:\/\/stage.annamariamartinolli.it\/fr\/wp-json\/wp\/v2\/product\/14771","targetHints":{"allow":["GET"]}}],"collection":[{"href":"https:\/\/stage.annamariamartinolli.it\/fr\/wp-json\/wp\/v2\/product"}],"about":[{"href":"https:\/\/stage.annamariamartinolli.it\/fr\/wp-json\/wp\/v2\/types\/product"}],"replies":[{"embeddable":true,"href":"https:\/\/stage.annamariamartinolli.it\/fr\/wp-json\/wp\/v2\/comments?post=14771"}],"wp:featuredmedia":[{"embeddable":true,"href":"https:\/\/stage.annamariamartinolli.it\/fr\/wp-json\/wp\/v2\/media\/8169"}],"wp:attachment":[{"href":"https:\/\/stage.annamariamartinolli.it\/fr\/wp-json\/wp\/v2\/media?parent=14771"}],"wp:term":[{"taxonomy":"product_brand","embeddable":true,"href":"https:\/\/stage.annamariamartinolli.it\/fr\/wp-json\/wp\/v2\/product_brand?post=14771"},{"taxonomy":"product_cat","embeddable":true,"href":"https:\/\/stage.annamariamartinolli.it\/fr\/wp-json\/wp\/v2\/product_cat?post=14771"},{"taxonomy":"product_tag","embeddable":true,"href":"https:\/\/stage.annamariamartinolli.it\/fr\/wp-json\/wp\/v2\/product_tag?post=14771"}],"curies":[{"name":"wp","href":"https:\/\/api.w.org\/{rel}","templated":true}]}}