{"id":14678,"date":"2025-03-31T15:54:12","date_gmt":"2025-03-31T13:54:13","guid":{"rendered":"http:\/\/stage.annamariamartinolli.it\/?post_type=product&#038;p=14678"},"modified":"2025-04-02T11:01:31","modified_gmt":"2025-04-02T09:01:31","slug":"jacinto-benavente-scene-a-due-o-a-tre","status":"publish","type":"product","link":"https:\/\/stage.annamariamartinolli.it\/fr\/librairie\/scenarios\/jacinto-benavente-scene-a-due-o-a-tre\/","title":{"rendered":"Jacinto Benavente scene a due o a tre"},"content":{"rendered":"<p>Huit sc\u00e8nes pour deux ou trois personnages. <strong>Le sc\u00e9nario est en langue italienne.<\/strong><\/p>\n<div  class='avia-button-wrap av-2xoi0b-0429271f56a25ed29dc7de88202be2fd-wrap avia-button-left  avia-builder-el-0  avia-builder-el-no-sibling '><a href='http:\/\/stage.annamariamartinolli.it\/fr\/contacts\/'  class='avia-button av-2xoi0b-0429271f56a25ed29dc7de88202be2fd av-link-btn avia-icon_select-yes-left-icon avia-size-large avia-position-left avia-color-theme-color'   aria-label=\"Contactez-moi\"><span class='avia_button_icon avia_button_icon_left avia-iconfont avia-font-entypo-fontello' data-av_icon='\ue836' data-av_iconfont='entypo-fontello' ><\/span><span class='avia_iconbox_title' >Contactez-moi<\/span><\/a><\/div>\n","protected":false},"excerpt":{"rendered":"<p>Recueil de courtes sc\u00e8nes du prix Nobel de litt\u00e9rature Jacinto Benavente.<\/p>\n<p>L&#8217;incanto di un&#8217;ora (1U 1D)<br \/>\nDeux figurines de porcelaine sur un pilier s&#8217;animent pendant une heure gr\u00e2ce \u00e0 un enchantement et s&#8217;interrogent sur le sens de la vie et sur l&#8217;amour.<\/p>\n<p>Confidenze (2U)<br \/>\nDeux amis ayant des probl\u00e8mes de couple se prom\u00e8nent en \u00e9voquant des strat\u00e9gies pour oublier l&#8217;angoisse nocturne qui les saisit parfois.<\/p>\n<p>Flirt (1U 1D)<br \/>\nUn homme et une femme flirtent depuis quelque temps mais elle a une attitude exasp\u00e9rante.<\/p>\n<p>Nozze reali (2D)<br \/>\nUne princesse sur le point d&#8217;\u00e9pouser un prince qu&#8217;elle n&#8217;aime pas confie ses sentiments \u00e0 son amie la plus proche.<\/p>\n<p>Maternit\u00e0 (2D)<br \/>\nDeux femmes, dont l&#8217;une est d\u00e9j\u00e0 m\u00e8re, r\u00e9fl\u00e9chissent aux aspects positifs et n\u00e9gatifs de la maternit\u00e9 et au comportement des hommes.<\/p>\n<p>Paternit\u00e0 (1U 1D 1B)<br \/>\nUn homme exprime son m\u00e9pris \u00e0 sa femme pour le fait qu&#8217;elle ait \u00e9lev\u00e9 leur petit fils comme un bigot.<\/p>\n<p>Modernismo (2U)<br \/>\nUn jeune auteur confronte un moderniste sur le monde du th\u00e9\u00e2tre, la critique et les d\u00e9finitions erron\u00e9es.<\/p>\n<p>Tra artisti (3U)<br \/>\nTrois peintres qui pr\u00e9parent une exposition discutent de la peinture et de l&#8217;art dans un environnement de plus en plus orient\u00e9 vers la vente plut\u00f4t que vers la cr\u00e9ation d&#8217;\u0153uvres d&#8217;art.<\/p>\n[av_toggle_container initial='0' mode='accordion' sort='' styling='' colors='' font_color='' background_color='' border_color='' colors_current='' font_color_current='' background_current='' background_color_current='' background_gradient_current_color1='' background_gradient_current_color2='' background_gradient_current_direction='vertical' hover_colors='' hover_background_color='' hover_font_color='' alb_description='' id='' custom_class='' av_uid='']<br \/>\n[av_toggle title='Formulaire de demande pour un sc\u00e9nario de th\u00e9\u00e2tre traduit en langue italienne' tags='' custom_id='']<br \/>\n[gravityform id=\"4\" title=\"false\" description=\"false\" ajax=\"true\"]<br \/>\n[\/av_toggle]<\/p>\n<p>[\/av_toggle_container]\n","protected":false},"featured_media":13198,"comment_status":"open","ping_status":"closed","template":"","meta":[],"product_brand":[],"product_cat":[860,128],"product_tag":[851],"class_list":{"0":"post-14678","1":"product","2":"type-product","3":"status-publish","4":"has-post-thumbnail","6":"product_cat-jacinto-benavente-fr-2","7":"product_cat-scenarios","8":"product_tag-jacinto-benavente-fr","10":"first","11":"instock","12":"virtual","13":"product-type-simple"},"_links":{"self":[{"href":"https:\/\/stage.annamariamartinolli.it\/fr\/wp-json\/wp\/v2\/product\/14678","targetHints":{"allow":["GET"]}}],"collection":[{"href":"https:\/\/stage.annamariamartinolli.it\/fr\/wp-json\/wp\/v2\/product"}],"about":[{"href":"https:\/\/stage.annamariamartinolli.it\/fr\/wp-json\/wp\/v2\/types\/product"}],"replies":[{"embeddable":true,"href":"https:\/\/stage.annamariamartinolli.it\/fr\/wp-json\/wp\/v2\/comments?post=14678"}],"wp:featuredmedia":[{"embeddable":true,"href":"https:\/\/stage.annamariamartinolli.it\/fr\/wp-json\/wp\/v2\/media\/13198"}],"wp:attachment":[{"href":"https:\/\/stage.annamariamartinolli.it\/fr\/wp-json\/wp\/v2\/media?parent=14678"}],"wp:term":[{"taxonomy":"product_brand","embeddable":true,"href":"https:\/\/stage.annamariamartinolli.it\/fr\/wp-json\/wp\/v2\/product_brand?post=14678"},{"taxonomy":"product_cat","embeddable":true,"href":"https:\/\/stage.annamariamartinolli.it\/fr\/wp-json\/wp\/v2\/product_cat?post=14678"},{"taxonomy":"product_tag","embeddable":true,"href":"https:\/\/stage.annamariamartinolli.it\/fr\/wp-json\/wp\/v2\/product_tag?post=14678"}],"curies":[{"name":"wp","href":"https:\/\/api.w.org\/{rel}","templated":true}]}}