{"id":14474,"date":"2025-03-02T14:46:53","date_gmt":"2025-03-02T13:46:53","guid":{"rendered":"http:\/\/stage.annamariamartinolli.it\/?post_type=product&#038;p=14474"},"modified":"2025-03-04T10:35:44","modified_gmt":"2025-03-04T09:35:44","slug":"il-demone-del-focolare","status":"publish","type":"product","link":"https:\/\/stage.annamariamartinolli.it\/fr\/librairie\/scenarios\/il-demone-del-focolare\/","title":{"rendered":"Il demone del focolare"},"content":{"rendered":"<p>Com\u00e9die en deux actes, douze personnages: neuf hommes et trois femmes. <strong>Le sc\u00e9nario est en langue italienne.<\/strong><\/p>\n<div  class='avia-button-wrap av-2xoi0b-0429271f56a25ed29dc7de88202be2fd-wrap avia-button-left  avia-builder-el-0  avia-builder-el-no-sibling '><a href='http:\/\/stage.annamariamartinolli.it\/fr\/contacts\/'  class='avia-button av-2xoi0b-0429271f56a25ed29dc7de88202be2fd av-link-btn avia-icon_select-yes-left-icon avia-size-large avia-position-left avia-color-theme-color'   aria-label=\"Contactez-moi\"><span class='avia_button_icon avia_button_icon_left avia-iconfont avia-font-entypo-fontello' data-av_icon='\ue836' data-av_iconfont='entypo-fontello' ><\/span><span class='avia_iconbox_title' >Contactez-moi<\/span><\/a><\/div>\n","protected":false},"excerpt":{"rendered":"<p>Un compositeur \u00e2g\u00e9 qui conna\u00eet le succ\u00e8s \u00e0 la Scala de Milan a adopt\u00e9 par le pass\u00e9 trois s\u0153urs orphelines dont il connaissait la m\u00e8re. Nina, l&#8217;a\u00een\u00e9e, a un caract\u00e8re maternel et s&#8217;est toujours occup\u00e9e des deux autres avec beaucoup d&#8217;attention et d&#8217;affection. Camilla, la deuxi\u00e8me s\u0153ur, fait preuve d&#8217;un talent consid\u00e9rable pour le chant mais, malgr\u00e9 cela, reste humble et continue d&#8217;appr\u00e9cier les choses simples de la vie. Flora, la plus jeune des s\u0153urs, est incroyablement belle et a toujours profit\u00e9 de son jeune \u00e2ge pour satisfaire ses moindres caprices. Lorsque Flora s&#8217;\u00e9prend d&#8217;un jeune marquis clairement amoureux de Camilla et d\u00e9cide, par d\u00e9pit, de s&#8217;enfuir avec un prince qui la flatte, toute la famille est oblig\u00e9e de la poursuivre pour tenter de la ramener \u00e0 la maison avant que la r\u00e9putation de la jeune fille ne soit ruin\u00e9e \u00e0 jamais.<br \/>\nAvec un grand esprit d&#8217;observation et de d\u00e9licatesse, l&#8217;\u00e9crivain George Sand dresse le portrait de trois jeunes filles qui ne sont pas encore tout \u00e0 fait des femmes et qui sont oblig\u00e9es de faire face \u00e0 leurs sentiments et \u00e0 la relation qui les lie, tandis que leur vieux tuteur tente comiquement de les ramener \u00e0 la raison au milieu des d\u00e9boires amoureux du marquis et du caract\u00e8re trop d\u00e9sinvolte du prince.<\/p>\n[av_toggle_container initial='0' mode='accordion' sort='' styling='' colors='' font_color='' background_color='' border_color='' colors_current='' font_color_current='' background_current='' background_color_current='' background_gradient_current_color1='' background_gradient_current_color2='' background_gradient_current_direction='vertical' hover_colors='' hover_background_color='' hover_font_color='' alb_description='' id='' custom_class='' av_uid='']<br \/>\n[av_toggle title='Formulaire de demande pour un sc\u00e9nario de th\u00e9\u00e2tre traduit en langue italienne' tags='' custom_id='']<br \/>\n[gravityform id=\"4\" title=\"false\" description=\"false\" ajax=\"true\"]<br \/>\n[\/av_toggle]<\/p>\n<p>[\/av_toggle_container]\n","protected":false},"featured_media":14481,"comment_status":"open","ping_status":"closed","template":"","meta":[],"product_brand":[],"product_cat":[877,128],"product_tag":[542,881],"class_list":{"0":"post-14474","1":"product","2":"type-product","3":"status-publish","4":"has-post-thumbnail","6":"product_cat-george-sand-fr","7":"product_cat-scenarios","8":"product_tag-copioni-teatrali-fr","9":"product_tag-george-sand-fr","11":"first","12":"instock","13":"virtual","14":"product-type-simple"},"_links":{"self":[{"href":"https:\/\/stage.annamariamartinolli.it\/fr\/wp-json\/wp\/v2\/product\/14474","targetHints":{"allow":["GET"]}}],"collection":[{"href":"https:\/\/stage.annamariamartinolli.it\/fr\/wp-json\/wp\/v2\/product"}],"about":[{"href":"https:\/\/stage.annamariamartinolli.it\/fr\/wp-json\/wp\/v2\/types\/product"}],"replies":[{"embeddable":true,"href":"https:\/\/stage.annamariamartinolli.it\/fr\/wp-json\/wp\/v2\/comments?post=14474"}],"wp:featuredmedia":[{"embeddable":true,"href":"https:\/\/stage.annamariamartinolli.it\/fr\/wp-json\/wp\/v2\/media\/14481"}],"wp:attachment":[{"href":"https:\/\/stage.annamariamartinolli.it\/fr\/wp-json\/wp\/v2\/media?parent=14474"}],"wp:term":[{"taxonomy":"product_brand","embeddable":true,"href":"https:\/\/stage.annamariamartinolli.it\/fr\/wp-json\/wp\/v2\/product_brand?post=14474"},{"taxonomy":"product_cat","embeddable":true,"href":"https:\/\/stage.annamariamartinolli.it\/fr\/wp-json\/wp\/v2\/product_cat?post=14474"},{"taxonomy":"product_tag","embeddable":true,"href":"https:\/\/stage.annamariamartinolli.it\/fr\/wp-json\/wp\/v2\/product_tag?post=14474"}],"curies":[{"name":"wp","href":"https:\/\/api.w.org\/{rel}","templated":true}]}}