{"id":14247,"date":"2025-01-18T09:55:49","date_gmt":"2025-01-18T08:55:49","guid":{"rendered":"http:\/\/stage.annamariamartinolli.it\/?post_type=product&#038;p=14247"},"modified":"2025-01-20T14:58:52","modified_gmt":"2025-01-20T13:58:52","slug":"un-giorno-ancora","status":"publish","type":"product","link":"https:\/\/stage.annamariamartinolli.it\/fr\/librairie\/scenarios\/un-giorno-ancora\/","title":{"rendered":"Un giorno ancora"},"content":{"rendered":"<p>Com\u00e9die en un acte, cinq personnages : quatre hommes et une femme. <strong>Le sc\u00e9nario est en langue italienne<\/strong>.<\/p>\n<div  class='avia-button-wrap av-2xoi0b-0429271f56a25ed29dc7de88202be2fd-wrap avia-button-left  avia-builder-el-0  avia-builder-el-no-sibling '><a href='http:\/\/stage.annamariamartinolli.it\/fr\/contacts\/'  class='avia-button av-2xoi0b-0429271f56a25ed29dc7de88202be2fd av-link-btn avia-icon_select-yes-left-icon avia-size-large avia-position-left avia-color-theme-color'   aria-label=\"Contactez-moi\"><span class='avia_button_icon avia_button_icon_left avia-iconfont avia-font-entypo-fontello' data-av_icon='\ue836' data-av_iconfont='entypo-fontello' ><\/span><span class='avia_iconbox_title' >Contactez-moi<\/span><\/a><\/div>\n","protected":false},"excerpt":{"rendered":"<p>Joseph Conrad, parlant du personnage de Bessie, l&#8217;appelle \u00ab la premi\u00e8re cr\u00e9ation f\u00e9minine consciente dans l&#8217;ensemble de mon \u0153uvre \u00bb.<br \/>\nBessie souffre de l&#8217;angoisse psychologique de son p\u00e8re aveugle, qui l&#8217;humilie et la traite comme une servante, croyant qu&#8217;il est de son devoir, en tant que fille et femme, de remplir ce r\u00f4le. Il l&#8217;emp\u00eache ainsi de vivre librement sa vie et de choisir son avenir.<br \/>\nLe capitaine Hagberd, quant \u00e0 lui, entra\u00eene Bessie dans son monde de folie et d&#8217;illusions. Lui aussi aurait voulu choisir le destin de son fils Harry, qui a cependant pr\u00e9f\u00e9r\u00e9 s&#8217;enfuir plut\u00f4t que de se soumettre \u00e0 ses impositions, et voil\u00e0 que le capitaine se met en t\u00eate que Bessie pourrait \u00eatre l&#8217;\u00e9pouse id\u00e9ale pour le fils perdu qu&#8217;il n&#8217;a pas vu depuis seize ans. Lorsque Harry revient pour de bon, Bessie est confront\u00e9e \u00e0 la mentalit\u00e9 non plus de deux mais de trois hommes, prenant d\u00e9finitivement conscience de la triste r\u00e9alit\u00e9 dans laquelle elle est enferm\u00e9e.<\/p>\n[av_toggle_container initial='0' mode='accordion' sort='' styling='' colors='' font_color='' background_color='' border_color='' colors_current='' font_color_current='' background_current='' background_color_current='' background_gradient_current_color1='' background_gradient_current_color2='' background_gradient_current_direction='vertical' hover_colors='' hover_background_color='' hover_font_color='' alb_description='' id='' custom_class='' av_uid='']<br \/>\n[av_toggle title='Formulaire de demande pour un sc\u00e9nario de th\u00e9\u00e2tre traduit en langue italienne' tags='' custom_id='']<br \/>\n[gravityform id=\"4\" title=\"false\" description=\"false\" ajax=\"true\"]<br \/>\n[\/av_toggle]<\/p>\n<p>[\/av_toggle_container]\n","protected":false},"featured_media":14216,"comment_status":"open","ping_status":"closed","template":"","meta":[],"product_brand":[],"product_cat":[872,128],"product_tag":[542],"class_list":{"0":"post-14247","1":"product","2":"type-product","3":"status-publish","4":"has-post-thumbnail","6":"product_cat-joseph-conrad-fr","7":"product_cat-scenarios","8":"product_tag-copioni-teatrali-fr","10":"first","11":"instock","12":"virtual","13":"product-type-simple"},"_links":{"self":[{"href":"https:\/\/stage.annamariamartinolli.it\/fr\/wp-json\/wp\/v2\/product\/14247","targetHints":{"allow":["GET"]}}],"collection":[{"href":"https:\/\/stage.annamariamartinolli.it\/fr\/wp-json\/wp\/v2\/product"}],"about":[{"href":"https:\/\/stage.annamariamartinolli.it\/fr\/wp-json\/wp\/v2\/types\/product"}],"replies":[{"embeddable":true,"href":"https:\/\/stage.annamariamartinolli.it\/fr\/wp-json\/wp\/v2\/comments?post=14247"}],"wp:featuredmedia":[{"embeddable":true,"href":"https:\/\/stage.annamariamartinolli.it\/fr\/wp-json\/wp\/v2\/media\/14216"}],"wp:attachment":[{"href":"https:\/\/stage.annamariamartinolli.it\/fr\/wp-json\/wp\/v2\/media?parent=14247"}],"wp:term":[{"taxonomy":"product_brand","embeddable":true,"href":"https:\/\/stage.annamariamartinolli.it\/fr\/wp-json\/wp\/v2\/product_brand?post=14247"},{"taxonomy":"product_cat","embeddable":true,"href":"https:\/\/stage.annamariamartinolli.it\/fr\/wp-json\/wp\/v2\/product_cat?post=14247"},{"taxonomy":"product_tag","embeddable":true,"href":"https:\/\/stage.annamariamartinolli.it\/fr\/wp-json\/wp\/v2\/product_tag?post=14247"}],"curies":[{"name":"wp","href":"https:\/\/api.w.org\/{rel}","templated":true}]}}