{"id":14005,"date":"2024-11-30T15:22:40","date_gmt":"2024-11-30T14:22:40","guid":{"rendered":"http:\/\/stage.annamariamartinolli.it\/?post_type=product&#038;p=14005"},"modified":"2024-12-01T10:51:37","modified_gmt":"2024-12-01T09:51:37","slug":"e-pericoloso-sporgersi","status":"publish","type":"product","link":"https:\/\/stage.annamariamartinolli.it\/fr\/librairie\/scenarios\/enrique-jardiel-poncela-fr-2\/e-pericoloso-sporgersi\/","title":{"rendered":"\u00c8 pericoloso sporgersi"},"content":{"rendered":"<p>Com\u00e9die en deux actes et un prologue. Seize personnages: sept femmes et neuf hommes. <strong>Le sc\u00e9nario est en langue italienne.<\/strong><\/p>\n<div  class='avia-button-wrap av-2xoi0b-0429271f56a25ed29dc7de88202be2fd-wrap avia-button-left  avia-builder-el-0  avia-builder-el-no-sibling '><a href='http:\/\/stage.annamariamartinolli.it\/fr\/contacts\/'  class='avia-button av-2xoi0b-0429271f56a25ed29dc7de88202be2fd av-link-btn avia-icon_select-yes-left-icon avia-size-large avia-position-left avia-color-theme-color'   aria-label=\"Contactez-moi\"><span class='avia_button_icon avia_button_icon_left avia-iconfont avia-font-entypo-fontello' data-av_icon='\ue836' data-av_iconfont='entypo-fontello' ><\/span><span class='avia_iconbox_title' >Contactez-moi<\/span><\/a><\/div>\n","protected":false},"excerpt":{"rendered":"<p>Le comte Gerardo et ses deux fils, Mariano et Federico, sont sur le point d&#8217;\u00e9pouser chacun une femme diff\u00e9rente, du moins le croient-ils. En r\u00e9alit\u00e9, cette femme s&#8217;appelle Isabel et elle a tout g\u00e2ch\u00e9 : elle est tomb\u00e9e amoureuse des trois, adoptant une attitude radicalement diff\u00e9rente avec chacun d&#8217;entre eux et leur faisant croire qu&#8217;elle est la femme de leurs r\u00eaves.<br \/>\nArriv\u00e9e chez le comte pour le mariage, la jeune femme avoue la v\u00e9rit\u00e9 et exprime ses convictions sur l&#8217;amour, mais sa pr\u00e9sence finit par semer le trouble dans toute la famille, jusqu&#8217;\u00e0 impliquer les domestiques qui sont appel\u00e9s \u00e0 g\u00e9rer une situation paradoxale.<br \/>\nUne com\u00e9die hilarante d&#8217;Enrique Jardiel Poncela o\u00f9 les sentiments vrais et profonds sont remplac\u00e9s par l&#8217;id\u00e9e souvent erron\u00e9e que chacun se fait de l&#8217;autre, et par l&#8217;illusion du bonheur que l&#8217;on croit r\u00e9sider dans le fait d&#8217;\u00eatre exactement comme l&#8217;autre veut que l&#8217;on soit.<\/p>\n[av_toggle_container initial='0' mode='accordion' sort='' styling='' colors='' font_color='' background_color='' border_color='' colors_current='' font_color_current='' background_current='' background_color_current='' background_gradient_current_color1='' background_gradient_current_color2='' background_gradient_current_direction='vertical' hover_colors='' hover_background_color='' hover_font_color='' alb_description='' id='' custom_class='' av_uid='']<br \/>\n[av_toggle title='Formulaire de demande pour un sc\u00e9nario de th\u00e9\u00e2tre traduit en langue italienne' tags='' custom_id='']<br \/>\n[gravityform id=\"4\" title=\"false\" description=\"false\" ajax=\"true\"]<br \/>\n[\/av_toggle]<\/p>\n<p>[\/av_toggle_container]\n","protected":false},"featured_media":10172,"comment_status":"open","ping_status":"closed","template":"","meta":[],"product_brand":[],"product_cat":[625,128],"product_tag":[542,626],"class_list":{"0":"post-14005","1":"product","2":"type-product","3":"status-publish","4":"has-post-thumbnail","6":"product_cat-enrique-jardiel-poncela-fr-2","7":"product_cat-scenarios","8":"product_tag-copioni-teatrali-fr","9":"product_tag-enrique-jardiel-poncela-fr","11":"first","12":"instock","13":"virtual","14":"product-type-simple"},"_links":{"self":[{"href":"https:\/\/stage.annamariamartinolli.it\/fr\/wp-json\/wp\/v2\/product\/14005","targetHints":{"allow":["GET"]}}],"collection":[{"href":"https:\/\/stage.annamariamartinolli.it\/fr\/wp-json\/wp\/v2\/product"}],"about":[{"href":"https:\/\/stage.annamariamartinolli.it\/fr\/wp-json\/wp\/v2\/types\/product"}],"replies":[{"embeddable":true,"href":"https:\/\/stage.annamariamartinolli.it\/fr\/wp-json\/wp\/v2\/comments?post=14005"}],"wp:featuredmedia":[{"embeddable":true,"href":"https:\/\/stage.annamariamartinolli.it\/fr\/wp-json\/wp\/v2\/media\/10172"}],"wp:attachment":[{"href":"https:\/\/stage.annamariamartinolli.it\/fr\/wp-json\/wp\/v2\/media?parent=14005"}],"wp:term":[{"taxonomy":"product_brand","embeddable":true,"href":"https:\/\/stage.annamariamartinolli.it\/fr\/wp-json\/wp\/v2\/product_brand?post=14005"},{"taxonomy":"product_cat","embeddable":true,"href":"https:\/\/stage.annamariamartinolli.it\/fr\/wp-json\/wp\/v2\/product_cat?post=14005"},{"taxonomy":"product_tag","embeddable":true,"href":"https:\/\/stage.annamariamartinolli.it\/fr\/wp-json\/wp\/v2\/product_tag?post=14005"}],"curies":[{"name":"wp","href":"https:\/\/api.w.org\/{rel}","templated":true}]}}