{"id":13437,"date":"2024-08-21T14:30:22","date_gmt":"2024-08-21T12:30:22","guid":{"rendered":"http:\/\/stage.annamariamartinolli.it\/?post_type=product&#038;p=13437"},"modified":"2024-08-21T14:48:35","modified_gmt":"2024-08-21T12:48:35","slug":"feydeau-monologhi","status":"publish","type":"product","link":"https:\/\/stage.annamariamartinolli.it\/fr\/librairie\/scenarios\/georges-feydeau-fr\/feydeau-monologhi\/","title":{"rendered":"Feydeau monologhi"},"content":{"rendered":"<p><strong>Les sc\u00e9narios sont en langue italienne.<\/strong><\/p>\n<div  class='avia-button-wrap av-2xoi0b-0429271f56a25ed29dc7de88202be2fd-wrap avia-button-left  avia-builder-el-0  avia-builder-el-no-sibling '><a href='http:\/\/stage.annamariamartinolli.it\/fr\/contacts\/'  class='avia-button av-2xoi0b-0429271f56a25ed29dc7de88202be2fd av-link-btn avia-icon_select-yes-left-icon avia-size-large avia-position-left avia-color-theme-color'   aria-label=\"Contactez-moi\"><span class='avia_button_icon avia_button_icon_left avia-iconfont avia-font-entypo-fontello' data-av_icon='\ue836' data-av_iconfont='entypo-fontello' ><\/span><span class='avia_iconbox_title' >Contactez-moi<\/span><\/a><\/div>\n","protected":false},"excerpt":{"rendered":"<p>Ici vous pouvez trouver la liste des 23 monologues de Monsieur Georges Feydeau que j&#8217;ai traduit \u00e0 l&#8217;italien. Si vous d\u00e9sirez les lire, n&#8217;hesitez pas \u00e0 me contacter.<\/p>\n<p>\u2022 Agli antipodi<br \/>\n\u2022 Il collegiale<br \/>\n\u2022 I personaggi famosi<br \/>\n\u2022 Le riforme<br \/>\n\u2022 L\u2019uomo integro<br \/>\n\u2022 Tutto merito di Brown-S\u00e9quard!\u2026<br \/>\n\u2022 Il giurato<br \/>\n\u2022 Un colpo di testa<br \/>\n\u2022 Un signore che non ama i monologhi<br \/>\n\u2022 Ho mal di denti!<br \/>\n\u2022 Patta all\u2019aria<br \/>\n\u2022 La banconota da mille<br \/>\n\u2022 Il pacco<br \/>\n\u2022 Un signore condannato a morte<br \/>\n\u2022 L\u2019uomo parsimonioso<br \/>\n\u2022 La famigliola<br \/>\n\u2022 Troppo vecchio<br \/>\n\u2022 I bambini<br \/>\n\u2022 La cantilena del povero proprietario<br \/>\n\u2022 La piccola ribelle<br \/>\n\u2022 La signora Sganarello<br \/>\n\u2022 Il fazzoletto<br \/>\n\u2022 Il volontario<\/p>\n","protected":false},"featured_media":2780,"comment_status":"open","ping_status":"closed","template":"","meta":[],"product_brand":[],"product_cat":[174,128],"product_tag":[146],"class_list":{"0":"post-13437","1":"product","2":"type-product","3":"status-publish","4":"has-post-thumbnail","6":"product_cat-georges-feydeau-fr","7":"product_cat-scenarios","8":"product_tag-georges-feydeau-fr","10":"first","11":"instock","12":"virtual","13":"product-type-simple"},"_links":{"self":[{"href":"https:\/\/stage.annamariamartinolli.it\/fr\/wp-json\/wp\/v2\/product\/13437","targetHints":{"allow":["GET"]}}],"collection":[{"href":"https:\/\/stage.annamariamartinolli.it\/fr\/wp-json\/wp\/v2\/product"}],"about":[{"href":"https:\/\/stage.annamariamartinolli.it\/fr\/wp-json\/wp\/v2\/types\/product"}],"replies":[{"embeddable":true,"href":"https:\/\/stage.annamariamartinolli.it\/fr\/wp-json\/wp\/v2\/comments?post=13437"}],"wp:featuredmedia":[{"embeddable":true,"href":"https:\/\/stage.annamariamartinolli.it\/fr\/wp-json\/wp\/v2\/media\/2780"}],"wp:attachment":[{"href":"https:\/\/stage.annamariamartinolli.it\/fr\/wp-json\/wp\/v2\/media?parent=13437"}],"wp:term":[{"taxonomy":"product_brand","embeddable":true,"href":"https:\/\/stage.annamariamartinolli.it\/fr\/wp-json\/wp\/v2\/product_brand?post=13437"},{"taxonomy":"product_cat","embeddable":true,"href":"https:\/\/stage.annamariamartinolli.it\/fr\/wp-json\/wp\/v2\/product_cat?post=13437"},{"taxonomy":"product_tag","embeddable":true,"href":"https:\/\/stage.annamariamartinolli.it\/fr\/wp-json\/wp\/v2\/product_tag?post=13437"}],"curies":[{"name":"wp","href":"https:\/\/api.w.org\/{rel}","templated":true}]}}