{"id":12901,"date":"2024-06-18T10:54:58","date_gmt":"2024-06-18T08:54:58","guid":{"rendered":"http:\/\/stage.annamariamartinolli.it\/?post_type=product&#038;p=12901"},"modified":"2024-06-18T11:34:52","modified_gmt":"2024-06-18T09:34:52","slug":"emile-verhaeren-teatro","status":"publish","type":"product","link":"https:\/\/stage.annamariamartinolli.it\/fr\/librairie\/livres\/emile-verhaeren-teatro\/","title":{"rendered":"Emile Verhaeren Teatro"},"content":{"rendered":"<p><strong>Le volume contient les textes suivants:<\/strong><\/p>\n<ul>\n<li>Il chiostro<\/li>\n<li>Filippo II<\/li>\n<li>Le albe<\/li>\n<li>Elena di Sparta<\/li>\n<\/ul>\n","protected":false},"excerpt":{"rendered":"<p>Ce volume rassemble pour la premi\u00e8re fois en italien, permettant une comparaison imm\u00e9diate des \u0153uvres, les quatre drames compos\u00e9s par le po\u00e8te belge \u00c9mile Verhaeren : Il chiostro, Filippo II, Le albe et Elena di Sparta. Le livre contient \u00e9galement des articles critiques et des \u00e9tudes approfondies, qui analysent les textes susmentionn\u00e9s et l&#8217;\u0153uvre po\u00e9tique de l&#8217;auteur \u00e0 travers diff\u00e9rents points de vue, mettant \u00e9galement en lumi\u00e8re de nouveaux aspects de son style.<\/p>\n<p><strong>Le livre est en langue italienne<\/strong>.<br \/>\n(\u00e9dit\u00e9 par Annamaria Martinolli)<\/p>\n[av_promobox button='yes' label='Acheter' icon_select='yes' icon='ue859' font='entypo-fontello' color='theme-color' custom_bg='#444444' custom_font='#ffffff' size='large' box_color='' box_custom_font='#ffffff' box_custom_bg='#444444' box_custom_border='#333333' label_display='' link='manually,https:\/\/www.editoriaespettacolo.com\/prodotto\/teatro-il-chiostro-filippo-ii-le-albe-elena-di-sparta\/' link_target='_blank' id='' custom_class='' av_uid='' admin_preview_bg='']<br \/>\nAcheter sur le site de Editoria&amp;Spettacolo<br \/>\n[\/av_promobox]\n","protected":false},"featured_media":12916,"comment_status":"open","ping_status":"closed","template":"","meta":[],"product_brand":[],"product_cat":[132],"product_tag":[136],"class_list":{"0":"post-12901","1":"product","2":"type-product","3":"status-publish","4":"has-post-thumbnail","6":"product_cat-livres","7":"product_tag-livres","9":"first","10":"instock","11":"shipping-taxable","12":"product-type-simple"},"_links":{"self":[{"href":"https:\/\/stage.annamariamartinolli.it\/fr\/wp-json\/wp\/v2\/product\/12901","targetHints":{"allow":["GET"]}}],"collection":[{"href":"https:\/\/stage.annamariamartinolli.it\/fr\/wp-json\/wp\/v2\/product"}],"about":[{"href":"https:\/\/stage.annamariamartinolli.it\/fr\/wp-json\/wp\/v2\/types\/product"}],"replies":[{"embeddable":true,"href":"https:\/\/stage.annamariamartinolli.it\/fr\/wp-json\/wp\/v2\/comments?post=12901"}],"wp:featuredmedia":[{"embeddable":true,"href":"https:\/\/stage.annamariamartinolli.it\/fr\/wp-json\/wp\/v2\/media\/12916"}],"wp:attachment":[{"href":"https:\/\/stage.annamariamartinolli.it\/fr\/wp-json\/wp\/v2\/media?parent=12901"}],"wp:term":[{"taxonomy":"product_brand","embeddable":true,"href":"https:\/\/stage.annamariamartinolli.it\/fr\/wp-json\/wp\/v2\/product_brand?post=12901"},{"taxonomy":"product_cat","embeddable":true,"href":"https:\/\/stage.annamariamartinolli.it\/fr\/wp-json\/wp\/v2\/product_cat?post=12901"},{"taxonomy":"product_tag","embeddable":true,"href":"https:\/\/stage.annamariamartinolli.it\/fr\/wp-json\/wp\/v2\/product_tag?post=12901"}],"curies":[{"name":"wp","href":"https:\/\/api.w.org\/{rel}","templated":true}]}}