{"id":12863,"date":"2024-06-15T12:17:24","date_gmt":"2024-06-15T10:17:24","guid":{"rendered":"http:\/\/stage.annamariamartinolli.it\/?post_type=product&#038;p=12863"},"modified":"2024-06-15T12:29:45","modified_gmt":"2024-06-15T10:29:45","slug":"la-folle-giornata-di-madame-carmen","status":"publish","type":"product","link":"https:\/\/stage.annamariamartinolli.it\/fr\/librairie\/scenarios\/la-folle-giornata-di-madame-carmen\/","title":{"rendered":"La folle giornata di Madame Carmen"},"content":{"rendered":"<p>Pochade, douze personnages: six hommes et six femmes. <strong>Le sc\u00e9nario est en langue italienne.<\/strong><\/p>\n<div  class='avia-button-wrap av-2xoi0b-0429271f56a25ed29dc7de88202be2fd-wrap avia-button-left  avia-builder-el-0  avia-builder-el-no-sibling '><a href='http:\/\/stage.annamariamartinolli.it\/fr\/contacts\/'  class='avia-button av-2xoi0b-0429271f56a25ed29dc7de88202be2fd av-link-btn avia-icon_select-yes-left-icon avia-size-large avia-position-left avia-color-theme-color'   aria-label=\"Contactez-moi\"><span class='avia_button_icon avia_button_icon_left avia-iconfont avia-font-entypo-fontello' data-av_icon='\ue836' data-av_iconfont='entypo-fontello' ><\/span><span class='avia_iconbox_title' >Contactez-moi<\/span><\/a><\/div>\n","protected":false},"excerpt":{"rendered":"<p>Un jour comme les autres, Madame Carmen, propri\u00e9taire d&#8217;une maison close de campagne, se pr\u00e9pare \u00e0 recevoir les clients et \u00e0 organiser le travail de ses filles. Mais ce qu&#8217;elle n&#8217;a pas pr\u00e9vu, c&#8217;est une s\u00e9rie de m\u00e9saventures qui vont transformer sa journ\u00e9e en d\u00e9lire : l&#8217;arriv\u00e9e du fr\u00e8re d&#8217;une des filles, s\u00e9duite et abandonn\u00e9e ; un client timide qui veut absolument \u00e9pouser une prostitu\u00e9e ; un p\u00e8re qui tente de rafra\u00eechir les id\u00e9es d&#8217;un fils amoureux d&#8217;une fille qu&#8217;il n&#8217;a vue qu&#8217;en passant ; un cur\u00e9 obs\u00e9d\u00e9 par les exorcismes ; une bigote qui voit le diable partout et un maire qui ne sait plus \u00e0 quel saint se vouer.<br \/>\nUne pochade hilarante de Jean-Michel Arthaud pour s&#8217;amuser en toute l\u00e9g\u00e8ret\u00e9.<\/p>\n[av_toggle_container initial='0' mode='accordion' sort='' styling='' colors='' font_color='' background_color='' border_color='' colors_current='' font_color_current='' background_current='' background_color_current='' background_gradient_current_color1='' background_gradient_current_color2='' background_gradient_current_direction='vertical' hover_colors='' hover_background_color='' hover_font_color='' alb_description='' id='' custom_class='' av_uid='']<br \/>\n[av_toggle title='Formulaire de demande pour un sc\u00e9nario de th\u00e9\u00e2tre traduit en langue italienne' tags='' custom_id='']<br \/>\n[gravityform id=\"4\" title=\"false\" description=\"false\" ajax=\"true\"]<br \/>\n[\/av_toggle]<\/p>\n<p>[\/av_toggle_container]\n","protected":false},"featured_media":12833,"comment_status":"open","ping_status":"closed","template":"","meta":[],"product_brand":[],"product_cat":[671,128],"product_tag":[672],"class_list":{"0":"post-12863","1":"product","2":"type-product","3":"status-publish","4":"has-post-thumbnail","6":"product_cat-jean-michel-arthaud-fr","7":"product_cat-scenarios","8":"product_tag-jean-michel-arthaud-fr","10":"first","11":"instock","12":"virtual","13":"product-type-simple"},"_links":{"self":[{"href":"https:\/\/stage.annamariamartinolli.it\/fr\/wp-json\/wp\/v2\/product\/12863","targetHints":{"allow":["GET"]}}],"collection":[{"href":"https:\/\/stage.annamariamartinolli.it\/fr\/wp-json\/wp\/v2\/product"}],"about":[{"href":"https:\/\/stage.annamariamartinolli.it\/fr\/wp-json\/wp\/v2\/types\/product"}],"replies":[{"embeddable":true,"href":"https:\/\/stage.annamariamartinolli.it\/fr\/wp-json\/wp\/v2\/comments?post=12863"}],"wp:featuredmedia":[{"embeddable":true,"href":"https:\/\/stage.annamariamartinolli.it\/fr\/wp-json\/wp\/v2\/media\/12833"}],"wp:attachment":[{"href":"https:\/\/stage.annamariamartinolli.it\/fr\/wp-json\/wp\/v2\/media?parent=12863"}],"wp:term":[{"taxonomy":"product_brand","embeddable":true,"href":"https:\/\/stage.annamariamartinolli.it\/fr\/wp-json\/wp\/v2\/product_brand?post=12863"},{"taxonomy":"product_cat","embeddable":true,"href":"https:\/\/stage.annamariamartinolli.it\/fr\/wp-json\/wp\/v2\/product_cat?post=12863"},{"taxonomy":"product_tag","embeddable":true,"href":"https:\/\/stage.annamariamartinolli.it\/fr\/wp-json\/wp\/v2\/product_tag?post=12863"}],"curies":[{"name":"wp","href":"https:\/\/api.w.org\/{rel}","templated":true}]}}