{"id":12273,"date":"2024-01-11T14:36:00","date_gmt":"2024-01-11T13:36:00","guid":{"rendered":"http:\/\/stage.annamariamartinolli.it\/?post_type=product&#038;p=12273"},"modified":"2024-02-21T14:58:27","modified_gmt":"2024-02-21T13:58:27","slug":"un-piede-gigante-li-schiaccia-tutti","status":"publish","type":"product","link":"https:\/\/stage.annamariamartinolli.it\/fr\/librairie\/scenarios\/un-piede-gigante-li-schiaccia-tutti\/","title":{"rendered":"Un piede gigante li schiaccia tutti"},"content":{"rendered":"<p>Com\u00e9die en un acte, deux personnages: un homme et une femme. <strong>Le sc\u00e9nario est en langue italienne<\/strong>.<\/p>\n<div  class='avia-button-wrap av-2xoi0b-0429271f56a25ed29dc7de88202be2fd-wrap avia-button-left  avia-builder-el-0  avia-builder-el-no-sibling '><a href='http:\/\/stage.annamariamartinolli.it\/fr\/contacts\/'  class='avia-button av-2xoi0b-0429271f56a25ed29dc7de88202be2fd av-link-btn avia-icon_select-yes-left-icon avia-size-large avia-position-left avia-color-theme-color'   aria-label=\"Contactez-moi\"><span class='avia_button_icon avia_button_icon_left avia-iconfont avia-font-entypo-fontello' data-av_icon='\ue836' data-av_iconfont='entypo-fontello' ><\/span><span class='avia_iconbox_title' >Contactez-moi<\/span><\/a><\/div>\n","protected":false},"excerpt":{"rendered":"<p>Deux personnages &#8211; ou peut-\u00eatre dix-huit ? &#8211; un homme et une femme, dans une chambre d&#8217;h\u00f4tel, s&#8217;affrontent sur l&#8217;amour, la vie et ce qui aurait pu \u00eatre et n&#8217;a pas \u00e9t\u00e9, ou peut-\u00eatre a \u00e9t\u00e9. Une pi\u00e8ce exp\u00e9rimentale qui permet aux acteurs et aux metteurs en sc\u00e8ne de laisser place \u00e0 leur imagination et d&#8217;interpr\u00e9ter le texte selon leur vision personnelle des choses. <strong>Laur\u00e9ate du Prix Born Teatro 2014<\/strong>, cette \u0153uvre de Xavi Morat\u00f3, jamais mont\u00e9e en Italie, est un petit bijou de cr\u00e9ativit\u00e9 adapt\u00e9 \u00e0 tous ceux qui sont \u00e0 la recherche d&#8217;un texte qui n&#8217;impose aucune r\u00e8gle autre que celle de s&#8217;y impliquer avec enthousiasme.<\/p>\n[av_toggle_container initial='0' mode='accordion' sort='' styling='' colors='' font_color='' background_color='' border_color='' colors_current='' font_color_current='' background_current='' background_color_current='' background_gradient_current_color1='' background_gradient_current_color2='' background_gradient_current_direction='vertical' hover_colors='' hover_background_color='' hover_font_color='' alb_description='' id='' custom_class='' av_uid='']<br \/>\n[av_toggle title='Formulaire de demande pour un sc\u00e9nario de th\u00e9\u00e2tre traduit en langue italienne' tags='' custom_id='']<br \/>\n[gravityform id=\"4\" title=\"false\" description=\"false\" ajax=\"true\"]<br \/>\n[\/av_toggle]<\/p>\n<p>[\/av_toggle_container]\n","protected":false},"featured_media":12345,"comment_status":"open","ping_status":"closed","template":"","meta":[],"product_brand":[],"product_cat":[128,705],"product_tag":[706],"class_list":{"0":"post-12273","1":"product","2":"type-product","3":"status-publish","4":"has-post-thumbnail","6":"product_cat-scenarios","7":"product_cat-xavi-morato-fr-2","8":"product_tag-xavi-morato-fr-2","10":"first","11":"instock","12":"virtual","13":"product-type-simple"},"_links":{"self":[{"href":"https:\/\/stage.annamariamartinolli.it\/fr\/wp-json\/wp\/v2\/product\/12273","targetHints":{"allow":["GET"]}}],"collection":[{"href":"https:\/\/stage.annamariamartinolli.it\/fr\/wp-json\/wp\/v2\/product"}],"about":[{"href":"https:\/\/stage.annamariamartinolli.it\/fr\/wp-json\/wp\/v2\/types\/product"}],"replies":[{"embeddable":true,"href":"https:\/\/stage.annamariamartinolli.it\/fr\/wp-json\/wp\/v2\/comments?post=12273"}],"wp:featuredmedia":[{"embeddable":true,"href":"https:\/\/stage.annamariamartinolli.it\/fr\/wp-json\/wp\/v2\/media\/12345"}],"wp:attachment":[{"href":"https:\/\/stage.annamariamartinolli.it\/fr\/wp-json\/wp\/v2\/media?parent=12273"}],"wp:term":[{"taxonomy":"product_brand","embeddable":true,"href":"https:\/\/stage.annamariamartinolli.it\/fr\/wp-json\/wp\/v2\/product_brand?post=12273"},{"taxonomy":"product_cat","embeddable":true,"href":"https:\/\/stage.annamariamartinolli.it\/fr\/wp-json\/wp\/v2\/product_cat?post=12273"},{"taxonomy":"product_tag","embeddable":true,"href":"https:\/\/stage.annamariamartinolli.it\/fr\/wp-json\/wp\/v2\/product_tag?post=12273"}],"curies":[{"name":"wp","href":"https:\/\/api.w.org\/{rel}","templated":true}]}}