{"id":12142,"date":"2023-11-21T14:23:25","date_gmt":"2023-11-21T13:23:25","guid":{"rendered":"http:\/\/stage.annamariamartinolli.it\/?post_type=product&#038;p=12142"},"modified":"2024-01-22T15:03:14","modified_gmt":"2024-01-22T14:03:14","slug":"orgoglio-di-presidente","status":"publish","type":"product","link":"https:\/\/stage.annamariamartinolli.it\/fr\/librairie\/scenarios\/xavi-morato-fr-2\/orgoglio-di-presidente\/","title":{"rendered":"Orgoglio di presidente"},"content":{"rendered":"<p>Pi\u00e8ce en dixhuit sc\u00e8nes, six personnages: trois hommes et trois femmes. <strong>Le sc\u00e8nario est en langue italienne<\/strong>.<\/p>\n<div  class='avia-button-wrap av-2xoi0b-0429271f56a25ed29dc7de88202be2fd-wrap avia-button-left  avia-builder-el-0  avia-builder-el-no-sibling '><a href='http:\/\/stage.annamariamartinolli.it\/fr\/contacts\/'  class='avia-button av-2xoi0b-0429271f56a25ed29dc7de88202be2fd av-link-btn avia-icon_select-yes-left-icon avia-size-large avia-position-left avia-color-theme-color'   aria-label=\"Contactez-moi\"><span class='avia_button_icon avia_button_icon_left avia-iconfont avia-font-entypo-fontello' data-av_icon='\ue836' data-av_iconfont='entypo-fontello' ><\/span><span class='avia_iconbox_title' >Contactez-moi<\/span><\/a><\/div>\n","protected":false},"excerpt":{"rendered":"<p>Un Premier ministre, membre d&#8217;un parti politique ultra-traditionaliste, cache \u00e0 son \u00e9lectorat et \u00e0 ses associ\u00e9s qu&#8217;il est homosexuel et qu&#8217;il a une relation extraconjugale stable avec un homme de basse culture depuis sept ans. Dans une tentative comique et d\u00e9sesp\u00e9r\u00e9e de ne pas perdre ses privil\u00e8ges, il doit g\u00e9rer une relation compliqu\u00e9e avec son amant, une femme qui ne mange que des croquettes, une vice-pr\u00e9sidente ambitieuse, un vice-pr\u00e9sident homophobe et une journaliste indiscr\u00e8te.<br \/>\nXavi Morat\u00f3 dresse le portrait d&#8217;une classe politique dont la mentalit\u00e9 est connue de tous, pr\u00eate \u00e0 tous les subterfuges pour ne pas perdre la confiance de l&#8217;\u00e9lectorat et tr\u00e8s peu int\u00e9ress\u00e9e par les probl\u00e8mes d&#8217;un pays qui se d\u00e9sagr\u00e8ge. Et pourtant, malgr\u00e9 cette prise de conscience, le public ne peut s&#8217;emp\u00eacher de rire sans retenue des vicissitudes d&#8217;un Premier ministre farceur qui refl\u00e8te parfaitement une r\u00e9alit\u00e9 que, malheureusement, beaucoup de citoyens connaissent.<\/p>\n[av_toggle_container initial='0' mode='accordion' sort='' styling='' colors='' font_color='' background_color='' border_color='' colors_current='' font_color_current='' background_current='' background_color_current='' background_gradient_current_color1='' background_gradient_current_color2='' background_gradient_current_direction='vertical' hover_colors='' hover_background_color='' hover_font_color='' alb_description='' id='' custom_class='' av_uid='']<br \/>\n[av_toggle title='Formulaire de demande pour un sc\u00e9nario de th\u00e9\u00e2tre traduit en langue italienne' tags='' custom_id='']<br \/>\n[gravityform id=\"4\" title=\"false\" description=\"false\" ajax=\"true\"]<br \/>\n[\/av_toggle]<\/p>\n<p>[\/av_toggle_container]\n","protected":false},"featured_media":12345,"comment_status":"open","ping_status":"closed","template":"","meta":[],"product_brand":[],"product_cat":[128,705],"product_tag":[706],"class_list":{"0":"post-12142","1":"product","2":"type-product","3":"status-publish","4":"has-post-thumbnail","6":"product_cat-scenarios","7":"product_cat-xavi-morato-fr-2","8":"product_tag-xavi-morato-fr-2","10":"first","11":"instock","12":"virtual","13":"product-type-simple"},"_links":{"self":[{"href":"https:\/\/stage.annamariamartinolli.it\/fr\/wp-json\/wp\/v2\/product\/12142","targetHints":{"allow":["GET"]}}],"collection":[{"href":"https:\/\/stage.annamariamartinolli.it\/fr\/wp-json\/wp\/v2\/product"}],"about":[{"href":"https:\/\/stage.annamariamartinolli.it\/fr\/wp-json\/wp\/v2\/types\/product"}],"replies":[{"embeddable":true,"href":"https:\/\/stage.annamariamartinolli.it\/fr\/wp-json\/wp\/v2\/comments?post=12142"}],"wp:featuredmedia":[{"embeddable":true,"href":"https:\/\/stage.annamariamartinolli.it\/fr\/wp-json\/wp\/v2\/media\/12345"}],"wp:attachment":[{"href":"https:\/\/stage.annamariamartinolli.it\/fr\/wp-json\/wp\/v2\/media?parent=12142"}],"wp:term":[{"taxonomy":"product_brand","embeddable":true,"href":"https:\/\/stage.annamariamartinolli.it\/fr\/wp-json\/wp\/v2\/product_brand?post=12142"},{"taxonomy":"product_cat","embeddable":true,"href":"https:\/\/stage.annamariamartinolli.it\/fr\/wp-json\/wp\/v2\/product_cat?post=12142"},{"taxonomy":"product_tag","embeddable":true,"href":"https:\/\/stage.annamariamartinolli.it\/fr\/wp-json\/wp\/v2\/product_tag?post=12142"}],"curies":[{"name":"wp","href":"https:\/\/api.w.org\/{rel}","templated":true}]}}