{"id":11980,"date":"2023-09-24T14:16:02","date_gmt":"2023-09-24T12:16:02","guid":{"rendered":"http:\/\/stage.annamariamartinolli.it\/?post_type=product&#038;p=11980"},"modified":"2024-01-22T15:04:46","modified_gmt":"2024-01-22T14:04:46","slug":"tutto-e-confuso","status":"publish","type":"product","link":"https:\/\/stage.annamariamartinolli.it\/fr\/librairie\/scenarios\/xavi-morato-fr-2\/tutto-e-confuso\/","title":{"rendered":"Tutto \u00e8 confuso"},"content":{"rendered":"<p>Pi\u00e8ce en un acte, trois personnages: un homme et deux femmes. <strong>Le sc\u00e9nario est en langue italienne<\/strong><\/p>\n<div  class='avia-button-wrap av-2xoi0b-0429271f56a25ed29dc7de88202be2fd-wrap avia-button-left  avia-builder-el-0  avia-builder-el-no-sibling '><a href='http:\/\/stage.annamariamartinolli.it\/fr\/contacts\/'  class='avia-button av-2xoi0b-0429271f56a25ed29dc7de88202be2fd av-link-btn avia-icon_select-yes-left-icon avia-size-large avia-position-left avia-color-theme-color'   aria-label=\"Contactez-moi\"><span class='avia_button_icon avia_button_icon_left avia-iconfont avia-font-entypo-fontello' data-av_icon='\ue836' data-av_iconfont='entypo-fontello' ><\/span><span class='avia_iconbox_title' >Contactez-moi<\/span><\/a><\/div>\n","protected":false},"excerpt":{"rendered":"<p>Deux jeunes filles se retrouvent \u00e0 l&#8217;int\u00e9rieur d&#8217;un r\u00eave sans savoir la raison de leur pr\u00e9sence et d\u00e9cident d&#8217;en profiter pour faire ce qu&#8217;elles veulent. Apr\u00e8s avoir invoqu\u00e9 l&#8217;apparition de Brad Pitt, un gar\u00e7on arrive et semble pouvoir les aider \u00e0 r\u00e9soudre l&#8217;\u00e9nigme.<br \/>\nUne fantaisie en un acte, de Xavi Morat\u00f3, avec une \u00e9volution dramatique inattendue, capable de faire rire et r\u00e9fl\u00e9chir.<\/p>\n[av_toggle_container initial='0' mode='accordion' sort='' styling='' colors='' font_color='' background_color='' border_color='' colors_current='' font_color_current='' background_current='' background_color_current='' background_gradient_current_color1='' background_gradient_current_color2='' background_gradient_current_direction='vertical' hover_colors='' hover_background_color='' hover_font_color='' alb_description='' id='' custom_class='' av_uid='']<br \/>\n[av_toggle title='Formulaire de demande pour un sc\u00e9nario de th\u00e9\u00e2tre traduit en langue italienne' tags='' custom_id='']<br \/>\n[gravityform id=\"4\" title=\"false\" description=\"false\" ajax=\"true\"]<br \/>\n[\/av_toggle]<\/p>\n<p>[\/av_toggle_container]\n","protected":false},"featured_media":12345,"comment_status":"open","ping_status":"closed","template":"","meta":[],"product_brand":[],"product_cat":[128,705],"product_tag":[706],"class_list":{"0":"post-11980","1":"product","2":"type-product","3":"status-publish","4":"has-post-thumbnail","6":"product_cat-scenarios","7":"product_cat-xavi-morato-fr-2","8":"product_tag-xavi-morato-fr-2","10":"first","11":"instock","12":"virtual","13":"product-type-simple"},"_links":{"self":[{"href":"https:\/\/stage.annamariamartinolli.it\/fr\/wp-json\/wp\/v2\/product\/11980","targetHints":{"allow":["GET"]}}],"collection":[{"href":"https:\/\/stage.annamariamartinolli.it\/fr\/wp-json\/wp\/v2\/product"}],"about":[{"href":"https:\/\/stage.annamariamartinolli.it\/fr\/wp-json\/wp\/v2\/types\/product"}],"replies":[{"embeddable":true,"href":"https:\/\/stage.annamariamartinolli.it\/fr\/wp-json\/wp\/v2\/comments?post=11980"}],"wp:featuredmedia":[{"embeddable":true,"href":"https:\/\/stage.annamariamartinolli.it\/fr\/wp-json\/wp\/v2\/media\/12345"}],"wp:attachment":[{"href":"https:\/\/stage.annamariamartinolli.it\/fr\/wp-json\/wp\/v2\/media?parent=11980"}],"wp:term":[{"taxonomy":"product_brand","embeddable":true,"href":"https:\/\/stage.annamariamartinolli.it\/fr\/wp-json\/wp\/v2\/product_brand?post=11980"},{"taxonomy":"product_cat","embeddable":true,"href":"https:\/\/stage.annamariamartinolli.it\/fr\/wp-json\/wp\/v2\/product_cat?post=11980"},{"taxonomy":"product_tag","embeddable":true,"href":"https:\/\/stage.annamariamartinolli.it\/fr\/wp-json\/wp\/v2\/product_tag?post=11980"}],"curies":[{"name":"wp","href":"https:\/\/api.w.org\/{rel}","templated":true}]}}