{"id":11968,"date":"2023-09-24T13:46:58","date_gmt":"2023-09-24T11:46:58","guid":{"rendered":"http:\/\/stage.annamariamartinolli.it\/?post_type=product&#038;p=11968"},"modified":"2024-01-22T15:05:37","modified_gmt":"2024-01-22T14:05:37","slug":"reset","status":"publish","type":"product","link":"https:\/\/stage.annamariamartinolli.it\/fr\/librairie\/scenarios\/xavi-morato-fr-2\/reset\/","title":{"rendered":"Reset"},"content":{"rendered":"<p>Pi\u00e8ce en un acte, deux personnages: un homme et une femme. <strong>Le sc\u00e9nario est en langue italienne<\/strong><\/p>\n<div  class='avia-button-wrap av-2xoi0b-0429271f56a25ed29dc7de88202be2fd-wrap avia-button-left  avia-builder-el-0  avia-builder-el-no-sibling '><a href='http:\/\/stage.annamariamartinolli.it\/fr\/contacts\/'  class='avia-button av-2xoi0b-0429271f56a25ed29dc7de88202be2fd av-link-btn avia-icon_select-yes-left-icon avia-size-large avia-position-left avia-color-theme-color'   aria-label=\"Contactez-moi\"><span class='avia_button_icon avia_button_icon_left avia-iconfont avia-font-entypo-fontello' data-av_icon='\ue836' data-av_iconfont='entypo-fontello' ><\/span><span class='avia_iconbox_title' >Contactez-moi<\/span><\/a><\/div>\n","protected":false},"excerpt":{"rendered":"<p>Une star de la musique et l&#8217;une de ses grandes fan se rencontrent dans les coulisses d&#8217;un concert. Sa premi\u00e8re tentative de s\u00e9duction, embarrassante, se transforme rapidement en un aveu : il a vendu son \u00e2me au diable. Et qui mieux qu&#8217;une fan avec 66 600 adeptes peut comprendre les aspirations toutes-puissantes d&#8217;un homme qui se prend pour un Dieu, ou qui l&#8217;est peut-\u00eatre vraiment ?<br \/>\nUne fantaisie humoristique en un acte, de Xavi Morat\u00f3, d\u00e9j\u00e0 jou\u00e9e avec succ\u00e8s en Espagne, qui r\u00e9serve bien des surprises et du plaisir.<\/p>\n[av_toggle_container initial='0' mode='accordion' sort='' styling='' colors='' font_color='' background_color='' border_color='' colors_current='' font_color_current='' background_current='' background_color_current='' background_gradient_current_color1='' background_gradient_current_color2='' background_gradient_current_direction='vertical' hover_colors='' hover_background_color='' hover_font_color='' alb_description='' id='' custom_class='' av_uid='']<br \/>\n[av_toggle title='Formulaire de demande pour un sc\u00e9nario de th\u00e9\u00e2tre traduit en langue italienne' tags='' custom_id='']<br \/>\n[gravityform id=\"4\" title=\"false\" description=\"false\" ajax=\"true\"]<br \/>\n[\/av_toggle]<\/p>\n<p>[\/av_toggle_container]\n","protected":false},"featured_media":12345,"comment_status":"open","ping_status":"closed","template":"","meta":[],"product_brand":[],"product_cat":[128,705],"product_tag":[706],"class_list":{"0":"post-11968","1":"product","2":"type-product","3":"status-publish","4":"has-post-thumbnail","6":"product_cat-scenarios","7":"product_cat-xavi-morato-fr-2","8":"product_tag-xavi-morato-fr-2","10":"first","11":"instock","12":"virtual","13":"product-type-simple"},"_links":{"self":[{"href":"https:\/\/stage.annamariamartinolli.it\/fr\/wp-json\/wp\/v2\/product\/11968","targetHints":{"allow":["GET"]}}],"collection":[{"href":"https:\/\/stage.annamariamartinolli.it\/fr\/wp-json\/wp\/v2\/product"}],"about":[{"href":"https:\/\/stage.annamariamartinolli.it\/fr\/wp-json\/wp\/v2\/types\/product"}],"replies":[{"embeddable":true,"href":"https:\/\/stage.annamariamartinolli.it\/fr\/wp-json\/wp\/v2\/comments?post=11968"}],"wp:featuredmedia":[{"embeddable":true,"href":"https:\/\/stage.annamariamartinolli.it\/fr\/wp-json\/wp\/v2\/media\/12345"}],"wp:attachment":[{"href":"https:\/\/stage.annamariamartinolli.it\/fr\/wp-json\/wp\/v2\/media?parent=11968"}],"wp:term":[{"taxonomy":"product_brand","embeddable":true,"href":"https:\/\/stage.annamariamartinolli.it\/fr\/wp-json\/wp\/v2\/product_brand?post=11968"},{"taxonomy":"product_cat","embeddable":true,"href":"https:\/\/stage.annamariamartinolli.it\/fr\/wp-json\/wp\/v2\/product_cat?post=11968"},{"taxonomy":"product_tag","embeddable":true,"href":"https:\/\/stage.annamariamartinolli.it\/fr\/wp-json\/wp\/v2\/product_tag?post=11968"}],"curies":[{"name":"wp","href":"https:\/\/api.w.org\/{rel}","templated":true}]}}