{"id":11955,"date":"2023-09-16T15:26:10","date_gmt":"2023-09-16T13:26:10","guid":{"rendered":"http:\/\/stage.annamariamartinolli.it\/?post_type=product&#038;p=11955"},"modified":"2023-09-16T15:43:21","modified_gmt":"2023-09-16T13:43:21","slug":"trappola-per-fessi","status":"publish","type":"product","link":"https:\/\/stage.annamariamartinolli.it\/fr\/librairie\/scenarios\/jean-pierre-martinez-fr\/trappola-per-fessi\/","title":{"rendered":"Trappola per fessi"},"content":{"rendered":"<p>Com\u00e9die en cinq actes, six personnages: trois hommes et trois femmes. <strong>Le sc\u00e9nario est en langue italienne.<\/strong><\/p>\n<div  class='avia-button-wrap av-2xoi0b-3b347c5e1d8257e1f1013261f0b33126-wrap avia-button-left  avia-builder-el-0  avia-builder-el-no-sibling '><a href='http:\/\/stage.annamariamartinolli.it\/wp-content\/uploads\/2023\/09\/trappolaperfessi.pdf'  class='avia-button av-2xoi0b-3b347c5e1d8257e1f1013261f0b33126 av-link-btn avia-icon_select-yes-left-icon avia-size-large avia-position-left avia-color-theme-color'   aria-label=\"T\u00e9l\u00e9chargez PDF\"><span class='avia_button_icon avia_button_icon_left avia-iconfont avia-font-entypo-fontello' data-av_icon='\ue836' data-av_iconfont='entypo-fontello' ><\/span><span class='avia_iconbox_title' >T\u00e9l\u00e9chargez PDF<\/span><\/a><\/div>\n","protected":false},"excerpt":{"rendered":"<p>Les \u00e9lections approchent et un parti de gauche est en pleine crise. Sur les conseils du conseiller en communication, le chauffeur du parti, un imb\u00e9cile totalement incapable de comprendre les ennuis dans lesquels il s&#8217;enfonce, est invit\u00e9 \u00e0 se porter candidat. Paradoxalement, les \u00e9lecteurs se prennent d&#8217;affection pour lui et le jeune homme risque de faire capoter les plans et les complots de la gauche et de la droite.<br \/>\nUne com\u00e9die joyeuse et cynique sur le monde politique et les magouilles qui l&#8217;ont toujours caract\u00e9ris\u00e9.<\/p>\n","protected":false},"featured_media":8169,"comment_status":"open","ping_status":"closed","template":"","meta":[],"product_brand":[],"product_cat":[336,128],"product_tag":[542,748,825],"class_list":{"0":"post-11955","1":"product","2":"type-product","3":"status-publish","4":"has-post-thumbnail","6":"product_cat-jean-pierre-martinez-fr","7":"product_cat-scenarios","8":"product_tag-copioni-teatrali-fr","9":"product_tag-jean-pierre-martinez-fr","10":"product_tag-trappola-per-fessi-fr","12":"first","13":"instock","14":"virtual","15":"product-type-simple"},"_links":{"self":[{"href":"https:\/\/stage.annamariamartinolli.it\/fr\/wp-json\/wp\/v2\/product\/11955","targetHints":{"allow":["GET"]}}],"collection":[{"href":"https:\/\/stage.annamariamartinolli.it\/fr\/wp-json\/wp\/v2\/product"}],"about":[{"href":"https:\/\/stage.annamariamartinolli.it\/fr\/wp-json\/wp\/v2\/types\/product"}],"replies":[{"embeddable":true,"href":"https:\/\/stage.annamariamartinolli.it\/fr\/wp-json\/wp\/v2\/comments?post=11955"}],"wp:featuredmedia":[{"embeddable":true,"href":"https:\/\/stage.annamariamartinolli.it\/fr\/wp-json\/wp\/v2\/media\/8169"}],"wp:attachment":[{"href":"https:\/\/stage.annamariamartinolli.it\/fr\/wp-json\/wp\/v2\/media?parent=11955"}],"wp:term":[{"taxonomy":"product_brand","embeddable":true,"href":"https:\/\/stage.annamariamartinolli.it\/fr\/wp-json\/wp\/v2\/product_brand?post=11955"},{"taxonomy":"product_cat","embeddable":true,"href":"https:\/\/stage.annamariamartinolli.it\/fr\/wp-json\/wp\/v2\/product_cat?post=11955"},{"taxonomy":"product_tag","embeddable":true,"href":"https:\/\/stage.annamariamartinolli.it\/fr\/wp-json\/wp\/v2\/product_tag?post=11955"}],"curies":[{"name":"wp","href":"https:\/\/api.w.org\/{rel}","templated":true}]}}