{"id":11942,"date":"2023-09-15T10:03:32","date_gmt":"2023-09-15T08:03:32","guid":{"rendered":"http:\/\/stage.annamariamartinolli.it\/?post_type=product&#038;p=11942"},"modified":"2023-09-15T10:26:47","modified_gmt":"2023-09-15T08:26:47","slug":"il-peggior-paese-ditalia","status":"publish","type":"product","link":"https:\/\/stage.annamariamartinolli.it\/fr\/librairie\/scenarios\/jean-pierre-martinez-fr\/il-peggior-paese-ditalia\/","title":{"rendered":"Il peggior paese d&#8217;Italia"},"content":{"rendered":"<p>Com\u00e9die en trois actes, dix personnages: sept hommes et trois femmes. <strong>Le sc\u00e9nario est en langue italienne.<\/strong><\/p>\n<div  class='avia-button-wrap av-2xoi0b-6e49b43a31fd061e8b7f7413b0c32b93-wrap avia-button-left  avia-builder-el-0  avia-builder-el-no-sibling '><a href='http:\/\/stage.annamariamartinolli.it\/wp-content\/uploads\/2023\/09\/peggiorpaese.pdf'  class='avia-button av-2xoi0b-6e49b43a31fd061e8b7f7413b0c32b93 av-link-btn avia-icon_select-yes-left-icon avia-size-large avia-position-left avia-color-theme-color'   aria-label=\"T\u00e9l\u00e9chargez PDF\"><span class='avia_button_icon avia_button_icon_left avia-iconfont avia-font-entypo-fontello' data-av_icon='\ue836' data-av_iconfont='entypo-fontello' ><\/span><span class='avia_iconbox_title' >T\u00e9l\u00e9chargez PDF<\/span><\/a><\/div>\n","protected":false},"excerpt":{"rendered":"<p>Dans un village recul\u00e9 o\u00f9 les champs de pommes de terre constituent le seul attrait, la situation se d\u00e9grade : l&#8217;\u00e9cole, la mairie et l&#8217;\u00e9glise sont menac\u00e9es de fermeture, le village fusionnant avec le hameau voisin.<br \/>\nLes quelques habitants restants d\u00e9cident de s&#8217;organiser pour sauver ce qui peut l&#8217;\u00eatre et, profitant de l&#8217;arriv\u00e9e soudaine d&#8217;une journaliste et d&#8217;une productrice de t\u00e9l\u00e9-r\u00e9alit\u00e9, inventent une histoire criminelle pour attirer l&#8217;attention. Bien s\u00fbr, les choses ne se passent pas comme pr\u00e9vu et la maladresse des flics envoy\u00e9s sur place ne fera qu&#8217;empirer les choses.<br \/>\nUne com\u00e9die dr\u00f4le et l\u00e9g\u00e8re qui se moque du monde de la t\u00e9l\u00e9r\u00e9alit\u00e9 et de la ruse humaine.<\/p>\n","protected":false},"featured_media":8169,"comment_status":"open","ping_status":"closed","template":"","meta":[],"product_brand":[],"product_cat":[336,128],"product_tag":[542,821,748],"class_list":{"0":"post-11942","1":"product","2":"type-product","3":"status-publish","4":"has-post-thumbnail","6":"product_cat-jean-pierre-martinez-fr","7":"product_cat-scenarios","8":"product_tag-copioni-teatrali-fr","9":"product_tag-il-peggior-paese-ditalia-fr","10":"product_tag-jean-pierre-martinez-fr","12":"first","13":"instock","14":"virtual","15":"product-type-simple"},"_links":{"self":[{"href":"https:\/\/stage.annamariamartinolli.it\/fr\/wp-json\/wp\/v2\/product\/11942","targetHints":{"allow":["GET"]}}],"collection":[{"href":"https:\/\/stage.annamariamartinolli.it\/fr\/wp-json\/wp\/v2\/product"}],"about":[{"href":"https:\/\/stage.annamariamartinolli.it\/fr\/wp-json\/wp\/v2\/types\/product"}],"replies":[{"embeddable":true,"href":"https:\/\/stage.annamariamartinolli.it\/fr\/wp-json\/wp\/v2\/comments?post=11942"}],"wp:featuredmedia":[{"embeddable":true,"href":"https:\/\/stage.annamariamartinolli.it\/fr\/wp-json\/wp\/v2\/media\/8169"}],"wp:attachment":[{"href":"https:\/\/stage.annamariamartinolli.it\/fr\/wp-json\/wp\/v2\/media?parent=11942"}],"wp:term":[{"taxonomy":"product_brand","embeddable":true,"href":"https:\/\/stage.annamariamartinolli.it\/fr\/wp-json\/wp\/v2\/product_brand?post=11942"},{"taxonomy":"product_cat","embeddable":true,"href":"https:\/\/stage.annamariamartinolli.it\/fr\/wp-json\/wp\/v2\/product_cat?post=11942"},{"taxonomy":"product_tag","embeddable":true,"href":"https:\/\/stage.annamariamartinolli.it\/fr\/wp-json\/wp\/v2\/product_tag?post=11942"}],"curies":[{"name":"wp","href":"https:\/\/api.w.org\/{rel}","templated":true}]}}