{"id":11855,"date":"2023-05-03T09:44:50","date_gmt":"2023-05-03T07:44:50","guid":{"rendered":"http:\/\/stage.annamariamartinolli.it\/?post_type=product&#038;p=11855"},"modified":"2023-05-03T09:54:03","modified_gmt":"2023-05-03T07:54:03","slug":"insonnia-di-una-notte-di-mezza-primavera","status":"publish","type":"product","link":"https:\/\/stage.annamariamartinolli.it\/fr\/librairie\/scenarios\/enrique-jardiel-poncela-fr-2\/insonnia-di-una-notte-di-mezza-primavera\/","title":{"rendered":"Insonnia di una notte di mezza primavera"},"content":{"rendered":"<p>Com\u00e9die en trois actes, neuf personnages: quatre hommes et cinq femmes. <strong>Le sc\u00e9nario est en langue italienne.<\/strong><\/p>\n<div  class='avia-button-wrap av-2xoi0b-0429271f56a25ed29dc7de88202be2fd-wrap avia-button-left  avia-builder-el-0  avia-builder-el-no-sibling '><a href='http:\/\/stage.annamariamartinolli.it\/fr\/contacts\/'  class='avia-button av-2xoi0b-0429271f56a25ed29dc7de88202be2fd av-link-btn avia-icon_select-yes-left-icon avia-size-large avia-position-left avia-color-theme-color'   aria-label=\"Contactez-moi\"><span class='avia_button_icon avia_button_icon_left avia-iconfont avia-font-entypo-fontello' data-av_icon='\ue836' data-av_iconfont='entypo-fontello' ><\/span><span class='avia_iconbox_title' >Contactez-moi<\/span><\/a><\/div>\n","protected":false},"excerpt":{"rendered":"<p>Par une nuit de printemps, la jeune Alessandra, apr\u00e8s une dispute avec son mari Mariano qui a d\u00e9cid\u00e9 de la quitter et de lui accorder le divorce, se retrouve seule dans sa chambre. Soudain, du balcon, entre le myst\u00e9rieux Valentino, un homme plein d&#8217;esprit qui a toutes les caract\u00e9ristiques que Mariano n&#8217;a pas. En partie par na\u00efvet\u00e9, en partie par inexp\u00e9rience de la vie, Alessandra se retrouvera impliqu\u00e9e dans toute une s\u00e9rie de probl\u00e8mes caus\u00e9s par l&#8217;invit\u00e9 inattendu qui cr\u00e9era \u00e9galement des troubles dans sa famille.<br \/>\nUne com\u00e9die l\u00e9g\u00e8re sur l&#8217;amour, le divorce et la vie de couple, d&#8217;Enrique Jardiel Poncela, pleine de rebondissements et de situations improbables pleines d&#8217;humour.<\/p>\n[av_toggle_container initial='0' mode='accordion' sort='' styling='' colors='' font_color='' background_color='' border_color='' colors_current='' font_color_current='' background_current='' background_color_current='' background_gradient_current_color1='' background_gradient_current_color2='' background_gradient_current_direction='vertical' hover_colors='' hover_background_color='' hover_font_color='' alb_description='' id='' custom_class='' av_uid='']<br \/>\n[av_toggle title='Formulaire de demande pour un sc\u00e9nario de th\u00e9\u00e2tre traduit en langue italienne' tags='' custom_id='']<br \/>\n[gravityform id=\"4\" title=\"false\" description=\"false\" ajax=\"true\"]<br \/>\n[\/av_toggle]<\/p>\n<p>[\/av_toggle_container]\n","protected":false},"featured_media":10172,"comment_status":"open","ping_status":"closed","template":"","meta":[],"product_brand":[],"product_cat":[625,128],"product_tag":[542,626,817],"class_list":{"0":"post-11855","1":"product","2":"type-product","3":"status-publish","4":"has-post-thumbnail","6":"product_cat-enrique-jardiel-poncela-fr-2","7":"product_cat-scenarios","8":"product_tag-copioni-teatrali-fr","9":"product_tag-enrique-jardiel-poncela-fr","10":"product_tag-insonnia-di-una-notte-di-mezza-primavera-fr","12":"first","13":"instock","14":"virtual","15":"product-type-simple"},"_links":{"self":[{"href":"https:\/\/stage.annamariamartinolli.it\/fr\/wp-json\/wp\/v2\/product\/11855","targetHints":{"allow":["GET"]}}],"collection":[{"href":"https:\/\/stage.annamariamartinolli.it\/fr\/wp-json\/wp\/v2\/product"}],"about":[{"href":"https:\/\/stage.annamariamartinolli.it\/fr\/wp-json\/wp\/v2\/types\/product"}],"replies":[{"embeddable":true,"href":"https:\/\/stage.annamariamartinolli.it\/fr\/wp-json\/wp\/v2\/comments?post=11855"}],"wp:featuredmedia":[{"embeddable":true,"href":"https:\/\/stage.annamariamartinolli.it\/fr\/wp-json\/wp\/v2\/media\/10172"}],"wp:attachment":[{"href":"https:\/\/stage.annamariamartinolli.it\/fr\/wp-json\/wp\/v2\/media?parent=11855"}],"wp:term":[{"taxonomy":"product_brand","embeddable":true,"href":"https:\/\/stage.annamariamartinolli.it\/fr\/wp-json\/wp\/v2\/product_brand?post=11855"},{"taxonomy":"product_cat","embeddable":true,"href":"https:\/\/stage.annamariamartinolli.it\/fr\/wp-json\/wp\/v2\/product_cat?post=11855"},{"taxonomy":"product_tag","embeddable":true,"href":"https:\/\/stage.annamariamartinolli.it\/fr\/wp-json\/wp\/v2\/product_tag?post=11855"}],"curies":[{"name":"wp","href":"https:\/\/api.w.org\/{rel}","templated":true}]}}