{"id":11754,"date":"2023-03-23T14:56:15","date_gmt":"2023-03-23T13:56:15","guid":{"rendered":"http:\/\/stage.annamariamartinolli.it\/?post_type=product&#038;p=11754"},"modified":"2023-03-23T15:14:51","modified_gmt":"2023-03-23T14:14:51","slug":"non-fiori-ma-opere-di-bene","status":"publish","type":"product","link":"https:\/\/stage.annamariamartinolli.it\/fr\/librairie\/scenarios\/jean-pierre-martinez-fr\/non-fiori-ma-opere-di-bene\/","title":{"rendered":"Non fiori ma opere di bene"},"content":{"rendered":"<p>Com\u00e9die en un acte, cinq personnages: deux hommes et trois femmes.\u00a0<strong>Le sc\u00e9nario est en langue italienne.<\/strong><\/p>\n<div  class='avia-button-wrap av-2xoi0b-fd7b7eb95f3dd3b22773ca1e625266ec-wrap avia-button-left  avia-builder-el-0  avia-builder-el-no-sibling '><a href='http:\/\/stage.annamariamartinolli.it\/wp-content\/uploads\/2023\/03\/fiori-ita.pdf'  class='avia-button av-2xoi0b-fd7b7eb95f3dd3b22773ca1e625266ec av-link-btn avia-icon_select-yes-left-icon avia-size-large avia-position-left avia-color-theme-color'   aria-label=\"T\u00e9l\u00e9chargez PDF\"><span class='avia_button_icon avia_button_icon_left avia-iconfont avia-font-entypo-fontello' data-av_icon='\ue836' data-av_iconfont='entypo-fontello' ><\/span><span class='avia_iconbox_title' >T\u00e9l\u00e9chargez PDF<\/span><\/a><\/div>\n","protected":false},"excerpt":{"rendered":"<p>Un dramaturge rat\u00e9 vient de mourir en laissant de nombreuses dettes. Quelques parents et amis assistent \u00e0 son incin\u00e9ration, chacun esp\u00e9rant tirer quelque chose de sa disparition. Mais le d\u00e9funt a peut-\u00eatre profit\u00e9 de l&#8217;occasion pour mettre en sc\u00e8ne sa derni\u00e8re et meilleure com\u00e9die.<br \/>\nUne pi\u00e8ce de Jean-Pierre Martinez divertissante et pleine de rebondissements.<\/p>\n","protected":false},"featured_media":8169,"comment_status":"open","ping_status":"closed","template":"","meta":[],"product_brand":[],"product_cat":[336,128],"product_tag":[542,748,805],"class_list":{"0":"post-11754","1":"product","2":"type-product","3":"status-publish","4":"has-post-thumbnail","6":"product_cat-jean-pierre-martinez-fr","7":"product_cat-scenarios","8":"product_tag-copioni-teatrali-fr","9":"product_tag-jean-pierre-martinez-fr","10":"product_tag-non-fiori-ma-opere-di-bene-fr","12":"first","13":"instock","14":"virtual","15":"product-type-simple"},"_links":{"self":[{"href":"https:\/\/stage.annamariamartinolli.it\/fr\/wp-json\/wp\/v2\/product\/11754","targetHints":{"allow":["GET"]}}],"collection":[{"href":"https:\/\/stage.annamariamartinolli.it\/fr\/wp-json\/wp\/v2\/product"}],"about":[{"href":"https:\/\/stage.annamariamartinolli.it\/fr\/wp-json\/wp\/v2\/types\/product"}],"replies":[{"embeddable":true,"href":"https:\/\/stage.annamariamartinolli.it\/fr\/wp-json\/wp\/v2\/comments?post=11754"}],"wp:featuredmedia":[{"embeddable":true,"href":"https:\/\/stage.annamariamartinolli.it\/fr\/wp-json\/wp\/v2\/media\/8169"}],"wp:attachment":[{"href":"https:\/\/stage.annamariamartinolli.it\/fr\/wp-json\/wp\/v2\/media?parent=11754"}],"wp:term":[{"taxonomy":"product_brand","embeddable":true,"href":"https:\/\/stage.annamariamartinolli.it\/fr\/wp-json\/wp\/v2\/product_brand?post=11754"},{"taxonomy":"product_cat","embeddable":true,"href":"https:\/\/stage.annamariamartinolli.it\/fr\/wp-json\/wp\/v2\/product_cat?post=11754"},{"taxonomy":"product_tag","embeddable":true,"href":"https:\/\/stage.annamariamartinolli.it\/fr\/wp-json\/wp\/v2\/product_tag?post=11754"}],"curies":[{"name":"wp","href":"https:\/\/api.w.org\/{rel}","templated":true}]}}