{"id":11683,"date":"2023-03-13T14:21:17","date_gmt":"2023-03-13T13:21:18","guid":{"rendered":"http:\/\/stage.annamariamartinolli.it\/?post_type=product&#038;p=11683"},"modified":"2023-03-13T14:42:22","modified_gmt":"2023-03-13T13:42:22","slug":"pierrot-lunaire-e-pierrot-narcisse","status":"publish","type":"product","link":"https:\/\/stage.annamariamartinolli.it\/fr\/librairie\/livres\/pierrot-lunaire-e-pierrot-narcisse\/","title":{"rendered":"Pierrot Lunaire e Pierrot Narcisse"},"content":{"rendered":"<p><strong>Le volume contient les textes suivants:<\/strong><\/p>\n<ul>\n<li>Pierrot Lunaire (50 po\u00e8mes)<\/li>\n<li>Pierrot Narcisse (pi\u00e8ce)<\/li>\n<\/ul>\n","protected":false},"excerpt":{"rendered":"<p>Pierrot, Arlequin, Colombine et Cassandro prennent vie sous la plume de l&#8217;auteur belge Albert Giraud, devenant les protagonistes de situations allant du lyrique \u00e0 l&#8217;aberrant, dans un monde o\u00f9 tout est artistiquement permis. Mais c&#8217;est toujours lui qui domine la sc\u00e8ne, Pierrot, avec sa folie, son ironie, son sadisme et cette profonde veine m\u00e9lancolique qui ne l&#8217;abandonne jamais. Pierrot comme masque mais aussi, et surtout, comme personnification du tourment du po\u00e8te \u00e0 la recherche des mots justes pour s&#8217;exprimer.<br \/>\nAlbert Giraud, surtout connu pour la version musicale de Pierrot Lunaire que le compositeur Arnold Sch\u00f6nberg tira au d\u00e9but du XXe si\u00e8cle de son \u0153uvre \u00e9ponyme, transporte le lecteur dans son univers po\u00e9tique et mental, pour le passionner et le d\u00e9stabiliser par des choix lexicaux insolites et des images \u00e0 la limite du visionnaire.<br \/>\nCe volume rassemble les cinquante po\u00e8mes de Pierrot Lunaire et la pi\u00e8ce qui en est la suite, Pierrot Narcisse. L&#8217;introduction d\u00e9taill\u00e9e, les articles de critiques italiens et \u00e9trangers et l&#8217;annexe &#8211; o\u00f9 l&#8217;on trouve, outre la version textuelle du Pierrot Lunaire de Schoenberg, un certain nombre d&#8217;articles de fond &#8211; soulignent l&#8217;importance de l&#8217;\u0153uvre du c\u00e9l\u00e8bre auteur, encore peu connue en Italie.<\/p>\n<p><strong>Le livre est en langue italienne<\/strong>.<br \/>\n(\u00e9dit\u00e9 par Annamaria Martinolli)<\/p>\n[av_promobox button='yes' label='Acheter' icon_select='yes' icon='ue859' font='entypo-fontello' color='theme-color' custom_bg='#444444' custom_font='#ffffff' size='large' box_color='' box_custom_font='#ffffff' box_custom_bg='#444444' box_custom_border='#333333' label_display='' link='manually,https:\/\/www.editoriaespettacolo.com\/prodotto\/pierrot-lunaire-pierrot-narcisse\/' link_target='_blank' id='' custom_class='' av_uid='' admin_preview_bg='']<br \/>\nAcheter sur le site de Editoria&amp;Spettacolo<br \/>\n[\/av_promobox]\n","protected":false},"featured_media":11686,"comment_status":"open","ping_status":"closed","template":"","meta":[],"product_brand":[],"product_cat":[132],"product_tag":[813,136],"class_list":{"0":"post-11683","1":"product","2":"type-product","3":"status-publish","4":"has-post-thumbnail","6":"product_cat-livres","7":"product_tag-albert-giraud-fr","8":"product_tag-livres","10":"first","11":"instock","12":"shipping-taxable","13":"product-type-simple"},"_links":{"self":[{"href":"https:\/\/stage.annamariamartinolli.it\/fr\/wp-json\/wp\/v2\/product\/11683","targetHints":{"allow":["GET"]}}],"collection":[{"href":"https:\/\/stage.annamariamartinolli.it\/fr\/wp-json\/wp\/v2\/product"}],"about":[{"href":"https:\/\/stage.annamariamartinolli.it\/fr\/wp-json\/wp\/v2\/types\/product"}],"replies":[{"embeddable":true,"href":"https:\/\/stage.annamariamartinolli.it\/fr\/wp-json\/wp\/v2\/comments?post=11683"}],"wp:featuredmedia":[{"embeddable":true,"href":"https:\/\/stage.annamariamartinolli.it\/fr\/wp-json\/wp\/v2\/media\/11686"}],"wp:attachment":[{"href":"https:\/\/stage.annamariamartinolli.it\/fr\/wp-json\/wp\/v2\/media?parent=11683"}],"wp:term":[{"taxonomy":"product_brand","embeddable":true,"href":"https:\/\/stage.annamariamartinolli.it\/fr\/wp-json\/wp\/v2\/product_brand?post=11683"},{"taxonomy":"product_cat","embeddable":true,"href":"https:\/\/stage.annamariamartinolli.it\/fr\/wp-json\/wp\/v2\/product_cat?post=11683"},{"taxonomy":"product_tag","embeddable":true,"href":"https:\/\/stage.annamariamartinolli.it\/fr\/wp-json\/wp\/v2\/product_tag?post=11683"}],"curies":[{"name":"wp","href":"https:\/\/api.w.org\/{rel}","templated":true}]}}