{"id":11522,"date":"2023-01-11T14:46:40","date_gmt":"2023-01-11T13:46:40","guid":{"rendered":"http:\/\/stage.annamariamartinolli.it\/?post_type=product&#038;p=11522"},"modified":"2023-01-11T14:55:56","modified_gmt":"2023-01-11T13:55:56","slug":"come-mangiarsi-i-soldi-della-zietta","status":"publish","type":"product","link":"https:\/\/stage.annamariamartinolli.it\/fr\/librairie\/scenarios\/eugene-labiche-fr\/come-mangiarsi-i-soldi-della-zietta\/","title":{"rendered":"Come mangiarsi i soldi della zietta"},"content":{"rendered":"<p>Com\u00e9die en un acte, sept personnages : quatre hommes et trois femmes. Pour toute repr\u00e9sentation, veuillez contacter l&#8217;auteur au moins trois \u00e0 quatre mois \u00e0 l&#8217;avance car les \u0153uvres sont prot\u00e9g\u00e9es par la Soci\u00e9t\u00e9 Italienne des Auteurs et \u00c9diteurs. <strong>Le sc\u00e9nario est en langue italienne<\/strong>.<\/p>\n<div  class='avia-button-wrap av-2xoi0b-0429271f56a25ed29dc7de88202be2fd-wrap avia-button-left  avia-builder-el-0  avia-builder-el-no-sibling '><a href='http:\/\/stage.annamariamartinolli.it\/fr\/contacts\/'  class='avia-button av-2xoi0b-0429271f56a25ed29dc7de88202be2fd av-link-btn avia-icon_select-yes-left-icon avia-size-large avia-position-left avia-color-theme-color'   aria-label=\"Contactez-moi\"><span class='avia_button_icon avia_button_icon_left avia-iconfont avia-font-entypo-fontello' data-av_icon='\ue836' data-av_iconfont='entypo-fontello' ><\/span><span class='avia_iconbox_title' >Contactez-moi<\/span><\/a><\/div>\n","protected":false},"excerpt":{"rendered":"<p>Chateaugredin est heureux en m\u00e9nage avec sa femme Am\u00e9lie et poss\u00e8de un second appartement dans la rue juste en face du domicile conjugal. Un \u00e9t\u00e9, alors que sa femme est au spa, il rencontre la locataire de sa r\u00e9sidence secondaire, Ana\u00efs, qui commence \u00e0 l&#8217;exploiter financi\u00e8rement pour satisfaire tous ses caprices. A l&#8217;occasion d&#8217;un d\u00eener pour la f\u00eate de Chateaugredin, le retour soudain de sa femme va chambouler ses plans, l&#8217;obligeant \u00e0 passer les plats d&#8217;une maison \u00e0 l&#8217;autre avec la complicit\u00e9 de quelques domestiques.<br \/>\nUne amusante pi\u00e8ce en un acte d&#8217;Eug\u00e8ne Labiche, pour sept personnages, encore jamais jou\u00e9e en Italie.<\/p>\n[av_toggle_container initial='0' mode='accordion' sort='' styling='' colors='' font_color='' background_color='' border_color='' colors_current='' font_color_current='' background_current='' background_color_current='' background_gradient_current_color1='' background_gradient_current_color2='' background_gradient_current_direction='vertical' hover_colors='' hover_background_color='' hover_font_color='' alb_description='' id='' custom_class='' av_uid=''] [av_toggle title='Formulaire de demande pour un sc\u00e9nario de th\u00e9\u00e2tre traduit en langue italienne' tags='' custom_id=''] [gravityform id=\"4\" title=\"false\" description=\"false\" ajax=\"true\"] [\/av_toggle] [\/av_toggle_container]\n","protected":false},"featured_media":13455,"comment_status":"open","ping_status":"closed","template":"","meta":[],"product_brand":[],"product_cat":[173,128],"product_tag":[143],"class_list":{"0":"post-11522","1":"product","2":"type-product","3":"status-publish","4":"has-post-thumbnail","6":"product_cat-eugene-labiche-fr","7":"product_cat-scenarios","8":"product_tag-eugene-labiche-fr","10":"first","11":"instock","12":"virtual","13":"product-type-simple"},"_links":{"self":[{"href":"https:\/\/stage.annamariamartinolli.it\/fr\/wp-json\/wp\/v2\/product\/11522","targetHints":{"allow":["GET"]}}],"collection":[{"href":"https:\/\/stage.annamariamartinolli.it\/fr\/wp-json\/wp\/v2\/product"}],"about":[{"href":"https:\/\/stage.annamariamartinolli.it\/fr\/wp-json\/wp\/v2\/types\/product"}],"replies":[{"embeddable":true,"href":"https:\/\/stage.annamariamartinolli.it\/fr\/wp-json\/wp\/v2\/comments?post=11522"}],"wp:featuredmedia":[{"embeddable":true,"href":"https:\/\/stage.annamariamartinolli.it\/fr\/wp-json\/wp\/v2\/media\/13455"}],"wp:attachment":[{"href":"https:\/\/stage.annamariamartinolli.it\/fr\/wp-json\/wp\/v2\/media?parent=11522"}],"wp:term":[{"taxonomy":"product_brand","embeddable":true,"href":"https:\/\/stage.annamariamartinolli.it\/fr\/wp-json\/wp\/v2\/product_brand?post=11522"},{"taxonomy":"product_cat","embeddable":true,"href":"https:\/\/stage.annamariamartinolli.it\/fr\/wp-json\/wp\/v2\/product_cat?post=11522"},{"taxonomy":"product_tag","embeddable":true,"href":"https:\/\/stage.annamariamartinolli.it\/fr\/wp-json\/wp\/v2\/product_tag?post=11522"}],"curies":[{"name":"wp","href":"https:\/\/api.w.org\/{rel}","templated":true}]}}