{"id":11422,"date":"2022-12-11T14:37:35","date_gmt":"2022-12-11T13:37:35","guid":{"rendered":"http:\/\/stage.annamariamartinolli.it\/?post_type=product&#038;p=11422"},"modified":"2022-12-11T15:01:39","modified_gmt":"2022-12-11T14:01:39","slug":"miracolo-nel-convento-di-santa-maria-giovanna","status":"publish","type":"product","link":"https:\/\/stage.annamariamartinolli.it\/fr\/librairie\/scenarios\/jean-pierre-martinez-fr\/miracolo-nel-convento-di-santa-maria-giovanna\/","title":{"rendered":"Miracolo nel convento di Santa Maria Giovanna"},"content":{"rendered":"<p>Acte unique, de dix \u00e0 treize personnages: hommes ou femmes. <strong>Le sc\u00e8nario est en langue italienne<\/strong>.<\/p>\n<div  class='avia-button-wrap av-2xoi0b-1a964a45bc822708d95473f8aae3d419-wrap avia-button-left  avia-builder-el-0  avia-builder-el-no-sibling '><a href='http:\/\/stage.annamariamartinolli.it\/wp-content\/uploads\/2022\/12\/miracolo.pdf'  class='avia-button av-2xoi0b-1a964a45bc822708d95473f8aae3d419 av-link-btn avia-icon_select-yes-left-icon avia-size-large avia-position-left avia-color-theme-color'   aria-label=\"T\u00e9l\u00e9chargez PDF\"><span class='avia_button_icon avia_button_icon_left avia-iconfont avia-font-entypo-fontello' data-av_icon='\ue836' data-av_iconfont='entypo-fontello' ><\/span><span class='avia_iconbox_title' >T\u00e9l\u00e9chargez PDF<\/span><\/a><\/div>\n","protected":false},"excerpt":{"rendered":"<p>Dans la boutique du couvent de Sainte Marie-Jeanne, les affaires vont mal. La c\u00e9l\u00e8bre liqueur de la Sainte ne se vend plus comme avant et les religieuses se retrouvent au bord du gouffre. Dans le but d&#8217;augmenter les ventes, une religieuse d\u00e9cide de modifier l&#8217;ancienne recette en ajoutant aux ingr\u00e9dients une nouvelle herbe trouv\u00e9e dans les environs du couvent. Le r\u00e9sultat est tellement &#8220;stup\u00e9fiant&#8221; qu&#8217;il d\u00e9tourne les clients des dealers locaux et cr\u00e9e de l&#8217;excitation parmi les clients.<br \/>\nUn op\u00e9ra comique bas\u00e9 sur cette &#8220;Marie Jeanne&#8221; \u00e9galement mentionn\u00e9e dans une c\u00e9l\u00e8bre chanson italienne de Articolo 31.<\/p>\n","protected":false},"featured_media":8169,"comment_status":"open","ping_status":"closed","template":"","meta":[],"product_brand":[],"product_cat":[336,128],"product_tag":[542,748,786],"class_list":{"0":"post-11422","1":"product","2":"type-product","3":"status-publish","4":"has-post-thumbnail","6":"product_cat-jean-pierre-martinez-fr","7":"product_cat-scenarios","8":"product_tag-copioni-teatrali-fr","9":"product_tag-jean-pierre-martinez-fr","10":"product_tag-miracolo-nel-convento-fr","12":"first","13":"instock","14":"virtual","15":"product-type-simple"},"_links":{"self":[{"href":"https:\/\/stage.annamariamartinolli.it\/fr\/wp-json\/wp\/v2\/product\/11422","targetHints":{"allow":["GET"]}}],"collection":[{"href":"https:\/\/stage.annamariamartinolli.it\/fr\/wp-json\/wp\/v2\/product"}],"about":[{"href":"https:\/\/stage.annamariamartinolli.it\/fr\/wp-json\/wp\/v2\/types\/product"}],"replies":[{"embeddable":true,"href":"https:\/\/stage.annamariamartinolli.it\/fr\/wp-json\/wp\/v2\/comments?post=11422"}],"wp:featuredmedia":[{"embeddable":true,"href":"https:\/\/stage.annamariamartinolli.it\/fr\/wp-json\/wp\/v2\/media\/8169"}],"wp:attachment":[{"href":"https:\/\/stage.annamariamartinolli.it\/fr\/wp-json\/wp\/v2\/media?parent=11422"}],"wp:term":[{"taxonomy":"product_brand","embeddable":true,"href":"https:\/\/stage.annamariamartinolli.it\/fr\/wp-json\/wp\/v2\/product_brand?post=11422"},{"taxonomy":"product_cat","embeddable":true,"href":"https:\/\/stage.annamariamartinolli.it\/fr\/wp-json\/wp\/v2\/product_cat?post=11422"},{"taxonomy":"product_tag","embeddable":true,"href":"https:\/\/stage.annamariamartinolli.it\/fr\/wp-json\/wp\/v2\/product_tag?post=11422"}],"curies":[{"name":"wp","href":"https:\/\/api.w.org\/{rel}","templated":true}]}}