{"id":11390,"date":"2022-12-09T14:07:12","date_gmt":"2022-12-09T13:07:12","guid":{"rendered":"http:\/\/stage.annamariamartinolli.it\/?post_type=product&#038;p=11390"},"modified":"2022-12-09T14:31:00","modified_gmt":"2022-12-09T13:31:00","slug":"un-drammaturgo-sullorlo-di-una-crisi-di-nervi","status":"publish","type":"product","link":"https:\/\/stage.annamariamartinolli.it\/fr\/librairie\/scenarios\/jean-pierre-martinez-fr\/un-drammaturgo-sullorlo-di-una-crisi-di-nervi\/","title":{"rendered":"Un drammaturgo sull&#8217;orlo di una crisi di nervi"},"content":{"rendered":"<p>Acte unique, deux personnages: un homme et une femme. <strong>Le texte est en langue italienne.<\/strong><\/p>\n<div  class='avia-button-wrap av-2xoi0b-fe74c81c2126073563ec777cd34e66e2-wrap avia-button-left  avia-builder-el-0  avia-builder-el-no-sibling '><a href='http:\/\/stage.annamariamartinolli.it\/wp-content\/uploads\/2022\/12\/drammaturgo.pdf'  class='avia-button av-2xoi0b-fe74c81c2126073563ec777cd34e66e2 av-link-btn avia-icon_select-yes-left-icon avia-size-large avia-position-left avia-color-theme-color'   aria-label=\"T\u00e9l\u00e9chargez PDF\"><span class='avia_button_icon avia_button_icon_left avia-iconfont avia-font-entypo-fontello' data-av_icon='\ue836' data-av_iconfont='entypo-fontello' ><\/span><span class='avia_iconbox_title' >T\u00e9l\u00e9chargez PDF<\/span><\/a><\/div>\n","protected":false},"excerpt":{"rendered":"<p>Un dramaturge \u00e0 succ\u00e8s ne trouve plus l&#8217;inspiration pour \u00e9crire une nouvelle pi\u00e8ce. Un jour, il re\u00e7oit la visite d&#8217;une journaliste qui dit vouloir l&#8217;interviewer afin que le public puisse red\u00e9couvrir son \u0153uvre. Un dialogue amusant s&#8217;instaure entre eux, qui am\u00e8nera l&#8217;homme \u00e0 d\u00e9couvrir les v\u00e9ritables intentions de la femme et \u00e0 s&#8217;embarquer avec elle dans une aventure qui n&#8217;est gu\u00e8re promise au succ\u00e8s mais certainement hilarante.<\/p>\n","protected":false},"featured_media":8169,"comment_status":"open","ping_status":"closed","template":"","meta":[],"product_brand":[],"product_cat":[336,128],"product_tag":[542,748,782],"class_list":{"0":"post-11390","1":"product","2":"type-product","3":"status-publish","4":"has-post-thumbnail","6":"product_cat-jean-pierre-martinez-fr","7":"product_cat-scenarios","8":"product_tag-copioni-teatrali-fr","9":"product_tag-jean-pierre-martinez-fr","10":"product_tag-un-drammaturgo-sullorlo-di-una-crisi-di-nervi-fr","12":"first","13":"instock","14":"virtual","15":"product-type-simple"},"_links":{"self":[{"href":"https:\/\/stage.annamariamartinolli.it\/fr\/wp-json\/wp\/v2\/product\/11390","targetHints":{"allow":["GET"]}}],"collection":[{"href":"https:\/\/stage.annamariamartinolli.it\/fr\/wp-json\/wp\/v2\/product"}],"about":[{"href":"https:\/\/stage.annamariamartinolli.it\/fr\/wp-json\/wp\/v2\/types\/product"}],"replies":[{"embeddable":true,"href":"https:\/\/stage.annamariamartinolli.it\/fr\/wp-json\/wp\/v2\/comments?post=11390"}],"wp:featuredmedia":[{"embeddable":true,"href":"https:\/\/stage.annamariamartinolli.it\/fr\/wp-json\/wp\/v2\/media\/8169"}],"wp:attachment":[{"href":"https:\/\/stage.annamariamartinolli.it\/fr\/wp-json\/wp\/v2\/media?parent=11390"}],"wp:term":[{"taxonomy":"product_brand","embeddable":true,"href":"https:\/\/stage.annamariamartinolli.it\/fr\/wp-json\/wp\/v2\/product_brand?post=11390"},{"taxonomy":"product_cat","embeddable":true,"href":"https:\/\/stage.annamariamartinolli.it\/fr\/wp-json\/wp\/v2\/product_cat?post=11390"},{"taxonomy":"product_tag","embeddable":true,"href":"https:\/\/stage.annamariamartinolli.it\/fr\/wp-json\/wp\/v2\/product_tag?post=11390"}],"curies":[{"name":"wp","href":"https:\/\/api.w.org\/{rel}","templated":true}]}}