{"id":11280,"date":"2022-10-17T14:49:51","date_gmt":"2022-10-17T12:49:51","guid":{"rendered":"http:\/\/stage.annamariamartinolli.it\/?post_type=product&#038;p=11280"},"modified":"2022-10-17T15:05:14","modified_gmt":"2022-10-17T13:05:14","slug":"prognosi-riservata","status":"publish","type":"product","link":"https:\/\/stage.annamariamartinolli.it\/fr\/librairie\/scenarios\/jean-pierre-martinez-fr\/prognosi-riservata\/","title":{"rendered":"Prognosi riservata"},"content":{"rendered":"<p>Com\u00e9die en un acte, six personnages: six femmes. <strong>Le sc\u00e9nario est en langue italienne.<\/strong><\/p>\n<div  class='avia-button-wrap av-2xoi0b-e6634b69346a029b05620e4f257e5b48-wrap avia-button-left  avia-builder-el-0  avia-builder-el-no-sibling '><a href='http:\/\/stage.annamariamartinolli.it\/wp-content\/uploads\/2022\/10\/prognosiriservata.pdf'  class='avia-button av-2xoi0b-e6634b69346a029b05620e4f257e5b48 av-link-btn avia-icon_select-yes-left-icon avia-size-large avia-position-left avia-color-theme-color'   aria-label=\"T\u00e9l\u00e9chargez PDF\"><span class='avia_button_icon avia_button_icon_left avia-iconfont avia-font-entypo-fontello' data-av_icon='\ue836' data-av_iconfont='entypo-fontello' ><\/span><span class='avia_iconbox_title' >T\u00e9l\u00e9chargez PDF<\/span><\/a><\/div>\n","protected":false},"excerpt":{"rendered":"<p>La Dr Malamorte et l&#8217;infirmi\u00e8re Gioia envisagent d&#8217;ouvrir une clinique priv\u00e9e. Teresa et Luisa sont des s\u0153urs qui ne se sont pas vues depuis des ann\u00e9es et qui avaient de mauvaises relations m\u00eame avec leur fr\u00e8re. Giovanna est \u00e0 la recherche d&#8217;un butin disparu. La commissaire Sanchez veut attraper deux voleurs qui viennent de d\u00e9valiser une banque. Giacomo, dans le coma, sait o\u00f9 se trouve le butin et assiste \u00e0 tout depuis son lit d&#8217;h\u00f4pital, pr\u00eat \u00e0 r\u00e9server bien des surprises malgr\u00e9 son immobilit\u00e9. Une com\u00e9die dr\u00f4le o\u00f9 les apparences sont trompeuses.<\/p>\n","protected":false},"featured_media":8169,"comment_status":"open","ping_status":"closed","template":"","meta":[],"product_brand":[],"product_cat":[336,128],"product_tag":[542,748,753],"class_list":{"0":"post-11280","1":"product","2":"type-product","3":"status-publish","4":"has-post-thumbnail","6":"product_cat-jean-pierre-martinez-fr","7":"product_cat-scenarios","8":"product_tag-copioni-teatrali-fr","9":"product_tag-jean-pierre-martinez-fr","10":"product_tag-prognosi-riservata-fr","12":"first","13":"instock","14":"virtual","15":"product-type-simple"},"_links":{"self":[{"href":"https:\/\/stage.annamariamartinolli.it\/fr\/wp-json\/wp\/v2\/product\/11280","targetHints":{"allow":["GET"]}}],"collection":[{"href":"https:\/\/stage.annamariamartinolli.it\/fr\/wp-json\/wp\/v2\/product"}],"about":[{"href":"https:\/\/stage.annamariamartinolli.it\/fr\/wp-json\/wp\/v2\/types\/product"}],"replies":[{"embeddable":true,"href":"https:\/\/stage.annamariamartinolli.it\/fr\/wp-json\/wp\/v2\/comments?post=11280"}],"wp:featuredmedia":[{"embeddable":true,"href":"https:\/\/stage.annamariamartinolli.it\/fr\/wp-json\/wp\/v2\/media\/8169"}],"wp:attachment":[{"href":"https:\/\/stage.annamariamartinolli.it\/fr\/wp-json\/wp\/v2\/media?parent=11280"}],"wp:term":[{"taxonomy":"product_brand","embeddable":true,"href":"https:\/\/stage.annamariamartinolli.it\/fr\/wp-json\/wp\/v2\/product_brand?post=11280"},{"taxonomy":"product_cat","embeddable":true,"href":"https:\/\/stage.annamariamartinolli.it\/fr\/wp-json\/wp\/v2\/product_cat?post=11280"},{"taxonomy":"product_tag","embeddable":true,"href":"https:\/\/stage.annamariamartinolli.it\/fr\/wp-json\/wp\/v2\/product_tag?post=11280"}],"curies":[{"name":"wp","href":"https:\/\/api.w.org\/{rel}","templated":true}]}}