{"id":11268,"date":"2022-10-17T14:24:59","date_gmt":"2022-10-17T12:24:59","guid":{"rendered":"http:\/\/stage.annamariamartinolli.it\/?post_type=product&#038;p=11268"},"modified":"2022-10-17T14:45:57","modified_gmt":"2022-10-17T12:45:57","slug":"un-piccolo-omicidio-senza-conseguenze","status":"publish","type":"product","link":"https:\/\/stage.annamariamartinolli.it\/fr\/librairie\/scenarios\/jean-pierre-martinez-fr\/un-piccolo-omicidio-senza-conseguenze\/","title":{"rendered":"Un piccolo omicidio senza conseguenze"},"content":{"rendered":"<p>Com\u00e9die en trois actes, trois personnages: un homme et deux femmes. <strong>Le sc\u00e9nario est en langue italienne.<\/strong><\/p>\n<div  class='avia-button-wrap av-2xoi0b-09cff1ddf2ea0917902a783cd86e7e5a-wrap avia-button-left  avia-builder-el-0  avia-builder-el-no-sibling '><a href='http:\/\/stage.annamariamartinolli.it\/wp-content\/uploads\/2022\/10\/unpiccoloomicidio.pdf'  class='avia-button av-2xoi0b-09cff1ddf2ea0917902a783cd86e7e5a av-link-btn avia-icon_select-yes-left-icon avia-size-large avia-position-left avia-color-theme-color'   aria-label=\"T\u00e9l\u00e9chargez PDF\"><span class='avia_button_icon avia_button_icon_left avia-iconfont avia-font-entypo-fontello' data-av_icon='\ue836' data-av_iconfont='entypo-fontello' ><\/span><span class='avia_iconbox_title' >T\u00e9l\u00e9chargez PDF<\/span><\/a><\/div>\n","protected":false},"excerpt":{"rendered":"<p>La vie familiale tranquille d&#8217;une avocate \u00e0 succ\u00e8s et de son mari dramaturge est boulevers\u00e9e par un meurtre involontaire commis par ce dernier \u00e0 la suite d&#8217;une dispute. Elle, en revanche, a commis un adult\u00e8re involontaire avec le meilleur ami que son mari vient d&#8217;assassiner. Pour compliquer les choses, la femme du d\u00e9funt se pr\u00e9sente chez le couple apr\u00e8s avoir d\u00e9couvert la trahison de son mari. Une com\u00e9die hilarante de crime, de trahison et de sanglier.<\/p>\n","protected":false},"featured_media":8169,"comment_status":"open","ping_status":"closed","template":"","meta":[],"product_brand":[],"product_cat":[336,128],"product_tag":[542,748,749],"class_list":{"0":"post-11268","1":"product","2":"type-product","3":"status-publish","4":"has-post-thumbnail","6":"product_cat-jean-pierre-martinez-fr","7":"product_cat-scenarios","8":"product_tag-copioni-teatrali-fr","9":"product_tag-jean-pierre-martinez-fr","10":"product_tag-un-piccolo-omicidio-fr","12":"first","13":"instock","14":"virtual","15":"product-type-simple"},"_links":{"self":[{"href":"https:\/\/stage.annamariamartinolli.it\/fr\/wp-json\/wp\/v2\/product\/11268","targetHints":{"allow":["GET"]}}],"collection":[{"href":"https:\/\/stage.annamariamartinolli.it\/fr\/wp-json\/wp\/v2\/product"}],"about":[{"href":"https:\/\/stage.annamariamartinolli.it\/fr\/wp-json\/wp\/v2\/types\/product"}],"replies":[{"embeddable":true,"href":"https:\/\/stage.annamariamartinolli.it\/fr\/wp-json\/wp\/v2\/comments?post=11268"}],"wp:featuredmedia":[{"embeddable":true,"href":"https:\/\/stage.annamariamartinolli.it\/fr\/wp-json\/wp\/v2\/media\/8169"}],"wp:attachment":[{"href":"https:\/\/stage.annamariamartinolli.it\/fr\/wp-json\/wp\/v2\/media?parent=11268"}],"wp:term":[{"taxonomy":"product_brand","embeddable":true,"href":"https:\/\/stage.annamariamartinolli.it\/fr\/wp-json\/wp\/v2\/product_brand?post=11268"},{"taxonomy":"product_cat","embeddable":true,"href":"https:\/\/stage.annamariamartinolli.it\/fr\/wp-json\/wp\/v2\/product_cat?post=11268"},{"taxonomy":"product_tag","embeddable":true,"href":"https:\/\/stage.annamariamartinolli.it\/fr\/wp-json\/wp\/v2\/product_tag?post=11268"}],"curies":[{"name":"wp","href":"https:\/\/api.w.org\/{rel}","templated":true}]}}