{"id":11254,"date":"2022-10-07T15:21:40","date_gmt":"2022-10-07T13:21:40","guid":{"rendered":"http:\/\/stage.annamariamartinolli.it\/?post_type=product&#038;p=11254"},"modified":"2022-10-07T15:55:17","modified_gmt":"2022-10-07T13:55:17","slug":"flagrante-delirio","status":"publish","type":"product","link":"https:\/\/stage.annamariamartinolli.it\/fr\/librairie\/scenarios\/jean-pierre-martinez-fr\/flagrante-delirio\/","title":{"rendered":"Flagrante delirio"},"content":{"rendered":"<p>Com\u00e9die en cinq actes, six personnages: trois hommes et trois femmes. Distribution facilement adaptable aux besoins de toute compagnie th\u00e9\u00e2trale. <strong>Le texte est en langue italienne.<\/strong><\/p>\n<div  class='avia-button-wrap av-2xoi0b-dfedd92952b85c6e21b9a39059d8ad33-wrap avia-button-left  avia-builder-el-0  avia-builder-el-no-sibling '><a href='http:\/\/stage.annamariamartinolli.it\/wp-content\/uploads\/2022\/10\/flagrante-delirio.pdf'  class='avia-button av-2xoi0b-dfedd92952b85c6e21b9a39059d8ad33 av-link-btn avia-icon_select-yes-left-icon avia-size-large avia-position-left avia-color-theme-color'   aria-label=\"T\u00e9l\u00e9chargez PDF\"><span class='avia_button_icon avia_button_icon_left avia-iconfont avia-font-entypo-fontello' data-av_icon='\ue836' data-av_iconfont='entypo-fontello' ><\/span><span class='avia_iconbox_title' >T\u00e9l\u00e9chargez PDF<\/span><\/a><\/div>\n","protected":false},"excerpt":{"rendered":"<p>Dans un commissariat \u00e0 l&#8217;ancienne, o\u00f9 les policiers ont des noms de famille adapt\u00e9s \u00e0 leur personnalit\u00e9, ils sont aux prises avec une affaire myst\u00e9rieuse impliquant une baronne ex-star du porno et un baron enferm\u00e9 depuis de trop nombreuses heures dans un sauna, scell\u00e9 avec Super Attack.<br \/>\nNos h\u00e9ros parviendront-ils \u00e0 r\u00e9soudre l&#8217;\u00e9nigme sans perdre trop la face ? Une com\u00e9die polici\u00e8re hilarante de Jean-Pierre Martinez, d\u00e9j\u00e0 mise en sc\u00e8ne avec succ\u00e8s en France.<\/p>\n","protected":false},"featured_media":8169,"comment_status":"open","ping_status":"closed","template":"","meta":[],"product_brand":[],"product_cat":[336,128],"product_tag":[542,748],"class_list":{"0":"post-11254","1":"product","2":"type-product","3":"status-publish","4":"has-post-thumbnail","6":"product_cat-jean-pierre-martinez-fr","7":"product_cat-scenarios","8":"product_tag-copioni-teatrali-fr","9":"product_tag-jean-pierre-martinez-fr","11":"first","12":"instock","13":"virtual","14":"product-type-simple"},"_links":{"self":[{"href":"https:\/\/stage.annamariamartinolli.it\/fr\/wp-json\/wp\/v2\/product\/11254","targetHints":{"allow":["GET"]}}],"collection":[{"href":"https:\/\/stage.annamariamartinolli.it\/fr\/wp-json\/wp\/v2\/product"}],"about":[{"href":"https:\/\/stage.annamariamartinolli.it\/fr\/wp-json\/wp\/v2\/types\/product"}],"replies":[{"embeddable":true,"href":"https:\/\/stage.annamariamartinolli.it\/fr\/wp-json\/wp\/v2\/comments?post=11254"}],"wp:featuredmedia":[{"embeddable":true,"href":"https:\/\/stage.annamariamartinolli.it\/fr\/wp-json\/wp\/v2\/media\/8169"}],"wp:attachment":[{"href":"https:\/\/stage.annamariamartinolli.it\/fr\/wp-json\/wp\/v2\/media?parent=11254"}],"wp:term":[{"taxonomy":"product_brand","embeddable":true,"href":"https:\/\/stage.annamariamartinolli.it\/fr\/wp-json\/wp\/v2\/product_brand?post=11254"},{"taxonomy":"product_cat","embeddable":true,"href":"https:\/\/stage.annamariamartinolli.it\/fr\/wp-json\/wp\/v2\/product_cat?post=11254"},{"taxonomy":"product_tag","embeddable":true,"href":"https:\/\/stage.annamariamartinolli.it\/fr\/wp-json\/wp\/v2\/product_tag?post=11254"}],"curies":[{"name":"wp","href":"https:\/\/api.w.org\/{rel}","templated":true}]}}