{"id":11008,"date":"2022-06-06T15:16:23","date_gmt":"2022-06-06T13:16:23","guid":{"rendered":"http:\/\/stage.annamariamartinolli.it\/?post_type=product&#038;p=11008"},"modified":"2022-06-06T15:54:40","modified_gmt":"2022-06-06T13:54:40","slug":"selezione-naturale","status":"publish","type":"product","link":"https:\/\/stage.annamariamartinolli.it\/fr\/librairie\/scenarios\/selezione-naturale\/","title":{"rendered":"Selezione naturale"},"content":{"rendered":"<p>Com\u00e9die en trois actes, trois personnages: trois hommes. Pour toute repr\u00e9sentation, veuillez contacter l\u2019auteur au moins trois \u00e0 quatre mois \u00e0 l\u2019avance car les \u0153uvres sont prot\u00e9g\u00e9es par la Soci\u00e9t\u00e9 Italienne des Auteurs et \u00c9diteurs. <strong>Le sc\u00e9nario est en langue italienne.<\/strong><\/p>\n<div  class='avia-button-wrap av-2xoi0b-0429271f56a25ed29dc7de88202be2fd-wrap avia-button-left  avia-builder-el-0  avia-builder-el-no-sibling '><a href='http:\/\/stage.annamariamartinolli.it\/fr\/contacts\/'  class='avia-button av-2xoi0b-0429271f56a25ed29dc7de88202be2fd av-link-btn avia-icon_select-yes-left-icon avia-size-large avia-position-left avia-color-theme-color'   aria-label=\"Contactez-moi\"><span class='avia_button_icon avia_button_icon_left avia-iconfont avia-font-entypo-fontello' data-av_icon='\ue836' data-av_iconfont='entypo-fontello' ><\/span><span class='avia_iconbox_title' >Contactez-moi<\/span><\/a><\/div>\n","protected":false},"excerpt":{"rendered":"<p>Le c\u00e9l\u00e8bre chanteur Eric se pr\u00e9pare \u00e0 une interview dans une cave. Apr\u00e8s les premi\u00e8res r\u00e9ponses banales, il d\u00e9couvre que les apparences sont trompeuses et que ses interlocuteurs ont des intentions \u00e0 son \u00e9gard qui sont tout sauf agr\u00e9ables. Avec seulement trois personnages dans un huis clos engag\u00e9s dans un jeu de massacre, l&#8217;auteur cr\u00e9e une pi\u00e8ce o\u00f9 l&#8217;on s&#8217;interroge, entre com\u00e9die et drame, sur l&#8217;avanc\u00e9e de la b\u00eatise humaine, la perte des valeurs, l&#8217;argent facile, le manque de culture et l&#8217;exasp\u00e9ration que l&#8217;on peut atteindre quand on est pouss\u00e9 \u00e0 l&#8217;extr\u00eame.<br \/>\nLe texte a remport\u00e9 le prix Ciutat de Manacor de Teatro Jaume Vidal i Alcover en 2015. L&#8217;auteur a \u00e9t\u00e9 l&#8217;\u00e9l\u00e8ve de Jordi Galcer\u00e1n.<\/p>\n[av_toggle_container initial='0' mode='accordion' sort='' styling='' colors='' font_color='' background_color='' border_color='' colors_current='' font_color_current='' background_current='' background_color_current='' background_gradient_current_color1='' background_gradient_current_color2='' background_gradient_current_direction='vertical' hover_colors='' hover_background_color='' hover_font_color='' alb_description='' id='' custom_class='' av_uid='']<br \/>\n[av_toggle title='Formulaire de demande pour un sc\u00e9nario de th\u00e9\u00e2tre traduit en langue italienne' tags='' custom_id='']<br \/>\n[gravityform id=\"4\" title=\"false\" description=\"false\" ajax=\"true\"]<br \/>\n[\/av_toggle]<\/p>\n<p>[\/av_toggle_container]\n","protected":false},"featured_media":12345,"comment_status":"open","ping_status":"closed","template":"","meta":[],"product_brand":[],"product_cat":[128,705],"product_tag":[706],"class_list":{"0":"post-11008","1":"product","2":"type-product","3":"status-publish","4":"has-post-thumbnail","6":"product_cat-scenarios","7":"product_cat-xavi-morato-fr-2","8":"product_tag-xavi-morato-fr-2","10":"first","11":"instock","12":"virtual","13":"product-type-simple"},"_links":{"self":[{"href":"https:\/\/stage.annamariamartinolli.it\/fr\/wp-json\/wp\/v2\/product\/11008","targetHints":{"allow":["GET"]}}],"collection":[{"href":"https:\/\/stage.annamariamartinolli.it\/fr\/wp-json\/wp\/v2\/product"}],"about":[{"href":"https:\/\/stage.annamariamartinolli.it\/fr\/wp-json\/wp\/v2\/types\/product"}],"replies":[{"embeddable":true,"href":"https:\/\/stage.annamariamartinolli.it\/fr\/wp-json\/wp\/v2\/comments?post=11008"}],"wp:featuredmedia":[{"embeddable":true,"href":"https:\/\/stage.annamariamartinolli.it\/fr\/wp-json\/wp\/v2\/media\/12345"}],"wp:attachment":[{"href":"https:\/\/stage.annamariamartinolli.it\/fr\/wp-json\/wp\/v2\/media?parent=11008"}],"wp:term":[{"taxonomy":"product_brand","embeddable":true,"href":"https:\/\/stage.annamariamartinolli.it\/fr\/wp-json\/wp\/v2\/product_brand?post=11008"},{"taxonomy":"product_cat","embeddable":true,"href":"https:\/\/stage.annamariamartinolli.it\/fr\/wp-json\/wp\/v2\/product_cat?post=11008"},{"taxonomy":"product_tag","embeddable":true,"href":"https:\/\/stage.annamariamartinolli.it\/fr\/wp-json\/wp\/v2\/product_tag?post=11008"}],"curies":[{"name":"wp","href":"https:\/\/api.w.org\/{rel}","templated":true}]}}